{"id":11,"date":"2021-06-28T08:38:13","date_gmt":"2021-06-28T08:38:13","guid":{"rendered":"https:\/\/www.helpinghands.ch\/?page_id=11"},"modified":"2023-11-16T12:59:17","modified_gmt":"2023-11-16T12:59:17","slug":"afrika-camps-in-burkina-faso","status":"publish","type":"page","link":"https:\/\/www.helpinghands.ch\/?page_id=11","title":{"rendered":"Kinder- und Jugend Camps in Burkina Faso"},"content":{"rendered":"\n<p>2015 haben mich Verantwortliche der \u00ab\u00c9glise Apostolique\u00bb Burkina Faso um Hilfe f\u00fcr den Aufbau von Strukturen f\u00fcr die Arbeit unter Kindern, Teenager und Jugendlichen in den D\u00f6rfern abseits der Hauptstadt gebeten. Im Jahr darauf haben wir im Norden des Landes eine Schulungswoche mit einem anschliessenden Camp mit fast 300 Kindern durchgef\u00fchrt. Das hat bei den jungen Leiterinnen und Leitern eine solche Begeisterung ausgel\u00f6st, dass seitdem laufend Wochenend- und Wochencamps durchgef\u00fchrt werden. Wir arbeiten nun daran, dass die Kinder w\u00e4hrend der Gottesdienste in den Gemeinden nicht nur 2-3 Stunden still dasitzen, sondern die Geschichten der Bibel h\u00f6ren und ihnen christliche Werte vermittelt werden, kreatives Bibelverslernen inbegriffen. Diese Kinder und Jugendlichen sollen auch in 15 Jahren noch in diese Kirchen gehen und ihren eigenen Kindern diese Werte weiter vermitteln.<\/p>\n\n\n\n<p><\/p>\n\n\n\n<figure class=\"wp-block-image size-large\"><img fetchpriority=\"high\" decoding=\"async\" width=\"999\" height=\"754\" src=\"https:\/\/www.helpinghands.ch\/wp-content\/uploads\/2021\/06\/afrika_camps_01_2021.png\" alt=\"\" class=\"wp-image-13\" srcset=\"https:\/\/www.helpinghands.ch\/wp-content\/uploads\/2021\/06\/afrika_camps_01_2021.png 999w, https:\/\/www.helpinghands.ch\/wp-content\/uploads\/2021\/06\/afrika_camps_01_2021-300x226.png 300w, https:\/\/www.helpinghands.ch\/wp-content\/uploads\/2021\/06\/afrika_camps_01_2021-768x580.png 768w, https:\/\/www.helpinghands.ch\/wp-content\/uploads\/2021\/06\/afrika_camps_01_2021-800x604.png 800w\" sizes=\"(max-width: 999px) 100vw, 999px\" \/><\/figure>\n\n\n\n<hr class=\"wp-block-separator has-alpha-channel-opacity is-style-dots\"\/>\n\n\n<div class=\"wp-block-image\">\n<figure class=\"aligncenter size-full is-resized\"><img decoding=\"async\" width=\"360\" height=\"360\" src=\"https:\/\/www.helpinghands.ch\/wp-content\/uploads\/2023\/11\/Spenden_Icon_blau2-5.png\" alt=\"\" class=\"wp-image-679\" style=\"width:120px\" srcset=\"https:\/\/www.helpinghands.ch\/wp-content\/uploads\/2023\/11\/Spenden_Icon_blau2-5.png 360w, https:\/\/www.helpinghands.ch\/wp-content\/uploads\/2023\/11\/Spenden_Icon_blau2-5-300x300.png 300w, https:\/\/www.helpinghands.ch\/wp-content\/uploads\/2023\/11\/Spenden_Icon_blau2-5-150x150.png 150w\" sizes=\"(max-width: 360px) 100vw, 360px\" \/><\/figure>\n<\/div>\n\n\n<h2 class=\"wp-block-heading has-text-align-center\">Spenden<\/h2>\n\n\n\n<figure class=\"wp-block-table is-style-regular\"><table class=\"has-white-background-color has-background has-fixed-layout\"><thead><tr><th class=\"has-text-align-center\" data-align=\"center\">01 Spende Africa Camps \/ J\u00fcrg Fivian<\/th><\/tr><\/thead><tbody><tr><td class=\"has-text-align-center\" data-align=\"center\"><img decoding=\"async\" src=\"https:\/\/www.helpinghands.ch\/wp-content\/uploads\/2023\/11\/SwissQR-QR-Code_01-Africa-Camps-Neuspender.jpg\" alt=\"\" style=\"width: 200px;\"><\/td><\/tr><\/tbody><\/table><figcaption class=\"wp-element-caption\">Schweizer QR-Code f\u00fcr E-Banking<\/figcaption><\/figure>\n","protected":false},"excerpt":{"rendered":"<p>2015 haben mich Verantwortliche der \u00ab\u00c9glise Apostolique\u00bb Burkina Faso um Hilfe f\u00fcr den Aufbau von Strukturen f\u00fcr die Arbeit unter Kindern, Teenager und Jugendlichen in den D\u00f6rfern abseits der Hauptstadt &#8230;<\/p>\n","protected":false},"author":2,"featured_media":0,"parent":0,"menu_order":0,"comment_status":"closed","ping_status":"closed","template":"","meta":{"footnotes":""},"class_list":["post-11","page","type-page","status-publish","hentry"],"_links":{"self":[{"href":"https:\/\/www.helpinghands.ch\/index.php?rest_route=\/wp\/v2\/pages\/11","targetHints":{"allow":["GET"]}}],"collection":[{"href":"https:\/\/www.helpinghands.ch\/index.php?rest_route=\/wp\/v2\/pages"}],"about":[{"href":"https:\/\/www.helpinghands.ch\/index.php?rest_route=\/wp\/v2\/types\/page"}],"author":[{"embeddable":true,"href":"https:\/\/www.helpinghands.ch\/index.php?rest_route=\/wp\/v2\/users\/2"}],"replies":[{"embeddable":true,"href":"https:\/\/www.helpinghands.ch\/index.php?rest_route=%2Fwp%2Fv2%2Fcomments&post=11"}],"version-history":[{"count":8,"href":"https:\/\/www.helpinghands.ch\/index.php?rest_route=\/wp\/v2\/pages\/11\/revisions"}],"predecessor-version":[{"id":683,"href":"https:\/\/www.helpinghands.ch\/index.php?rest_route=\/wp\/v2\/pages\/11\/revisions\/683"}],"wp:attachment":[{"href":"https:\/\/www.helpinghands.ch\/index.php?rest_route=%2Fwp%2Fv2%2Fmedia&parent=11"}],"curies":[{"name":"wp","href":"https:\/\/api.w.org\/{rel}","templated":true}]}}