{"id":117,"date":"2021-08-06T20:30:59","date_gmt":"2021-08-06T20:30:59","guid":{"rendered":"https:\/\/www.helpinghands.ch\/?page_id=117"},"modified":"2023-11-16T13:17:31","modified_gmt":"2023-11-16T13:17:31","slug":"missaoresgate","status":"publish","type":"page","link":"https:\/\/www.helpinghands.ch\/?page_id=117","title":{"rendered":"Miss\u00e3o Resgate"},"content":{"rendered":"\n<p>Emerson und Esther Veloso-Z\u00fcrcher berichten<\/p>\n\n\n\n<p>Der Umzug von \u00abMiss\u00e3o Resgate\u00bb im August 2020 ist ein wichtiger Markstein in ihrer Geschichte. Die M\u00f6glichkeit, das neue Gel\u00e4nde zu mieten zeigte uns einmal mehr, wie gut Gott uns versorgt und dass ihm nichts unm\u00f6glich ist. Mit dem Umzug folgte die Herausforderung, ab sofort ein 71&#8217;000 Quadratmeter grosses Gel\u00e4nde zu pflegen. Die Reinigung des \u00fcberwachsenen, zum Gel\u00e4nde geh\u00f6renden Sees, die Renovation der Wohnh\u00e4user, das t\u00e4gliche Trimmen der in die H\u00f6he spriessenden Gr\u00e4ser und Unkr\u00e4uter und weitere Umgebungsarbeiten halten uns auf Trab.<\/p>\n\n\n\n<figure class=\"wp-block-image size-full\"><img fetchpriority=\"high\" decoding=\"async\" width=\"521\" height=\"688\" src=\"https:\/\/www.helpinghands.ch\/wp-content\/uploads\/2021\/08\/MissaoResgate_2021_01.png\" alt=\"\" class=\"wp-image-118\" srcset=\"https:\/\/www.helpinghands.ch\/wp-content\/uploads\/2021\/08\/MissaoResgate_2021_01.png 521w, https:\/\/www.helpinghands.ch\/wp-content\/uploads\/2021\/08\/MissaoResgate_2021_01-227x300.png 227w\" sizes=\"(max-width: 521px) 100vw, 521px\" \/><\/figure>\n\n\n\n<p> <\/p>\n\n\n\n<figure class=\"wp-block-image size-full\"><img decoding=\"async\" width=\"688\" height=\"506\" src=\"https:\/\/www.helpinghands.ch\/wp-content\/uploads\/2021\/08\/MissaoResgate_2021_02.png\" alt=\"\" class=\"wp-image-119\" srcset=\"https:\/\/www.helpinghands.ch\/wp-content\/uploads\/2021\/08\/MissaoResgate_2021_02.png 688w, https:\/\/www.helpinghands.ch\/wp-content\/uploads\/2021\/08\/MissaoResgate_2021_02-300x221.png 300w\" sizes=\"(max-width: 688px) 100vw, 688px\" \/><\/figure>\n\n\n\n<p> <\/p>\n\n\n\n<figure class=\"wp-block-image size-full\"><img decoding=\"async\" width=\"660\" height=\"665\" src=\"https:\/\/www.helpinghands.ch\/wp-content\/uploads\/2021\/08\/MissaoResgate_2021_03.png\" alt=\"\" class=\"wp-image-120\" srcset=\"https:\/\/www.helpinghands.ch\/wp-content\/uploads\/2021\/08\/MissaoResgate_2021_03.png 660w, https:\/\/www.helpinghands.ch\/wp-content\/uploads\/2021\/08\/MissaoResgate_2021_03-298x300.png 298w, https:\/\/www.helpinghands.ch\/wp-content\/uploads\/2021\/08\/MissaoResgate_2021_03-150x150.png 150w\" sizes=\"(max-width: 660px) 100vw, 660px\" \/><\/figure>\n\n\n\n<p>Gleichzeitig galt es die Tagesroutine der Drogenreha an den neuen Ort zu adaptieren und die sich oft ver\u00e4ndernden coronabedingten Massnahmen umzusetzen. Viele Arbeiten im Bereich Gesundheitsf\u00f6rderung und Pr\u00e4vention sind bis heute noch nicht m\u00f6glich, obwohl die Not besonders unter den Jugendlichen gross ist und Freizeitangebote wichtiger scheinen denn je zuvor. Trotzdem \u2013 oder gerade deswegen \u2013 staunen wir dar\u00fcber, was Gott weiterhin tut. Die erfolgreichen Austritte von bereits vier Bewohnern seit dem Umzug, die tiefgehenden Gespr\u00e4che mit den Familien-<br>angeh\u00f6rigen der Rehateilnehmer per Zoom, die neu gewonnene Unterst\u00fctzung durch ein weiteres Pastorenehepaar und vieles mehr erz\u00e4hlen von Gottes Wirken und Walten. In diesem Jahr werden wir weiterhin viel besch\u00e4ftigt sein mit den Renovationsarbeiten, und wir hoffen, mit dem Selbstversorgungsprojekt (Anbau und Verkauf von Gem\u00fcse) starten zu k\u00f6nnen. Wir beten darum, die Pr\u00e4ventionsarbeiten bald wieder aufnehmen zu k\u00f6nnen. In allem w\u00fcnschen wir uns von Herzen, dass Gottes Wille geschieht \u2013 seine Pl\u00e4ne sind immer die besten \u2013 und wir freuen uns auf alles, was noch kommt.<\/p>\n\n\n\n<figure class=\"wp-block-image size-full\"><img loading=\"lazy\" decoding=\"async\" width=\"849\" height=\"442\" src=\"https:\/\/www.helpinghands.ch\/wp-content\/uploads\/2021\/08\/MissaoResgate_2021_04.png\" alt=\"\" class=\"wp-image-121\" srcset=\"https:\/\/www.helpinghands.ch\/wp-content\/uploads\/2021\/08\/MissaoResgate_2021_04.png 849w, https:\/\/www.helpinghands.ch\/wp-content\/uploads\/2021\/08\/MissaoResgate_2021_04-300x156.png 300w, https:\/\/www.helpinghands.ch\/wp-content\/uploads\/2021\/08\/MissaoResgate_2021_04-768x400.png 768w, https:\/\/www.helpinghands.ch\/wp-content\/uploads\/2021\/08\/MissaoResgate_2021_04-800x416.png 800w\" sizes=\"(max-width: 849px) 100vw, 849px\" \/><\/figure>\n\n\n\n<p> <\/p>\n\n\n\n<figure class=\"wp-block-image size-full\"><img loading=\"lazy\" decoding=\"async\" width=\"457\" height=\"638\" src=\"https:\/\/www.helpinghands.ch\/wp-content\/uploads\/2021\/08\/MissaoResgate_2021_05.png\" alt=\"\" class=\"wp-image-122\" srcset=\"https:\/\/www.helpinghands.ch\/wp-content\/uploads\/2021\/08\/MissaoResgate_2021_05.png 457w, https:\/\/www.helpinghands.ch\/wp-content\/uploads\/2021\/08\/MissaoResgate_2021_05-215x300.png 215w\" sizes=\"(max-width: 457px) 100vw, 457px\" \/><\/figure>\n\n\n\n<p><em>Emerson und<br>Esther<\/em><\/p>\n\n\n\n<hr class=\"wp-block-separator has-alpha-channel-opacity is-style-dots\"\/>\n\n\n<div class=\"wp-block-image\">\n<figure class=\"aligncenter size-full is-resized\"><img loading=\"lazy\" decoding=\"async\" width=\"360\" height=\"360\" src=\"https:\/\/www.helpinghands.ch\/wp-content\/uploads\/2023\/08\/Spenden_Icon_blau2.png\" alt=\"\" class=\"wp-image-531\" style=\"width:130px;height:130px\" srcset=\"https:\/\/www.helpinghands.ch\/wp-content\/uploads\/2023\/08\/Spenden_Icon_blau2.png 360w, https:\/\/www.helpinghands.ch\/wp-content\/uploads\/2023\/08\/Spenden_Icon_blau2-300x300.png 300w, https:\/\/www.helpinghands.ch\/wp-content\/uploads\/2023\/08\/Spenden_Icon_blau2-150x150.png 150w\" sizes=\"(max-width: 360px) 100vw, 360px\" \/><\/figure>\n<\/div>\n\n\n<h2 class=\"wp-block-heading has-text-align-center\">Spenden<\/h2>\n\n\n\n<figure class=\"wp-block-table is-style-regular\"><table class=\"has-white-background-color has-background has-fixed-layout\"><thead><tr><th class=\"has-text-align-center\" data-align=\"center\">85 Spende Familie Veloso<\/th><th class=\"has-text-align-center\" data-align=\"center\">86 Projektbezogene Spende Familie Veloso<\/th><\/tr><\/thead><tbody><tr><td class=\"has-text-align-center\" data-align=\"center\"><img loading=\"lazy\" decoding=\"async\" width=\"180\" height=\"189\" src=\"https:\/\/www.helpinghands.ch\/wp-content\/uploads\/2023\/08\/SwissQR-QR-Code_85-Familie-Veloso-Neuspender.jpg\" alt=\"\"><\/td><td class=\"has-text-align-center\" data-align=\"center\"><img loading=\"lazy\" decoding=\"async\" width=\"182\" height=\"179\" src=\"https:\/\/www.helpinghands.ch\/wp-content\/uploads\/2023\/08\/SwissQR-QR-Code_86-Familie-Veloso-Projekte-Neuspender.jpg\" alt=\"\"><\/td><\/tr><\/tbody><\/table><figcaption class=\"wp-element-caption\">Schweizer QR-Code f\u00fcr E-Banking<\/figcaption><\/figure>\n","protected":false},"excerpt":{"rendered":"<p>Emerson und Esther Veloso-Z\u00fcrcher berichten Der Umzug von \u00abMiss\u00e3o Resgate\u00bb im August 2020 ist ein wichtiger Markstein in ihrer Geschichte. Die M\u00f6glichkeit, das neue Gel\u00e4nde zu mieten zeigte uns einmal &#8230;<\/p>\n","protected":false},"author":1,"featured_media":0,"parent":0,"menu_order":0,"comment_status":"closed","ping_status":"closed","template":"","meta":{"footnotes":""},"class_list":["post-117","page","type-page","status-publish","hentry"],"_links":{"self":[{"href":"https:\/\/www.helpinghands.ch\/index.php?rest_route=\/wp\/v2\/pages\/117","targetHints":{"allow":["GET"]}}],"collection":[{"href":"https:\/\/www.helpinghands.ch\/index.php?rest_route=\/wp\/v2\/pages"}],"about":[{"href":"https:\/\/www.helpinghands.ch\/index.php?rest_route=\/wp\/v2\/types\/page"}],"author":[{"embeddable":true,"href":"https:\/\/www.helpinghands.ch\/index.php?rest_route=\/wp\/v2\/users\/1"}],"replies":[{"embeddable":true,"href":"https:\/\/www.helpinghands.ch\/index.php?rest_route=%2Fwp%2Fv2%2Fcomments&post=117"}],"version-history":[{"count":7,"href":"https:\/\/www.helpinghands.ch\/index.php?rest_route=\/wp\/v2\/pages\/117\/revisions"}],"predecessor-version":[{"id":703,"href":"https:\/\/www.helpinghands.ch\/index.php?rest_route=\/wp\/v2\/pages\/117\/revisions\/703"}],"wp:attachment":[{"href":"https:\/\/www.helpinghands.ch\/index.php?rest_route=%2Fwp%2Fv2%2Fmedia&parent=117"}],"curies":[{"name":"wp","href":"https:\/\/api.w.org\/{rel}","templated":true}]}}