{"id":125,"date":"2021-08-07T09:12:18","date_gmt":"2021-08-07T09:12:18","guid":{"rendered":"https:\/\/www.helpinghands.ch\/?page_id=125"},"modified":"2024-05-24T19:00:22","modified_gmt":"2024-05-24T19:00:22","slug":"ruth-palma-manila-lighthouse-christian","status":"publish","type":"page","link":"https:\/\/www.helpinghands.ch\/?page_id=125","title":{"rendered":"Ruth Palma, Manila \u2013 Lighthouse Christian Ministry and Child Care Services"},"content":{"rendered":"\n<figure class=\"wp-block-image size-full\"><img fetchpriority=\"high\" decoding=\"async\" width=\"484\" height=\"730\" src=\"https:\/\/www.helpinghands.ch\/wp-content\/uploads\/2021\/08\/Lighthouse_2021_01.png\" alt=\"\" class=\"wp-image-126\" srcset=\"https:\/\/www.helpinghands.ch\/wp-content\/uploads\/2021\/08\/Lighthouse_2021_01.png 484w, https:\/\/www.helpinghands.ch\/wp-content\/uploads\/2021\/08\/Lighthouse_2021_01-199x300.png 199w\" sizes=\"(max-width: 484px) 100vw, 484px\" \/><\/figure>\n\n\n\n<p>Es war ein ganz spezielles Jahr 2020, auch f\u00fcr Ruth Palma in Tondo (Smokey Mountains), Manila. Mit dem Lockdown Mitte M\u00e4rz 2020 konnte sie die vielen kleinen Kinder nicht mehr unterrichten. Daf\u00fcr kaufte sie Essenspakete und liess diese durch ihre Helfer an die Familien verteilen. Als im Sommer wieder gelockert wurde, kamen die Kinder zur\u00fcck zum<br>Unterricht.<\/p>\n\n\n\n<figure class=\"wp-block-image size-full\"><img decoding=\"async\" width=\"538\" height=\"565\" src=\"https:\/\/www.helpinghands.ch\/wp-content\/uploads\/2021\/08\/Lighthouse_2021_02.png\" alt=\"\" class=\"wp-image-127\" srcset=\"https:\/\/www.helpinghands.ch\/wp-content\/uploads\/2021\/08\/Lighthouse_2021_02.png 538w, https:\/\/www.helpinghands.ch\/wp-content\/uploads\/2021\/08\/Lighthouse_2021_02-286x300.png 286w\" sizes=\"(max-width: 538px) 100vw, 538px\" \/><\/figure>\n\n\n\n<figure class=\"wp-block-image size-full\"><img decoding=\"async\" width=\"689\" height=\"572\" src=\"https:\/\/www.helpinghands.ch\/wp-content\/uploads\/2021\/08\/Lighthouse_2021_03-2.png\" alt=\"\" class=\"wp-image-277\" srcset=\"https:\/\/www.helpinghands.ch\/wp-content\/uploads\/2021\/08\/Lighthouse_2021_03-2.png 689w, https:\/\/www.helpinghands.ch\/wp-content\/uploads\/2021\/08\/Lighthouse_2021_03-2-300x249.png 300w\" sizes=\"(max-width: 689px) 100vw, 689px\" \/><\/figure>\n\n\n\n<p>Leider starb am 23. Oktober 2020 Ruth Palma&#8217;s Ehemann Nemuel im General Hospital in Manila. Er musste zur regelm\u00e4ssigen Dialyse, jedoch wegen der vielen durchgef\u00fchrten Covid-19 Tests mussten sie draussen unter dem Zeltdach warten. Als er endlich an die Reihe zur Dialyse kam, durfte Ruth ihn nicht begleiten. Am n\u00e4chsten Tag erhielt sie den Anruf aus dem Spital, dass ihr Mann gestorben sei. Dies war eine harte Pr\u00fcfung f\u00fcr sie und die Kinder. Dank Gottes Hilfe kann sie wieder arbeiten. Ruth Palma, Manila \u2013 Lighthouse Christian Ministry and Child Care Services Neu erteilt sie Bibelstudium f\u00fcr Eltern morgens, mittags und abends. Sie konnten bereits 32 Menschen taufen. Das Sch\u00f6ne ist, dass ihre Tochter zusammen mit Ehemann und ihren Teenager-Kindern auch in ihrem Dienst mitwirken.<\/p>\n\n\n\n<figure class=\"wp-block-image size-full\"><img loading=\"lazy\" decoding=\"async\" width=\"700\" height=\"433\" src=\"https:\/\/www.helpinghands.ch\/wp-content\/uploads\/2021\/08\/Lighthouse_2021_06.png\" alt=\"\" class=\"wp-image-133\" srcset=\"https:\/\/www.helpinghands.ch\/wp-content\/uploads\/2021\/08\/Lighthouse_2021_06.png 700w, https:\/\/www.helpinghands.ch\/wp-content\/uploads\/2021\/08\/Lighthouse_2021_06-300x186.png 300w\" sizes=\"(max-width: 700px) 100vw, 700px\" \/><\/figure>\n\n\n\n<p>Auf dem ehemaligen Smokey Mountain, dem 30 Meter hohen M\u00fcllberg in Tondo lebten bis vor etwa 12 Jahren Tausende von Menschen. Dann wurde der Berg gewaltsam durch das Milit\u00e4r geschlossen. Nun haben wir bei unserem letzten Besuch 2018 erlebt, dass heute wieder viele Menschen auf dem total \u00fcberwachsenen M\u00fcllberg ihre H\u00fctten aufgebaut haben und hinauf geschleppten M\u00fcll durchsuchen.<\/p>\n\n\n\n<figure class=\"wp-block-image size-full\"><img loading=\"lazy\" decoding=\"async\" width=\"726\" height=\"501\" src=\"https:\/\/www.helpinghands.ch\/wp-content\/uploads\/2021\/08\/Lighthouse_2021_04-1.png\" alt=\"\" class=\"wp-image-131\" srcset=\"https:\/\/www.helpinghands.ch\/wp-content\/uploads\/2021\/08\/Lighthouse_2021_04-1.png 726w, https:\/\/www.helpinghands.ch\/wp-content\/uploads\/2021\/08\/Lighthouse_2021_04-1-300x207.png 300w\" sizes=\"(max-width: 726px) 100vw, 726px\" \/><\/figure>\n\n\n\n<p>Ruth Palma verdient unseren grossen Respekt. Wir sind Ihnen und Gott so dankbar f\u00fcr alle Spenden, die wir an ihr Hilfswerk in Manila weiterleiten d\u00fcrfen. Gott segne Sie!<\/p>\n\n\n\n<figure class=\"wp-block-image size-full\"><img loading=\"lazy\" decoding=\"async\" width=\"474\" height=\"488\" src=\"https:\/\/www.helpinghands.ch\/wp-content\/uploads\/2021\/08\/Lighthouse_2021_05.png\" alt=\"\" class=\"wp-image-132\" srcset=\"https:\/\/www.helpinghands.ch\/wp-content\/uploads\/2021\/08\/Lighthouse_2021_05.png 474w, https:\/\/www.helpinghands.ch\/wp-content\/uploads\/2021\/08\/Lighthouse_2021_05-291x300.png 291w\" sizes=\"(max-width: 474px) 100vw, 474px\" \/><\/figure>\n\n\n\n<p class=\"has-text-align-right\"><em>Mich\u00e8le Frei<\/em><\/p>\n\n\n\n<hr class=\"wp-block-separator has-alpha-channel-opacity is-style-dots\"\/>\n\n\n<div class=\"wp-block-image\">\n<figure class=\"aligncenter size-full is-resized\"><img loading=\"lazy\" decoding=\"async\" width=\"360\" height=\"360\" src=\"https:\/\/www.helpinghands.ch\/wp-content\/uploads\/2023\/11\/Spenden_Icon_blau2-2.png\" alt=\"\" class=\"wp-image-656\" style=\"width:142px;height:auto\" srcset=\"https:\/\/www.helpinghands.ch\/wp-content\/uploads\/2023\/11\/Spenden_Icon_blau2-2.png 360w, https:\/\/www.helpinghands.ch\/wp-content\/uploads\/2023\/11\/Spenden_Icon_blau2-2-300x300.png 300w, https:\/\/www.helpinghands.ch\/wp-content\/uploads\/2023\/11\/Spenden_Icon_blau2-2-150x150.png 150w\" sizes=\"(max-width: 360px) 100vw, 360px\" \/><\/figure>\n<\/div>\n\n\n<h2 class=\"wp-block-heading has-text-align-center\">Spenden<\/h2>\n\n\n\n<figure class=\"wp-block-table is-style-regular\"><table class=\"has-white-background-color has-background has-fixed-layout\"><thead><tr><th class=\"has-text-align-center\" data-align=\"center\">20 Spende Manila Ruth Palma<\/th><\/tr><\/thead><tbody><tr><td class=\"has-text-align-center\" data-align=\"center\"><img decoding=\"async\" src=\"https:\/\/www.helpinghands.ch\/wp-content\/uploads\/2023\/11\/SwissQR-QR-Code_20-Manila-Ruth-Palma-Neuspender.jpg\" alt=\"\" style=\"width: 200px;\"><\/td><\/tr><\/tbody><\/table><figcaption class=\"wp-element-caption\">Schweizer QR-Code f\u00fcr E-Banking<\/figcaption><\/figure>\n","protected":false},"excerpt":{"rendered":"<p>Es war ein ganz spezielles Jahr 2020, auch f\u00fcr Ruth Palma in Tondo (Smokey Mountains), Manila. Mit dem Lockdown Mitte M\u00e4rz 2020 konnte sie die vielen kleinen Kinder nicht mehr &#8230;<\/p>\n","protected":false},"author":1,"featured_media":0,"parent":0,"menu_order":0,"comment_status":"closed","ping_status":"closed","template":"","meta":{"footnotes":""},"class_list":["post-125","page","type-page","status-publish","hentry"],"_links":{"self":[{"href":"https:\/\/www.helpinghands.ch\/index.php?rest_route=\/wp\/v2\/pages\/125","targetHints":{"allow":["GET"]}}],"collection":[{"href":"https:\/\/www.helpinghands.ch\/index.php?rest_route=\/wp\/v2\/pages"}],"about":[{"href":"https:\/\/www.helpinghands.ch\/index.php?rest_route=\/wp\/v2\/types\/page"}],"author":[{"embeddable":true,"href":"https:\/\/www.helpinghands.ch\/index.php?rest_route=\/wp\/v2\/users\/1"}],"replies":[{"embeddable":true,"href":"https:\/\/www.helpinghands.ch\/index.php?rest_route=%2Fwp%2Fv2%2Fcomments&post=125"}],"version-history":[{"count":8,"href":"https:\/\/www.helpinghands.ch\/index.php?rest_route=\/wp\/v2\/pages\/125\/revisions"}],"predecessor-version":[{"id":814,"href":"https:\/\/www.helpinghands.ch\/index.php?rest_route=\/wp\/v2\/pages\/125\/revisions\/814"}],"wp:attachment":[{"href":"https:\/\/www.helpinghands.ch\/index.php?rest_route=%2Fwp%2Fv2%2Fmedia&parent=125"}],"curies":[{"name":"wp","href":"https:\/\/api.w.org\/{rel}","templated":true}]}}