{"id":179,"date":"2021-08-07T10:07:43","date_gmt":"2021-08-07T10:07:43","guid":{"rendered":"https:\/\/www.helpinghands.ch\/?page_id=179"},"modified":"2023-11-16T13:13:59","modified_gmt":"2023-11-16T13:13:59","slug":"slowakei","status":"publish","type":"page","link":"https:\/\/www.helpinghands.ch\/?page_id=179","title":{"rendered":"Slowakei"},"content":{"rendered":"\n<p>Tomas und Fiona Barek: Gemeinde und Kinderarbeit<\/p>\n\n\n\n<figure class=\"wp-block-image size-full\"><img fetchpriority=\"high\" decoding=\"async\" width=\"768\" height=\"496\" src=\"https:\/\/www.helpinghands.ch\/wp-content\/uploads\/2021\/08\/Slowakei_2021_01.png\" alt=\"\" class=\"wp-image-180\" srcset=\"https:\/\/www.helpinghands.ch\/wp-content\/uploads\/2021\/08\/Slowakei_2021_01.png 768w, https:\/\/www.helpinghands.ch\/wp-content\/uploads\/2021\/08\/Slowakei_2021_01-300x194.png 300w\" sizes=\"(max-width: 768px) 100vw, 768px\" \/><\/figure>\n\n\n\n<p>Schon bald sind es zwei Jahre her, seit wir uns aus Hlohovec verabschiedet haben. Anfang M\u00e4rz bis Ende Mai waren auch bei uns wie in vielen L\u00e4ndern die Schulen, Kinderhorte und Kinderg\u00e4rten geschlossen. Den ersten Lockdown verbrachten wir in unserem Haus in Hlohovec, wo wir an allen Arbeiten und Programmen online teilnehmen konnten. Wir genossen diese Zeit, weil wir unerwartet wieder als ganze Familie zusammen waren.<\/p>\n\n\n\n<figure class=\"wp-block-image size-full\"><img decoding=\"async\" width=\"816\" height=\"473\" src=\"https:\/\/www.helpinghands.ch\/wp-content\/uploads\/2021\/08\/Slowakei_2021_02.png\" alt=\"\" class=\"wp-image-181\" srcset=\"https:\/\/www.helpinghands.ch\/wp-content\/uploads\/2021\/08\/Slowakei_2021_02.png 816w, https:\/\/www.helpinghands.ch\/wp-content\/uploads\/2021\/08\/Slowakei_2021_02-300x174.png 300w, https:\/\/www.helpinghands.ch\/wp-content\/uploads\/2021\/08\/Slowakei_2021_02-768x445.png 768w, https:\/\/www.helpinghands.ch\/wp-content\/uploads\/2021\/08\/Slowakei_2021_02-800x464.png 800w\" sizes=\"(max-width: 816px) 100vw, 816px\" \/><\/figure>\n\n\n\n<p>Mitten in der Vorbereitung f\u00fcr das Leviten-Camp mussten wir mit dem Leiterteam die Entscheidung treffen, das Lager wegen Corona abzusagen. Da Tomas und ich f\u00fcr das Jugendtraining verantwortlich waren, erlaubten wir uns, mit ein paar Jugendlichen \u00fcber eine andere Lagerm\u00f6glichkeit zu phantasieren. Nach dem Motto \u00abWenn die Kinder nicht<br>ins Camp kommen k\u00f6nnen, kommt das Camp zu den Kindern\u00bb wurden Treffen via Zoom geplant. Zur unserer Freude wurden im Sommer die Corona-Massnahmen erleichtert.<\/p>\n\n\n\n\n\n<p>Schliesslich luden wir f\u00fcr eine Woche anfangs Juli 16 Jugendliche zu uns nach Hlohovec f\u00fcr ein Training-Camp ein. Unser Zuhause wurde zu einem Lagerhaus. Danach f\u00fchrten wir das vorbereitete Programm in drei St\u00e4dten durch.<\/p>\n\n\n\n<figure class=\"wp-block-image size-full\"><img decoding=\"async\" width=\"681\" height=\"469\" src=\"https:\/\/www.helpinghands.ch\/wp-content\/uploads\/2021\/08\/Slowakei_2021_04.png\" alt=\"\" class=\"wp-image-183\" srcset=\"https:\/\/www.helpinghands.ch\/wp-content\/uploads\/2021\/08\/Slowakei_2021_04.png 681w, https:\/\/www.helpinghands.ch\/wp-content\/uploads\/2021\/08\/Slowakei_2021_04-300x207.png 300w\" sizes=\"(max-width: 681px) 100vw, 681px\" \/><\/figure>\n\n\n\n<p>Nach unseren Sommeraktivit\u00e4ten besuchten wir die Gemeinde in Hlohovec. Die herangewachsenen Teenager, die k\u00fcrzlich noch zur Sonntagsschule geh\u00f6rten, helfen wacker im Metro-Club, im Lobpreis oder im Kleinkinderdienst mit.<\/p>\n\n\n\n<figure class=\"wp-block-image size-full\"><img loading=\"lazy\" decoding=\"async\" width=\"1022\" height=\"619\" src=\"https:\/\/www.helpinghands.ch\/wp-content\/uploads\/2021\/08\/Slowakei_2021_05.png\" alt=\"\" class=\"wp-image-184\" srcset=\"https:\/\/www.helpinghands.ch\/wp-content\/uploads\/2021\/08\/Slowakei_2021_05.png 1022w, https:\/\/www.helpinghands.ch\/wp-content\/uploads\/2021\/08\/Slowakei_2021_05-300x182.png 300w, https:\/\/www.helpinghands.ch\/wp-content\/uploads\/2021\/08\/Slowakei_2021_05-768x465.png 768w, https:\/\/www.helpinghands.ch\/wp-content\/uploads\/2021\/08\/Slowakei_2021_05-800x485.png 800w\" sizes=\"(max-width: 1022px) 100vw, 1022px\" \/><\/figure>\n\n\n\n<p>Auch ihr Tageslager Metro-Camp bereitete uns Freude. Es wimmelte von Kindern. Diejenigen, die uns noch kannten, hiessen uns mit Freude und Tr\u00e4nen willkommen. Einige neue Kinder hatten sich dem Metro-Club angeschlossen.<\/p>\n\n\n\n<figure class=\"wp-block-image size-full\"><img loading=\"lazy\" decoding=\"async\" width=\"818\" height=\"471\" src=\"https:\/\/www.helpinghands.ch\/wp-content\/uploads\/2021\/08\/Slowakei_2021_06.png\" alt=\"\" class=\"wp-image-185\" srcset=\"https:\/\/www.helpinghands.ch\/wp-content\/uploads\/2021\/08\/Slowakei_2021_06.png 818w, https:\/\/www.helpinghands.ch\/wp-content\/uploads\/2021\/08\/Slowakei_2021_06-300x173.png 300w, https:\/\/www.helpinghands.ch\/wp-content\/uploads\/2021\/08\/Slowakei_2021_06-768x442.png 768w, https:\/\/www.helpinghands.ch\/wp-content\/uploads\/2021\/08\/Slowakei_2021_06-800x461.png 800w\" sizes=\"(max-width: 818px) 100vw, 818px\" \/><\/figure>\n\n\n\n<p>Als Tomas sich vor einem Jahr an der privaten kirchlichen Grundschule Narnia bewarb, dachten wir, dass er nur vor\u00fcbergehend dort arbeiten w\u00fcrde. Das \u00e4nderte sich, als die Schulleitung ihm das Angebot machte, ihn gerne als Schulpastor einzusetzen. In dieser Aufgabe gibt Tomas f\u00fcr alle Lehrer geistliche Inputs zu verschiedenen Anl\u00e4ssen. Er f\u00fchrte Morgengebete und Zellgruppen ein und ist f\u00fcr den Unterrichtsstoff im Fach Religion und das betreffende Lehrpersonal verantwortlich. Ausserdem unterrichtet er den 13- bis 15-J\u00e4hrigen Religion und ist Klassenlehrer der Neuntkl\u00e4ssler.<\/p>\n\n\n\n<figure class=\"wp-block-image size-full\"><img loading=\"lazy\" decoding=\"async\" width=\"999\" height=\"447\" src=\"https:\/\/www.helpinghands.ch\/wp-content\/uploads\/2021\/08\/Slowakei_2021_07.png\" alt=\"\" class=\"wp-image-186\" srcset=\"https:\/\/www.helpinghands.ch\/wp-content\/uploads\/2021\/08\/Slowakei_2021_07.png 999w, https:\/\/www.helpinghands.ch\/wp-content\/uploads\/2021\/08\/Slowakei_2021_07-300x134.png 300w, https:\/\/www.helpinghands.ch\/wp-content\/uploads\/2021\/08\/Slowakei_2021_07-768x344.png 768w, https:\/\/www.helpinghands.ch\/wp-content\/uploads\/2021\/08\/Slowakei_2021_07-800x358.png 800w\" sizes=\"(max-width: 999px) 100vw, 999px\" \/><figcaption class=\"wp-element-caption\">Fiona im Kindergarten<\/figcaption><\/figure>\n\n\n\n<p>Ab Oktober erlebten wir den zweiten Lockdown. Bis Ende Jahr gingen die Kinder nicht mehr zur Schule und Versammlungen zum Gottesdienst waren nicht mehr erlaubt. Dies erschwerte uns das Aufbauen von Beziehungen in der Gemeinde in Bratislava. Wir trugen online mit Predigten, Lobpreis und kreativen Videos zu den Gottesdiensten bei. Vorl\u00e4ufig pflegen wir nur Kontakte via Telefon oder Zoom. Der Kinderhort\/Kindergarten blieb offen. Ich entschied mich vorl\u00e4ufig noch im Kinderhort\/Kindergarten zu bleiben und bin an Stelle einer Mitarbeiterin eingestiegen, die an einem Burnout litt.<\/p>\n\n\n\n<figure class=\"wp-block-image size-large\"><img loading=\"lazy\" decoding=\"async\" width=\"1024\" height=\"555\" src=\"https:\/\/www.helpinghands.ch\/wp-content\/uploads\/2021\/08\/Slowakei_2021_08-1024x555.png\" alt=\"\" class=\"wp-image-187\" srcset=\"https:\/\/www.helpinghands.ch\/wp-content\/uploads\/2021\/08\/Slowakei_2021_08-1024x555.png 1024w, https:\/\/www.helpinghands.ch\/wp-content\/uploads\/2021\/08\/Slowakei_2021_08-300x162.png 300w, https:\/\/www.helpinghands.ch\/wp-content\/uploads\/2021\/08\/Slowakei_2021_08-768x416.png 768w, https:\/\/www.helpinghands.ch\/wp-content\/uploads\/2021\/08\/Slowakei_2021_08-800x433.png 800w, https:\/\/www.helpinghands.ch\/wp-content\/uploads\/2021\/08\/Slowakei_2021_08.png 1047w\" sizes=\"(max-width: 1024px) 100vw, 1024px\" \/><\/figure>\n\n\n\n<p>Auch wenn wir uns immer noch in einer \u00dcbergangsphase befinden, k\u00f6nnen wir von Gottes F\u00fchrung zeugen. Vorl\u00e4ufig bleiben wir treu in den Diensten, zu denen Gott uns auf unserem Weg gef\u00fchrt hat. Wir begleiten und beraten auch die Jugendlichen des Sommerlagers, welche die Corona-Zeit wertvoll n\u00fctzen wollen und Jugendtreffs auf dem Herzen haben.<\/p>\n\n\n\n<figure class=\"wp-block-image size-full\"><img loading=\"lazy\" decoding=\"async\" width=\"1017\" height=\"458\" src=\"https:\/\/www.helpinghands.ch\/wp-content\/uploads\/2021\/08\/Slowakei_2021_09.png\" alt=\"\" class=\"wp-image-188\" srcset=\"https:\/\/www.helpinghands.ch\/wp-content\/uploads\/2021\/08\/Slowakei_2021_09.png 1017w, https:\/\/www.helpinghands.ch\/wp-content\/uploads\/2021\/08\/Slowakei_2021_09-300x135.png 300w, https:\/\/www.helpinghands.ch\/wp-content\/uploads\/2021\/08\/Slowakei_2021_09-768x346.png 768w, https:\/\/www.helpinghands.ch\/wp-content\/uploads\/2021\/08\/Slowakei_2021_09-800x360.png 800w\" sizes=\"(max-width: 1017px) 100vw, 1017px\" \/><\/figure>\n\n\n\n<p>Liebe Freunde, wir danken Euch von ganzem Herzen f\u00fcr alle Unterst\u00fctzung.<\/p>\n\n\n\n<p class=\"has-text-align-right\"><em>Fiona und Tomas mit Sharon,<br>Timea, Joachim, Marek und Patrik<\/em><\/p>\n\n\n\n<hr class=\"wp-block-separator has-alpha-channel-opacity is-style-dots\"\/>\n\n\n<div class=\"wp-block-image\">\n<figure class=\"aligncenter size-full is-resized\"><img loading=\"lazy\" decoding=\"async\" width=\"360\" height=\"360\" src=\"https:\/\/www.helpinghands.ch\/wp-content\/uploads\/2023\/11\/Spenden_Icon_blau2-7.png\" alt=\"\" class=\"wp-image-697\" style=\"width:120px\" srcset=\"https:\/\/www.helpinghands.ch\/wp-content\/uploads\/2023\/11\/Spenden_Icon_blau2-7.png 360w, https:\/\/www.helpinghands.ch\/wp-content\/uploads\/2023\/11\/Spenden_Icon_blau2-7-300x300.png 300w, https:\/\/www.helpinghands.ch\/wp-content\/uploads\/2023\/11\/Spenden_Icon_blau2-7-150x150.png 150w\" sizes=\"(max-width: 360px) 100vw, 360px\" \/><\/figure>\n<\/div>\n\n\n<h2 class=\"wp-block-heading has-text-align-center\">Spenden<\/h2>\n\n\n\n<figure class=\"wp-block-table is-style-regular\"><table class=\"has-white-background-color has-background has-fixed-layout\"><thead><tr><th class=\"has-text-align-center\" data-align=\"center\">80 Spende Slowakei: Familie Barek-Bosshard<\/th><\/tr><\/thead><tbody><tr><td class=\"has-text-align-center\" data-align=\"center\"><img decoding=\"async\" src=\"https:\/\/www.helpinghands.ch\/wp-content\/uploads\/2023\/11\/SwissQR-QR-Code_80-Familie-Barek-Neuspender.jpg\" alt=\"\" style=\"width: 200px;\"><\/td><\/tr><\/tbody><\/table><figcaption class=\"wp-element-caption\">Schweizer QR-Code f\u00fcr E-Banking<\/figcaption><\/figure>\n","protected":false},"excerpt":{"rendered":"<p>Tomas und Fiona Barek: Gemeinde und Kinderarbeit Schon bald sind es zwei Jahre her, seit wir uns aus Hlohovec verabschiedet haben. Anfang M\u00e4rz bis Ende Mai waren auch bei uns &#8230;<\/p>\n","protected":false},"author":1,"featured_media":0,"parent":0,"menu_order":0,"comment_status":"closed","ping_status":"closed","template":"","meta":{"footnotes":""},"class_list":["post-179","page","type-page","status-publish","hentry"],"_links":{"self":[{"href":"https:\/\/www.helpinghands.ch\/index.php?rest_route=\/wp\/v2\/pages\/179","targetHints":{"allow":["GET"]}}],"collection":[{"href":"https:\/\/www.helpinghands.ch\/index.php?rest_route=\/wp\/v2\/pages"}],"about":[{"href":"https:\/\/www.helpinghands.ch\/index.php?rest_route=\/wp\/v2\/types\/page"}],"author":[{"embeddable":true,"href":"https:\/\/www.helpinghands.ch\/index.php?rest_route=\/wp\/v2\/users\/1"}],"replies":[{"embeddable":true,"href":"https:\/\/www.helpinghands.ch\/index.php?rest_route=%2Fwp%2Fv2%2Fcomments&post=179"}],"version-history":[{"count":3,"href":"https:\/\/www.helpinghands.ch\/index.php?rest_route=\/wp\/v2\/pages\/179\/revisions"}],"predecessor-version":[{"id":701,"href":"https:\/\/www.helpinghands.ch\/index.php?rest_route=\/wp\/v2\/pages\/179\/revisions\/701"}],"wp:attachment":[{"href":"https:\/\/www.helpinghands.ch\/index.php?rest_route=%2Fwp%2Fv2%2Fmedia&parent=179"}],"curies":[{"name":"wp","href":"https:\/\/api.w.org\/{rel}","templated":true}]}}