{"id":191,"date":"2021-08-07T10:12:04","date_gmt":"2021-08-07T10:12:04","guid":{"rendered":"https:\/\/www.helpinghands.ch\/?page_id=191"},"modified":"2023-08-05T13:15:35","modified_gmt":"2023-08-05T13:15:35","slug":"wie-werden-die-hilfswerke-und-die-mitarbeiter-finanziell-getragen","status":"publish","type":"page","link":"https:\/\/www.helpinghands.ch\/?page_id=191","title":{"rendered":"Spenden"},"content":{"rendered":"\n<h2 class=\"wp-block-heading\">Wie werden die Hilfswerke und die Mitarbeiter finanziell getragen?<\/h2>\n\n\n\n<p><strong>Die Mitarbeiterinnen und Mitarbeiter, die wir in dieser Brosch\u00fcre vorstellen, erhalten finanzielle Unterst\u00fctzung aus Spenden von ihren Familien, Freunden und Gemeinden in der Heimat.<\/strong><\/p>\n\n\n\n<p>Die meisten Kantone anerkennen die Steuerbefreiung des gemeinn\u00fctzigen Vereins \u00abHelping Hands\u00bb. Die Kantone Z\u00fcrich, Aargau, St. Gallen, Bern, Thurgau und Obwalden haben dies durch Verf\u00fcgungen best\u00e4tigt. Steuerbefreiung bedeutet f\u00fcr Sie als Spender oder als Sponsor der Kinderhilfswerke, dass Sie alle Einzahlungen an Helping Hands von Ihren Steuern absetzen k\u00f6nnen.<\/p>\n\n\n\n<p><strong>Wir geben uns M\u00fche, Ihre pers\u00f6nliche Steuerbescheinigung f\u00fcr das abgelaufene Jahr jeweils bis Ende Januar des folgenden Jahres versenden zu k\u00f6nnen.<\/strong><\/p>\n\n\n\n<p>Alle finanziellen Beitr\u00e4ge gelten als Spenden und k\u00f6nnen auf das Bankkonto von Helping Hands einbezahlt werden. Bitte achten Sie beim Ausf\u00fcllen der Bank- oder Post\u00fcberweisungen darauf, dass Sie unter der Rubrik \u00abZahlungszweck\u00bb auf dem Einzahlungsschein vermerken, welchem Projekt Sie Ihre Spende zukommen lassen m\u00f6chten.<\/p>\n\n\n\n<p>Oder ob Sie mit einer Patenschaft Kinder auf den Philippinen, in Sri Lanka oder die Schule in Indien unterst\u00fctzen m\u00f6chten.<\/p>\n\n\n\n<p>Wir m\u00f6chten erw\u00e4hnen, dass an Postschaltern mit Bargeld einbezahlte Betr\u00e4ge uns nicht unerhebliche Postspesen verursachen.<\/p>\n\n\n\n<p>Die ungedeckten administrativen Kosten machten 2020 insgesamt CHF 30&#8217;335 aus, die anteilsm\u00e4ssig von allen Projekten getragen werden; das sind nur knapp 4% der gesamten Spendensumme von rund CHF 784&#8217;815, was ein ausserordentlich kleiner Anteil ist. Unser gesamtes Team arbeitet ehrenamtlich, auch die Reisekosten f\u00fcr Besuche in den Projektl\u00e4ndern bezahlen wir aus der eigenen Tasche.<\/p>\n\n\n\n<p>Die Mitglieder unseres Vereins erhalten j\u00e4hrlich zur Generalversammlung die detaillierte Jahresrechnung. Unsere Buchhaltung wird von einer Treuhandfirma jedes Jahr \u00fcberpr\u00fcft und revidiert.<\/p>\n\n\n\n<p><strong>M\u00f6chten Sie Mitglied des Vereins Helping Hands werden?<\/strong><\/p>\n\n\n\n<p>Sie k\u00f6nnen gerne mit uns Kontakt aufnehmen. Unsere Jahresbeitr\u00e4ge sind auf CHF 30.00 f\u00fcr Einzelmitglieder und CHF 50.00 f\u00fcr Ehepaare festgelegt worden und seit 30 Jahren gleich geblieben.<\/p>\n\n\n\n<p>Thomas B\u00fchler, Pr\u00e4sident<\/p>\n\n\n\n<p><\/p>\n\n\n\n<p><strong>Bankverbindung von Helping Hands<\/strong><\/p>\n\n\n\n<p>Helping Hands<br>Heinrich-Bosshard-Strasse 2<br>8405 Winterthur<br>Z\u00fcrcher Kantonalbank<br>IBAN: CH54 0070 0114 8039 3821 9&nbsp;<\/p>\n\n\n\n<p>Bitte als Zweck der Zahlung den Projektnamen angeben.<\/p>\n\n\n\n<p>QR-Codes f\u00fcrs schweizer E-Banking sind bei den jeweilgen Projekten aufgef\u00fchrt.<br><br><\/p>\n","protected":false},"excerpt":{"rendered":"<p>Wie werden die Hilfswerke und die Mitarbeiter finanziell getragen? Die Mitarbeiterinnen und Mitarbeiter, die wir in dieser Brosch\u00fcre vorstellen, erhalten finanzielle Unterst\u00fctzung aus Spenden von ihren Familien, Freunden und Gemeinden &#8230;<\/p>\n","protected":false},"author":1,"featured_media":0,"parent":0,"menu_order":0,"comment_status":"closed","ping_status":"closed","template":"","meta":{"footnotes":""},"class_list":["post-191","page","type-page","status-publish","hentry"],"_links":{"self":[{"href":"https:\/\/www.helpinghands.ch\/index.php?rest_route=\/wp\/v2\/pages\/191","targetHints":{"allow":["GET"]}}],"collection":[{"href":"https:\/\/www.helpinghands.ch\/index.php?rest_route=\/wp\/v2\/pages"}],"about":[{"href":"https:\/\/www.helpinghands.ch\/index.php?rest_route=\/wp\/v2\/types\/page"}],"author":[{"embeddable":true,"href":"https:\/\/www.helpinghands.ch\/index.php?rest_route=\/wp\/v2\/users\/1"}],"replies":[{"embeddable":true,"href":"https:\/\/www.helpinghands.ch\/index.php?rest_route=%2Fwp%2Fv2%2Fcomments&post=191"}],"version-history":[{"count":7,"href":"https:\/\/www.helpinghands.ch\/index.php?rest_route=\/wp\/v2\/pages\/191\/revisions"}],"predecessor-version":[{"id":570,"href":"https:\/\/www.helpinghands.ch\/index.php?rest_route=\/wp\/v2\/pages\/191\/revisions\/570"}],"wp:attachment":[{"href":"https:\/\/www.helpinghands.ch\/index.php?rest_route=%2Fwp%2Fv2%2Fmedia&parent=191"}],"curies":[{"name":"wp","href":"https:\/\/api.w.org\/{rel}","templated":true}]}}