{"id":224,"date":"2021-08-07T10:58:37","date_gmt":"2021-08-07T10:58:37","guid":{"rendered":"https:\/\/www.helpinghands.ch\/?page_id=224"},"modified":"2025-12-11T21:45:50","modified_gmt":"2025-12-11T21:45:50","slug":"willkommen-bei-helping-hands","status":"publish","type":"page","link":"https:\/\/www.helpinghands.ch\/","title":{"rendered":"Herzlich willkommen bei Helping Hands"},"content":{"rendered":"\n<h2 class=\"wp-block-heading\">Sch\u00f6n, dass du bei uns vorbei schaust!<\/h2>\n\n\n\n<p>Entdecke unseren gemeinn\u00fctzigen Verein und die vielf\u00e4ltigen Projekte &amp; Aktivit\u00e4ten, die wir dank vielen treuen Spendern weltweit unterst\u00fctzen.<\/p>\n\n\n\n<p><\/p>\n\n\n\n<figure class=\"wp-block-image size-full is-resized\"><img fetchpriority=\"high\" decoding=\"async\" width=\"905\" height=\"565\" src=\"https:\/\/www.helpinghands.ch\/wp-content\/uploads\/2021\/08\/Nordindien_2021_04.png\" alt=\"\" class=\"wp-image-173\" style=\"width:679px;height:424px\" srcset=\"https:\/\/www.helpinghands.ch\/wp-content\/uploads\/2021\/08\/Nordindien_2021_04.png 905w, https:\/\/www.helpinghands.ch\/wp-content\/uploads\/2021\/08\/Nordindien_2021_04-300x187.png 300w, https:\/\/www.helpinghands.ch\/wp-content\/uploads\/2021\/08\/Nordindien_2021_04-768x479.png 768w, https:\/\/www.helpinghands.ch\/wp-content\/uploads\/2021\/08\/Nordindien_2021_04-800x499.png 800w\" sizes=\"(max-width: 905px) 100vw, 905px\" \/><\/figure>\n\n\n\n<h2 class=\"wp-block-heading\">Ist f\u00fcr dich etwas Spannendes dabei?<\/h2>\n\n\n\n<p>Dann melde dich bei uns, wenn du mehr \u00fcber ein bestimmtes Projekt erfahren m\u00f6chtest.<\/p>\n\n\n\n<h2 class=\"wp-block-heading\">Nicht f\u00fcndig geworden?<\/h2>\n\n\n\n<p>Einige Projekte sind aus Sicherheitsgr\u00fcnden nicht auf unserer Webseite aufgef\u00fchrt.<\/p>\n\n\n\n<div class=\"wp-block-buttons is-layout-flex wp-block-buttons-is-layout-flex\">\n<div class=\"wp-block-button\"><a class=\"wp-block-button__link wp-element-button\" href=\"https:\/\/www.helpinghands.ch\/?page_id=235\" target=\"_blank\" rel=\"noreferrer noopener\">Kontakt<\/a><\/div>\n<\/div>\n\n\n\n<hr class=\"wp-block-separator has-alpha-channel-opacity\"\/>\n\n\n\n<h2 class=\"wp-block-heading\">Spendenaufruf Unwetter Sri Lanka<\/h2>\n\n\n\n<p>Wie in den Medien zu lesen und h\u00f6ren war, hat der Zyklon Ditwah enorme Zerst\u00f6rungen auf Sri Lanka angerichtet.<\/p>\n\n\n\n<p>Leider sind auch viele unserer Freunde betroffen. Ziegel wurden von den D\u00e4chern weggefegt, wodurch das Wasser die Innenr\u00e4ume zerst\u00f6rt hat, Familien mussten evakuiert werden, ein vor kurzem eingerichtetes Gesch\u00e4ft wurde von den Fluten arg zugerichtet, Kirchen standen so im Wasser, dass keine Gottesdienste mehr gefeiert werden konnten. In einer Gemeinde starben sechs Personen auf Grund der Fluten und Erdrutsche. Die Not ist \u00fcberall zu sehen.<\/p>\n\n\n\n<div class=\"wp-block-group alignfull has-text-color has-background\" style=\"color:#000000;background-color:#ffffff\"><div class=\"wp-block-group__inner-container is-layout-flow wp-block-group-is-layout-flow\">\n<div class=\"wp-block-buttons is-horizontal is-content-justification-center is-layout-flex wp-container-core-buttons-is-layout-499968f5 wp-block-buttons-is-layout-flex\">\n<div class=\"wp-block-button has-custom-width wp-block-button__width-50\"><a class=\"wp-block-button__link has-text-color has-background wp-element-button\" href=\"https:\/\/www.helpinghands.ch\/?page_id=628\" style=\"border-radius:50px;color:#ffffff;background-color:#000000\">Mehr Infos &amp; Spenden hier<\/a><\/div>\n<\/div>\n<\/div><\/div>\n\n\n\n<figure class=\"wp-block-image size-full\"><img decoding=\"async\" width=\"1008\" height=\"756\" src=\"https:\/\/www.helpinghands.ch\/wp-content\/uploads\/2025\/12\/Unwetter_Sri_Lanka_2025-2.jpg\" alt=\"\" class=\"wp-image-1178\" srcset=\"https:\/\/www.helpinghands.ch\/wp-content\/uploads\/2025\/12\/Unwetter_Sri_Lanka_2025-2.jpg 1008w, https:\/\/www.helpinghands.ch\/wp-content\/uploads\/2025\/12\/Unwetter_Sri_Lanka_2025-2-300x225.jpg 300w, https:\/\/www.helpinghands.ch\/wp-content\/uploads\/2025\/12\/Unwetter_Sri_Lanka_2025-2-768x576.jpg 768w\" sizes=\"(max-width: 1008px) 100vw, 1008px\" \/><\/figure>\n","protected":false},"excerpt":{"rendered":"<p>Sch\u00f6n, dass du bei uns vorbei schaust! Entdecke unseren gemeinn\u00fctzigen Verein und die vielf\u00e4ltigen Projekte &amp; Aktivit\u00e4ten, die wir dank vielen treuen Spendern weltweit unterst\u00fctzen. Ist f\u00fcr dich etwas Spannendes &#8230;<\/p>\n","protected":false},"author":1,"featured_media":0,"parent":0,"menu_order":0,"comment_status":"closed","ping_status":"closed","template":"","meta":{"footnotes":""},"class_list":["post-224","page","type-page","status-publish","hentry"],"_links":{"self":[{"href":"https:\/\/www.helpinghands.ch\/index.php?rest_route=\/wp\/v2\/pages\/224","targetHints":{"allow":["GET"]}}],"collection":[{"href":"https:\/\/www.helpinghands.ch\/index.php?rest_route=\/wp\/v2\/pages"}],"about":[{"href":"https:\/\/www.helpinghands.ch\/index.php?rest_route=\/wp\/v2\/types\/page"}],"author":[{"embeddable":true,"href":"https:\/\/www.helpinghands.ch\/index.php?rest_route=\/wp\/v2\/users\/1"}],"replies":[{"embeddable":true,"href":"https:\/\/www.helpinghands.ch\/index.php?rest_route=%2Fwp%2Fv2%2Fcomments&post=224"}],"version-history":[{"count":17,"href":"https:\/\/www.helpinghands.ch\/index.php?rest_route=\/wp\/v2\/pages\/224\/revisions"}],"predecessor-version":[{"id":1179,"href":"https:\/\/www.helpinghands.ch\/index.php?rest_route=\/wp\/v2\/pages\/224\/revisions\/1179"}],"wp:attachment":[{"href":"https:\/\/www.helpinghands.ch\/index.php?rest_route=%2Fwp%2Fv2%2Fmedia&parent=224"}],"curies":[{"name":"wp","href":"https:\/\/api.w.org\/{rel}","templated":true}]}}