{"id":232,"date":"2021-08-07T11:09:26","date_gmt":"2021-08-07T11:09:26","guid":{"rendered":"https:\/\/www.helpinghands.ch\/?page_id=232"},"modified":"2021-08-07T11:09:26","modified_gmt":"2021-08-07T11:09:26","slug":"statuten","status":"publish","type":"page","link":"https:\/\/www.helpinghands.ch\/?page_id=232","title":{"rendered":"Statuten"},"content":{"rendered":"\n<p><strong>Art. 1: Name und Sitz des Vereins<\/strong><\/p>\n\n\n\n<p>Unter der Bezeichnung &#8222;Helping Hands&#8220; besteht ein Verein im Sinne von Art. 60 ff ZGB mit Sitz in Neftenbach im Kanton Z\u00fcrich.<\/p>\n\n\n\n<p><strong>Art. 2: Zweck des Vereins<\/strong><\/p>\n\n\n\n<p>Der Verein \u00fcbernimmt gemeinn\u00fctzige Aufgaben im Sinne der Wohlt\u00e4tigkeit an Menschen aller V\u00f6lker und Rassen. Er bezweckt die auf dem Evangelium Jesu Christi basierende geistige und die finanzielle Unterst\u00fctzung von bed\u00fcrftigen Menschen vorwiegend in Entwicklungsl\u00e4ndern.<\/p>\n\n\n\n<p><strong>Art. 3: Mitgliedschaft<\/strong><\/p>\n\n\n\n<p>Mitglieder des Vereins k\u00f6nnen in der Schweiz wohnhafte nat\u00fcrliche Personen, die das 18. Altersjahr vollendet haben, sowie \u00f6ffentliche und private Institutionen, Vereine und juristische Personen mit Sitz in der Schweiz werden. Die Aufnahme der Mitglieder erfolgt durch den Vorstand.<\/p>\n\n\n\n<p><strong>Art. 4: Ende der Mitgliedschaft<\/strong><\/p>\n\n\n\n<p>Die Mitgliedschaft erlischt aufgrund eines schriftlich angek\u00fcndigten Austritts auf Ende eines Kalenderjahres. Mitglieder, die den Interessen des Vereins zuwiderhandeln, k\u00f6nnen vom Vorstand ausgeschlossen werden.<\/p>\n\n\n\n<p><strong>Art. 5: Finanzen<\/strong><\/p>\n\n\n\n<p>Die Einnahmen des Vereins stammen aus:<\/p>\n\n\n\n<ol class=\"wp-block-list\"><li>Mitgliederbeitr\u00e4gen<\/li><li>freiwilligen Spenden, Zuwendungen und Legaten<\/li><li>Zuwendungen der \u00f6ffentlichen Hand, von Institutionen, Vereinen usw.<\/li><li>zweckgebundenen regelm\u00e4ssigen, periodischen oder einmaligen&nbsp;Unterst\u00fctzungsbeitr\u00e4gen f\u00fcr Hilfs- und Unterst\u00fctzungsprojekte des Vereins.<\/li><li>Ertr\u00e4gen aus besonderen Aktionen.<\/li><\/ol>\n\n\n\n<p>Die Mitglieder haben keinen Anspruch auf das Vereinsverm\u00f6gen.<\/p>\n\n\n\n<p>F\u00fcr die Verbindlichkeiten des Vereins haftet ausschliesslich das Vereinsverm\u00f6gen. Die Vereinsmitglieder haften nur im Ausmass des von ihnen zu entrichtenden Jahresbeitrages.<\/p>\n\n\n\n<p><strong>Art. 6: Organe des Vereins<\/strong><\/p>\n\n\n\n<p>Organe des Vereins sind:<\/p>\n\n\n\n<ol class=\"wp-block-list\"><li>Generalversammlung<\/li><li>Der Vorstand<\/li><li>Die Revisoren<\/li><\/ol>\n\n\n\n<p><strong>Art. 7: Generalversammlung<\/strong><\/p>\n\n\n\n<p>Der Verein f\u00fchrt j\u00e4hrlich eine Generalversammlung innerhalb des ersten Drittels des Kalenderjahres durch. Der Vorstand oder ein F\u00fcnftel aller Mitglieder sind befugt, ausserordentliche Generalversammlungen einzuberufen.<\/p>\n\n\n\n<p>Die Einladung hat mindestens 14 Tage zum voraus unter Angabe der Traktanden zu erfolgen.<\/p>\n\n\n\n<p>Antr\u00e4ge zuhanden der Generalversammlung sind mindestens 10 Tage vor der Versammlung dem Pr\u00e4sidenten einzureichen.<\/p>\n\n\n\n<p><strong>Art. 8: Aufgaben der Generalversammlung<\/strong><\/p>\n\n\n\n<ul class=\"wp-block-list\"><li>Wahl des Pr\u00e4sidenten und der \u00fcbrigen Vorstandsmitglieder<\/li><li>Wahl der Revisoren<\/li><li>Abnahme des Protokolles und der Jahresrechnung<\/li><li>Festsetzung des Mitgliederbeitrages<\/li><li>Statuten\u00e4nderungen, Fusionen mit anderen Vereinen und Vereinsaufl\u00f6sung mit 2\/3 Mehrheit der anwesenden Mitglieder<\/li><li>Abnahme des Jahresberichtes \u00fcber die T\u00e4tigkeit des Vereins und der Bericht \u00fcber die einzelnen Hilfsprojekte<\/li><li>Genehmigung von finanziell f\u00fcr den Verein existenzgef\u00e4hrdenden Zusammenarbeitsvorhaben mit anderen Institutionen und Vereinen<\/li><\/ul>\n\n\n\n<p>Die Generalversammlung kann Beschl\u00fcsse nur \u00fcber Gegenst\u00e4nde fassen, die als Traktandum angek\u00fcndigt sind.<\/p>\n\n\n\n<p><strong>Art. 9: Beschlussf\u00e4higkeit und Stimmrecht<\/strong><\/p>\n\n\n\n<p>Jede ordnungsgem\u00e4ss einberufene Generalversammlung ist beschlussf\u00e4hig.<\/p>\n\n\n\n<p>Wahlen und Abstimmungen erfolgen offen, mit einfachem Mehr. Ein Viertel der Anwesenden kann geheime Abstimmung verlangen.<\/p>\n\n\n\n<p><strong>Art. 10: Der Vorstand<\/strong><\/p>\n\n\n\n<p>Der Vorstand besteht aus 3 oder mehr Mitgliedern. Ausser dem Pr\u00e4sidenten konstituiert er sich selbst. Die Amtsdauer dauert jeweils 2 Jahre. Wiederwahl ist zul\u00e4ssig. Unterschriftsberechtigt f\u00fcr den Verein sind je zu zweien der Pr\u00e4sident, der Finanzverantwortliche, der Aktuar und ein weiteres Vorstandsmitglied. F\u00fcr den Postcheck- und Bankenverkehr haben der Pr\u00e4sident und der Finanzverantwortliche Einzelunterschrift.<\/p>\n\n\n\n<p>Der Vorstand ist beschlussf\u00e4hig, wenn mindestens die H\u00e4lfte plus ein Mitglied anwesend sind. Er fasst seine Beschl\u00fcsse mit einfachem Mehr. Die Stimmabgabe ist obligatorisch. Bei Stimmengleichheit hat der Pr\u00e4sident den Stichentscheid.&nbsp;<\/p>\n\n\n\n<p><strong>Art. 11: Aufgaben des Vorstandes<\/strong><\/p>\n\n\n\n<ul class=\"wp-block-list\"><li>Aufnahme und Ausschluss (gem. Art. 3) von Mitgliedern<\/li><li>Vorbereitung der Gesch\u00e4fte und Antr\u00e4ge an die Generalversammlung<\/li><li>Genehmigung und Aufnahme von neuen Hilfs- und&nbsp;Unterst\u00fctzungsprojekten, die Organisation und Durchf\u00fchrung sowie&nbsp;die laufende sorgf\u00e4ltige Ueberwachung der Projekte<\/li><li>Periodische Berichterstattung \u00fcber die verschiedenen Projekte an die&nbsp;betroffenen Spender und Tr\u00e4ger sowie die Mitglieder des Vereins<\/li><li>Der Vorstand besorgt alle laufenden Gesch\u00e4fte des Vereins. F\u00fcr besondere&nbsp;Aufgaben und zur Arbeitsentlastung kann er weitere&nbsp; Vereinsmitglieder oder&nbsp;Personen von ausserhalb des Vereins beiziehen. Er kann auch&nbsp; Arbeitsgruppen bilden.<\/li><\/ul>\n\n\n\n<p><strong>Art. 12. Revision<\/strong><\/p>\n\n\n\n<p>Die Revisoren pr\u00fcfen die Rechnung j\u00e4hrlich und stellen Antrag \u00fcber Entlastung des Vorstandes an die Generalversammlung. Die Revision kann durch die Generalversammlung auch einer Treuhandgesellschaft als Kontrollstelle \u00fcbertragen werden. Die Revisoren sind jedes Jahr durch die Generalversammlung zu w\u00e4hlen bzw. zu best\u00e4tigen. Wiederwahl ist zul\u00e4ssig.<\/p>\n\n\n\n<p><strong>Art. 13: Vereinsaufl\u00f6sung<\/strong><\/p>\n\n\n\n<p>Die Aufl\u00f6sung des Vereins kann nur erfolgen, wenn 2\/3 der an der Generalversammlung anwesenden Mitglieder damit einverstanden sind. Das dann vorhandene Vereinsverm\u00f6gen muss an steuerbefreite Institutionen mit gleichen oder \u00e4hnlichen Zweckbestimmungen verteilt werden, die durch die Generalversammlung beschlossen werden.<\/p>\n\n\n\n<p>Die Statuten aus der Gr\u00fcndungsversammlung vom 23. Juli 1991 wurden an den Generalversammlungen vom 3. Mai 1995 und 15. Mai 2001 ge\u00e4ndert und genehmigt.<\/p>\n\n\n\n<p>Winterthur, 15. Mai 2001&nbsp;&nbsp;&nbsp;&nbsp;&nbsp;&nbsp;&nbsp;&nbsp;&nbsp;&nbsp;&nbsp;&nbsp;&nbsp;&nbsp;&nbsp; Der Pr\u00e4sident:&nbsp;&nbsp;&nbsp;&nbsp;&nbsp;&nbsp;&nbsp;&nbsp;&nbsp;&nbsp;&nbsp;&nbsp;&nbsp;&nbsp;&nbsp;&nbsp;&nbsp;&nbsp;&nbsp;&nbsp;&nbsp; Vorstandsmitglied:<\/p>\n","protected":false},"excerpt":{"rendered":"<p>Art. 1: Name und Sitz des Vereins Unter der Bezeichnung &#8222;Helping Hands&#8220; besteht ein Verein im Sinne von Art. 60 ff ZGB mit Sitz in Neftenbach im Kanton Z\u00fcrich. Art. &#8230;<\/p>\n","protected":false},"author":1,"featured_media":0,"parent":0,"menu_order":0,"comment_status":"closed","ping_status":"closed","template":"","meta":{"footnotes":""},"class_list":["post-232","page","type-page","status-publish","hentry"],"_links":{"self":[{"href":"https:\/\/www.helpinghands.ch\/index.php?rest_route=\/wp\/v2\/pages\/232","targetHints":{"allow":["GET"]}}],"collection":[{"href":"https:\/\/www.helpinghands.ch\/index.php?rest_route=\/wp\/v2\/pages"}],"about":[{"href":"https:\/\/www.helpinghands.ch\/index.php?rest_route=\/wp\/v2\/types\/page"}],"author":[{"embeddable":true,"href":"https:\/\/www.helpinghands.ch\/index.php?rest_route=\/wp\/v2\/users\/1"}],"replies":[{"embeddable":true,"href":"https:\/\/www.helpinghands.ch\/index.php?rest_route=%2Fwp%2Fv2%2Fcomments&post=232"}],"version-history":[{"count":1,"href":"https:\/\/www.helpinghands.ch\/index.php?rest_route=\/wp\/v2\/pages\/232\/revisions"}],"predecessor-version":[{"id":234,"href":"https:\/\/www.helpinghands.ch\/index.php?rest_route=\/wp\/v2\/pages\/232\/revisions\/234"}],"wp:attachment":[{"href":"https:\/\/www.helpinghands.ch\/index.php?rest_route=%2Fwp%2Fv2%2Fmedia&parent=232"}],"curies":[{"name":"wp","href":"https:\/\/api.w.org\/{rel}","templated":true}]}}