{"id":235,"date":"2021-08-07T11:11:32","date_gmt":"2021-08-07T11:11:32","guid":{"rendered":"https:\/\/www.helpinghands.ch\/?page_id=235"},"modified":"2024-05-24T18:53:18","modified_gmt":"2024-05-24T18:53:18","slug":"kontakt","status":"publish","type":"page","link":"https:\/\/www.helpinghands.ch\/?page_id=235","title":{"rendered":"Kontakt"},"content":{"rendered":"\n<p><strong>Helping Hands Vorstandsmitglieder:<\/strong><\/p>\n\n\n\n<div class=\"wp-block-columns is-layout-flex wp-container-core-columns-is-layout-9d6595d7 wp-block-columns-is-layout-flex\">\n<div class=\"wp-block-column is-layout-flow wp-block-column-is-layout-flow\" style=\"flex-basis:100%\">\n<figure class=\"wp-block-table\"><table><tbody><tr><td>Thomas B\u00fchler (Pr\u00e4sident)<\/td><td>8493 Saland<\/td><\/tr><tr><td>Mich\u00e8le Frei (Aktuarin, Sekret\u00e4rin)<\/td><td>8400 Winterthur<\/td><\/tr><tr><td>Christian Obrist (Finanzen)<\/td><td>8405 Winterthur<\/td><\/tr><tr><td>Hanni Baumgartner (Projekte)<\/td><td>8405 Winterthur<\/td><\/tr><tr><td>Roger Cadonau (Projekte)<\/td><td>8620 Wetzikon<\/td><\/tr><tr><td>Ynze Boomsma (Projekte)<\/td><td>8408 Winterthur<\/td><\/tr><tr><td>Adrian Eichenberger (Projekte)<\/td><td>4952 Eriswil<\/td><\/tr><\/tbody><\/table><\/figure>\n<\/div>\n<\/div>\n\n\n\n<p><strong>Kontakte<\/strong>&nbsp;<\/p>\n\n\n\n<p>Helping Hands<br>Heinrich-Bosshard-Strasse 2<br>CH-8405 Winterthur<br>Switzerland<br>Tel. +41 77 488 35 85<br><a rel=\"noreferrer noopener\" href=\"http:\/\/www.helpinghands.ch\/\" target=\"_blank\">www.helpinghands.ch<\/a><br><a href=\"mailto:info@helpinghands.ch\">info@helpinghands.ch<\/a><\/p>\n\n\n\n<p><strong>Bankverbindung von Helping Hands<\/strong><\/p>\n\n\n\n<p>Helping Hands<\/p>\n\n\n\n<p>Heinrich-Bosshard-Strasse 2<br>8405 Winterthur<br>Z\u00fcrcher Kantonalbank<br>IBAN: CH54 0070 0114 8039 3821 9&nbsp;<\/p>\n\n\n\n<p>Bitte als Zweck der Zahlung den Projektnamen angeben.<\/p>\n\n\n\n<p>Die QR-Codes f\u00fcrs schweizer E-Banking sind bei den jeweiligen Projekten aufgef\u00fchrt.<\/p>\n\n\n\n<p><\/p>\n\n\n\n<p><\/p>\n","protected":false},"excerpt":{"rendered":"<p>Helping Hands Vorstandsmitglieder: Thomas B\u00fchler (Pr\u00e4sident) 8493 Saland Mich\u00e8le Frei (Aktuarin, Sekret\u00e4rin) 8400 Winterthur Christian Obrist (Finanzen) 8405 Winterthur Hanni Baumgartner (Projekte) 8405 Winterthur Roger Cadonau (Projekte) 8620 Wetzikon Ynze &#8230;<\/p>\n","protected":false},"author":1,"featured_media":0,"parent":0,"menu_order":0,"comment_status":"closed","ping_status":"closed","template":"","meta":{"footnotes":""},"class_list":["post-235","page","type-page","status-publish","hentry"],"_links":{"self":[{"href":"https:\/\/www.helpinghands.ch\/index.php?rest_route=\/wp\/v2\/pages\/235","targetHints":{"allow":["GET"]}}],"collection":[{"href":"https:\/\/www.helpinghands.ch\/index.php?rest_route=\/wp\/v2\/pages"}],"about":[{"href":"https:\/\/www.helpinghands.ch\/index.php?rest_route=\/wp\/v2\/types\/page"}],"author":[{"embeddable":true,"href":"https:\/\/www.helpinghands.ch\/index.php?rest_route=\/wp\/v2\/users\/1"}],"replies":[{"embeddable":true,"href":"https:\/\/www.helpinghands.ch\/index.php?rest_route=%2Fwp%2Fv2%2Fcomments&post=235"}],"version-history":[{"count":10,"href":"https:\/\/www.helpinghands.ch\/index.php?rest_route=\/wp\/v2\/pages\/235\/revisions"}],"predecessor-version":[{"id":811,"href":"https:\/\/www.helpinghands.ch\/index.php?rest_route=\/wp\/v2\/pages\/235\/revisions\/811"}],"wp:attachment":[{"href":"https:\/\/www.helpinghands.ch\/index.php?rest_route=%2Fwp%2Fv2%2Fmedia&parent=235"}],"curies":[{"name":"wp","href":"https:\/\/api.w.org\/{rel}","templated":true}]}}