{"id":242,"date":"2024-05-28T07:24:03","date_gmt":"2024-05-28T07:24:03","guid":{"rendered":"https:\/\/www.helpinghands.ch\/?page_id=242"},"modified":"2024-05-28T07:24:03","modified_gmt":"2024-05-28T07:24:03","slug":"kinderhilfswerk-philippinen","status":"publish","type":"page","link":"https:\/\/www.helpinghands.ch\/?page_id=242","title":{"rendered":"Kinderhilfswerk &#8211; Philippinen"},"content":{"rendered":"\n<p>Das Projekt verhilft \u00fcber 220 Kindern zu mehr Lebensqualit\u00e4t und gibt ihnen die Chance auf eine bessere Zukunft. Durch pers\u00f6nliche Patenschaften erhalten sie finanzielle Unterst\u00fctzung und individuelle Begleitung. <\/p>\n\n\n\n<figure class=\"wp-block-image size-large\"><img fetchpriority=\"high\" decoding=\"async\" width=\"1024\" height=\"768\" src=\"https:\/\/www.helpinghands.ch\/wp-content\/uploads\/2024\/05\/IMG_3016-1024x768.jpg\" alt=\"\" class=\"wp-image-823\" srcset=\"https:\/\/www.helpinghands.ch\/wp-content\/uploads\/2024\/05\/IMG_3016-1024x768.jpg 1024w, https:\/\/www.helpinghands.ch\/wp-content\/uploads\/2024\/05\/IMG_3016-300x225.jpg 300w, https:\/\/www.helpinghands.ch\/wp-content\/uploads\/2024\/05\/IMG_3016-768x576.jpg 768w, https:\/\/www.helpinghands.ch\/wp-content\/uploads\/2024\/05\/IMG_3016-1536x1152.jpg 1536w, https:\/\/www.helpinghands.ch\/wp-content\/uploads\/2024\/05\/IMG_3016-2048x1536.jpg 2048w, https:\/\/www.helpinghands.ch\/wp-content\/uploads\/2024\/05\/IMG_3016-1568x1176.jpg 1568w\" sizes=\"(max-width: 1024px) 100vw, 1024px\" \/><\/figure>\n\n\n\n<p>Der kontinuierliche Schulbesuch und eine berufliche Ausbildung tragen dazu bei, die Armuts-Spirale zu \u00fcberwinden. Die Kinder erleben durch die patenschaftliche F\u00f6rderung ein Gef\u00fchl der Annahme und Sicherheit, was sich positiv auf ihre Entwicklung auswirkt.<\/p>\n\n\n\n<figure class=\"wp-block-image size-large\"><img decoding=\"async\" width=\"1024\" height=\"633\" src=\"https:\/\/www.helpinghands.ch\/wp-content\/uploads\/2024\/05\/IMG_3188-1024x633.jpeg\" alt=\"\" class=\"wp-image-824\" srcset=\"https:\/\/www.helpinghands.ch\/wp-content\/uploads\/2024\/05\/IMG_3188-1024x633.jpeg 1024w, https:\/\/www.helpinghands.ch\/wp-content\/uploads\/2024\/05\/IMG_3188-300x186.jpeg 300w, https:\/\/www.helpinghands.ch\/wp-content\/uploads\/2024\/05\/IMG_3188-768x475.jpeg 768w, https:\/\/www.helpinghands.ch\/wp-content\/uploads\/2024\/05\/IMG_3188-1536x950.jpeg 1536w, https:\/\/www.helpinghands.ch\/wp-content\/uploads\/2024\/05\/IMG_3188-2048x1267.jpeg 2048w, https:\/\/www.helpinghands.ch\/wp-content\/uploads\/2024\/05\/IMG_3188-1568x970.jpeg 1568w\" sizes=\"(max-width: 1024px) 100vw, 1024px\" \/><\/figure>\n\n\n\n<p>Dank unseren \u00fcber 130 Sponsoren in der Schweiz sind wir in der Lage, Monat f\u00fcr Monat die Unterst\u00fctzungsgelder in die Philippinen zu \u00fcberweisen.<\/p>\n\n\n\n<figure class=\"wp-block-image size-large\"><img decoding=\"async\" width=\"1024\" height=\"768\" src=\"https:\/\/www.helpinghands.ch\/wp-content\/uploads\/2024\/05\/IMG_3755-1024x768.jpg\" alt=\"\" class=\"wp-image-826\" srcset=\"https:\/\/www.helpinghands.ch\/wp-content\/uploads\/2024\/05\/IMG_3755-1024x768.jpg 1024w, https:\/\/www.helpinghands.ch\/wp-content\/uploads\/2024\/05\/IMG_3755-300x225.jpg 300w, https:\/\/www.helpinghands.ch\/wp-content\/uploads\/2024\/05\/IMG_3755-768x576.jpg 768w, https:\/\/www.helpinghands.ch\/wp-content\/uploads\/2024\/05\/IMG_3755-1536x1152.jpg 1536w, https:\/\/www.helpinghands.ch\/wp-content\/uploads\/2024\/05\/IMG_3755-2048x1536.jpg 2048w, https:\/\/www.helpinghands.ch\/wp-content\/uploads\/2024\/05\/IMG_3755-1568x1176.jpg 1568w\" sizes=\"(max-width: 1024px) 100vw, 1024px\" \/><\/figure>\n\n\n\n<p>Wir unterst\u00fctzen die Kinder w\u00e4hrend der ganzen Schulzeit bis Ende der High School (mit 19 Jahren) oder, wenn sie es schaffen, bis zum Schulabschluss in den Colleges (mit 20-21 Jahren), was ihnen meistens einen guten Einstieg ins Erwerbsleben erm\u00f6glicht.\u00a0\u00a0<\/p>\n\n\n\n<figure class=\"wp-block-image size-large\"><img loading=\"lazy\" decoding=\"async\" width=\"1024\" height=\"768\" src=\"https:\/\/www.helpinghands.ch\/wp-content\/uploads\/2024\/05\/IMG_3183-1024x768.jpeg\" alt=\"\" class=\"wp-image-825\" srcset=\"https:\/\/www.helpinghands.ch\/wp-content\/uploads\/2024\/05\/IMG_3183-1024x768.jpeg 1024w, https:\/\/www.helpinghands.ch\/wp-content\/uploads\/2024\/05\/IMG_3183-300x225.jpeg 300w, https:\/\/www.helpinghands.ch\/wp-content\/uploads\/2024\/05\/IMG_3183-768x576.jpeg 768w, https:\/\/www.helpinghands.ch\/wp-content\/uploads\/2024\/05\/IMG_3183-1536x1152.jpeg 1536w, https:\/\/www.helpinghands.ch\/wp-content\/uploads\/2024\/05\/IMG_3183-2048x1536.jpeg 2048w, https:\/\/www.helpinghands.ch\/wp-content\/uploads\/2024\/05\/IMG_3183-1568x1176.jpeg 1568w\" sizes=\"(max-width: 1024px) 100vw, 1024px\" \/><\/figure>\n\n\n\n<p>In all den vielen Jahren haben deshalb j\u00e4hrlich 30 bis 40 Jugendliche ihren Schulabschluss erfolgreich beenden k\u00f6nnen. <\/p>\n\n\n\n<p>Wir danken all diesen treuen Sponsoren von ganzem Herzen!<\/p>\n","protected":false},"excerpt":{"rendered":"<p>Das Projekt verhilft \u00fcber 220 Kindern zu mehr Lebensqualit\u00e4t und gibt ihnen die Chance auf eine bessere Zukunft. Durch pers\u00f6nliche Patenschaften erhalten sie finanzielle Unterst\u00fctzung und individuelle Begleitung. Der kontinuierliche &#8230;<\/p>\n","protected":false},"author":1,"featured_media":0,"parent":0,"menu_order":0,"comment_status":"closed","ping_status":"closed","template":"","meta":{"footnotes":""},"class_list":["post-242","page","type-page","status-publish","hentry"],"_links":{"self":[{"href":"https:\/\/www.helpinghands.ch\/index.php?rest_route=\/wp\/v2\/pages\/242","targetHints":{"allow":["GET"]}}],"collection":[{"href":"https:\/\/www.helpinghands.ch\/index.php?rest_route=\/wp\/v2\/pages"}],"about":[{"href":"https:\/\/www.helpinghands.ch\/index.php?rest_route=\/wp\/v2\/types\/page"}],"author":[{"embeddable":true,"href":"https:\/\/www.helpinghands.ch\/index.php?rest_route=\/wp\/v2\/users\/1"}],"replies":[{"embeddable":true,"href":"https:\/\/www.helpinghands.ch\/index.php?rest_route=%2Fwp%2Fv2%2Fcomments&post=242"}],"version-history":[{"count":3,"href":"https:\/\/www.helpinghands.ch\/index.php?rest_route=\/wp\/v2\/pages\/242\/revisions"}],"predecessor-version":[{"id":828,"href":"https:\/\/www.helpinghands.ch\/index.php?rest_route=\/wp\/v2\/pages\/242\/revisions\/828"}],"wp:attachment":[{"href":"https:\/\/www.helpinghands.ch\/index.php?rest_route=%2Fwp%2Fv2%2Fmedia&parent=242"}],"curies":[{"name":"wp","href":"https:\/\/api.w.org\/{rel}","templated":true}]}}