{"id":269,"date":"2021-08-18T11:50:05","date_gmt":"2021-08-18T11:50:05","guid":{"rendered":"https:\/\/www.helpinghands.ch\/?page_id=269"},"modified":"2024-08-07T09:21:35","modified_gmt":"2024-08-07T09:21:35","slug":"jahresbericht-des-praesidenten-fuer-das-jahr-2020-und-ausblick-auf-2021","status":"publish","type":"page","link":"https:\/\/www.helpinghands.ch\/?page_id=269","title":{"rendered":"Jahresbericht des Pr\u00e4sidenten f\u00fcr das Jahr 2023 und Ausblick auf 2024"},"content":{"rendered":"\n<p>Im vergangen Jahr gab es auf der Weltb\u00fchne immer wieder schlechte Nachrichten. Die schlimmste ist sicher der Angriff der Hamas auf Israel. Der Ukraine Krieg tobt auch immer noch. Aber auch Unwetter und Vulkan Ausbruch auf Island und t\u00e4glich gibt es weitere schlechte Nachrichten.<\/p>\n\n\n\n<p>Das h\u00e4lt uns nicht ab Gutes zu tun und f\u00fcr die \u00c4rmsten Unterst\u00fctzung zu. Bieten, wenn wir auch nur ein Tropfen auf dem heissen Stein sind.<\/p>\n\n\n\n<p><em>Psalm 82:3<\/em><\/p>\n\n\n\n<p><em>Schaffet Recht dem Armen und dem Waisen und helfet dem Elenden und D\u00fcrftigen zum Recht!<\/em><\/p>\n\n\n\n<p>Auch im Jahr 2023 haben alle unsere Mitarbeitenden in den verschiedenen Projekten grossen Einsatz geleistet. In vielen L\u00e4ndern sind die Beh\u00f6rdeng\u00e4nge schwierig und m\u00fchsam, die politischen Systeme verordnen oft gr\u00f6ssere H\u00fcrden und unsere Missionare brauchen viel Zeit und Geduld, um ihre Gesch\u00e4fte vor Ort zu erledigen.<br><br>Ein grossen Dank m\u00f6chte ich allen Spenderinnen und Spendern in der Schweiz und aus den Nachbarsl\u00e4ndern aussprechen.<br>Durch Eure Gaben k\u00f6nnen die Projekte Ihre Berufung und Arbeit tun. In vielen L\u00e4nder wird so die Not der Menschen gelindert.<\/p>\n\n\n\n<p>Zurzeit umfasst Helpling Hands 13 Projekte in acht verschieden L\u00e4ndern.<\/p>\n\n\n\n<p>In Sri Lanka ist die wirtschaftliche Situation immer noch sehr herausfordernd, viele Jugendliche ziehen ins Ausland, um dort Ihr Gl\u00fcck zu suchen. Die Abwanderung schw\u00e4cht das Land und es ist nicht einfach f\u00fcr die Zur\u00fcckbleibenden.<br><br>Auf den Philippinen werden aktuell 231 Kinder und Jugendliche unterst\u00fctzt, die durch die Spenden die Schule langfristig besuchen k\u00f6nnen. Arlen ist unsere zuverl\u00e4ssige Mitarbeiterin vor Ort. Sie berichtet von regelm\u00e4ssigen Treffen mit Pastoren und Pastorinnen und den Kindern und Jugendlichen.<br><br>Die Familie Seelig und die Familie Sch\u00e4r in Brasilien haben vielf\u00e4ltige Herausforderungen mit ihrem Kinder- und Schulheim. Einmal sind die Kinderheime voll dann k\u00f6nnen wieder Kinder wegziehen, die adoptiert werden. In diesem Projekt hilft die Familie Peters kr\u00e4ftig mit.<br><br>Familie Veloso arbeitet in San Paulo unter Drogenabh\u00e4ngigen. Sie investieren sich mit viel Engagement f\u00fcr ihre grosse Aufgabe. Sei es mit Wohnungen suchen und einrichten oder mit der Betreuung ihrer Klienten.<br><br>Bei der Familie Roller in Rum\u00e4nien sind die Herausforderungen nicht kleiner geworden. Der Verkauf von Lebensmittel auf dem Markt ist schwieriger geworden daf\u00fcr kann Bernd mehr Zeit investieren, um mit den Leuten \u00fcber den Glauben sprechen.<br><br>In Tansania konnte im Jahr 2023 die dritte B\u00e4ckerei in Loltpes bei den Massai aufgebaut werden. Zum ersten Mal kauften wir einen Gasbackofen, um nicht vom Strom abh\u00e4ngig zu sein.<br><br>Die Spenden im Jahr 2023 sind mit CHF 722 338.70 fast gleichgeblieben wie im Vorjahr.<br>Familie Seelig und Familie Sch\u00e4r im Projekt \u00abWith open Arms\u00bb in Brasilien machen fast 50 % des Spendenvolumens von Helping Hands aus.<br>Das Kinder Hilfswerk in den Philippinen und Ruht Palma in Manila machen etwa 10% aus oder 71 000.- CHF<\/p>\n\n\n\n<p>Auch das Kinderhilfswerk und die Mikrokredite in Sir Lanka belaufen sich auf rund CHF 57 000.- was etwa 8 % ausmacht.<br>Die allgemeinen Aufwendungen beliefen sich auf CHF 32 458.75 was 4.49 % ausmacht.<br>Dieser tiefe Satz ergibt sich, weil der gesamte Vorstand ehrenamtlich arbeitet und wir nur die Arbeit der Buchhaltung und die Revision bezahlen m\u00fcssen.<br><br>Im Namen des Vorstands von Helping Hands und allen Projekt- Mitarbeitenden danken wir von ganzem Herzen allen Vereinsmitgliedern und denn \u00fcber 700 SpenderInnen und Spendern f\u00fcr Ihre reichen Gaben und Unterst\u00fctzung im vergangenen Jahr. Der Segen Gottes soll reichlich \u00fcber Euch sein.<\/p>\n\n\n\n<p>Der Pr\u00e4sident von Helping Hands<\/p>\n\n\n\n<p>Thomas B\u00fchler<\/p>\n\n\n\n<p>Saland, 10.05.2024<\/p>\n","protected":false},"excerpt":{"rendered":"<p>Im vergangen Jahr gab es auf der Weltb\u00fchne immer wieder schlechte Nachrichten. Die schlimmste ist sicher der Angriff der Hamas auf Israel. Der Ukraine Krieg tobt auch immer noch. Aber &#8230;<\/p>\n","protected":false},"author":1,"featured_media":0,"parent":0,"menu_order":0,"comment_status":"closed","ping_status":"closed","template":"","meta":{"footnotes":""},"class_list":["post-269","page","type-page","status-publish","hentry"],"_links":{"self":[{"href":"https:\/\/www.helpinghands.ch\/index.php?rest_route=\/wp\/v2\/pages\/269","targetHints":{"allow":["GET"]}}],"collection":[{"href":"https:\/\/www.helpinghands.ch\/index.php?rest_route=\/wp\/v2\/pages"}],"about":[{"href":"https:\/\/www.helpinghands.ch\/index.php?rest_route=\/wp\/v2\/types\/page"}],"author":[{"embeddable":true,"href":"https:\/\/www.helpinghands.ch\/index.php?rest_route=\/wp\/v2\/users\/1"}],"replies":[{"embeddable":true,"href":"https:\/\/www.helpinghands.ch\/index.php?rest_route=%2Fwp%2Fv2%2Fcomments&post=269"}],"version-history":[{"count":3,"href":"https:\/\/www.helpinghands.ch\/index.php?rest_route=\/wp\/v2\/pages\/269\/revisions"}],"predecessor-version":[{"id":877,"href":"https:\/\/www.helpinghands.ch\/index.php?rest_route=\/wp\/v2\/pages\/269\/revisions\/877"}],"wp:attachment":[{"href":"https:\/\/www.helpinghands.ch\/index.php?rest_route=%2Fwp%2Fv2%2Fmedia&parent=269"}],"curies":[{"name":"wp","href":"https:\/\/api.w.org\/{rel}","templated":true}]}}