{"id":29,"date":"2021-06-28T20:29:38","date_gmt":"2021-06-28T20:29:38","guid":{"rendered":"https:\/\/www.helpinghands.ch\/?page_id=29"},"modified":"2024-10-27T20:03:53","modified_gmt":"2024-10-27T20:03:53","slug":"30-jahre-beginn-und-entwicklung-von-helping-hands","status":"publish","type":"page","link":"https:\/\/www.helpinghands.ch\/?page_id=29","title":{"rendered":"30+ Jahre Helping Hands: Start &#038; Entwicklung"},"content":{"rendered":"\n<figure class=\"wp-block-image size-full\"><img fetchpriority=\"high\" decoding=\"async\" width=\"800\" height=\"480\" src=\"https:\/\/www.helpinghands.ch\/wp-content\/uploads\/2021\/08\/home.gif\" alt=\"\" class=\"wp-image-225\"\/><figcaption class=\"wp-element-caption\">Helping Hands Jahresbrosch\u00fcren der vergangenen Jahre.<\/figcaption><\/figure>\n\n\n\n<h2 class=\"wp-block-heading\">1991<\/h2>\n\n\n\n<p>Begonnen hat die erfolgreiche Geschichte des gemeinn\u00fctzigen Vereins 1991, als an einem Gottesdienst in der Freikirche \u00abArche\u00bb in Winterthur Meike Lehmann auf die B\u00fchne trat und voll Emotionen ihre Vision f\u00fcr die Kinder auf den Philippinen kundtat. Sie wollte mit Sponsoren den armen Kindern helfen, so dass sie in die Schule gehen k\u00f6nnen.<br><br><\/p>\n\n\n\n<figure class=\"wp-block-image size-large\"><img decoding=\"async\" width=\"1000\" height=\"569\" src=\"https:\/\/www.helpinghands.ch\/wp-content\/uploads\/2021\/06\/30_jahre_01.png\" alt=\"\" class=\"wp-image-30\" srcset=\"https:\/\/www.helpinghands.ch\/wp-content\/uploads\/2021\/06\/30_jahre_01.png 1000w, https:\/\/www.helpinghands.ch\/wp-content\/uploads\/2021\/06\/30_jahre_01-300x171.png 300w, https:\/\/www.helpinghands.ch\/wp-content\/uploads\/2021\/06\/30_jahre_01-768x437.png 768w, https:\/\/www.helpinghands.ch\/wp-content\/uploads\/2021\/06\/30_jahre_01-800x455.png 800w\" sizes=\"(max-width: 1000px) 100vw, 1000px\" \/><figcaption class=\"wp-element-caption\">Ruth Schnider, Meike Lehmann und Marianne Stahel, drei Gr\u00fcnderinnen mit Tintin und Dottie<\/figcaption><\/figure>\n\n\n\n<p>Mit dieser Vision kam sie im M\u00e4rz 1991 von den Philippinen zur\u00fcck, trat vor die Gemeinde in der Arche Winterthur und fragte: \u00abWer kann mir helfen?\u00bb F\u00fcnf Gemeindemitglieder f\u00fchlten sich sofort angesprochen. Schon drei Monate sp\u00e4ter, im Juli trafen sich alle und gr\u00fcndeten den Verein Helping Hands.<\/p>\n\n\n\n<figure class=\"wp-block-image size-large\"><img decoding=\"async\" width=\"615\" height=\"622\" src=\"https:\/\/www.helpinghands.ch\/wp-content\/uploads\/2021\/06\/30_jahre_02.png\" alt=\"\" class=\"wp-image-31\" srcset=\"https:\/\/www.helpinghands.ch\/wp-content\/uploads\/2021\/06\/30_jahre_02.png 615w, https:\/\/www.helpinghands.ch\/wp-content\/uploads\/2021\/06\/30_jahre_02-297x300.png 297w\" sizes=\"(max-width: 615px) 100vw, 615px\" \/><figcaption class=\"wp-element-caption\">Manfred Stahel, Pastor Ed Fernandez und Dani Graf<\/figcaption><\/figure>\n\n\n\n<p><br>Meike hatte auf den Philippinen das Pastoren-Ehepaar Ed und Dottie Fernandez von der Bewegung \u00abLift Jesus Worldwide Ministry\u00bb in Ilo-ilo City kennen gelernt. Noch im gleichen Jahr starteten wir das Projekt \u00abKinderhilfswerk auf den Philippinen\u00bb und unterst\u00fctzten 20 Kindern in Iloilo City. <\/p>\n\n\n\n<figure class=\"wp-block-image size-large\"><img loading=\"lazy\" decoding=\"async\" width=\"994\" height=\"545\" src=\"https:\/\/www.helpinghands.ch\/wp-content\/uploads\/2021\/06\/30_jahre_03.png\" alt=\"\" class=\"wp-image-32\" srcset=\"https:\/\/www.helpinghands.ch\/wp-content\/uploads\/2021\/06\/30_jahre_03.png 994w, https:\/\/www.helpinghands.ch\/wp-content\/uploads\/2021\/06\/30_jahre_03-300x164.png 300w, https:\/\/www.helpinghands.ch\/wp-content\/uploads\/2021\/06\/30_jahre_03-768x421.png 768w, https:\/\/www.helpinghands.ch\/wp-content\/uploads\/2021\/06\/30_jahre_03-800x439.png 800w\" sizes=\"(max-width: 994px) 100vw, 994px\" \/><figcaption class=\"wp-element-caption\">1995: Manfred, Dottie, Pastor Alain Morris und Ed<\/figcaption><\/figure>\n\n\n\n<p>Im gleichen Jahr reisten wir in die Philippinen, um die Zusammenarbeit mit dem Ehepaar Ed und Dottie Fernandez festzumachen, was seit 30 Jahren hervorragend funktioniert. Heute unterst\u00fctzen \u00fcber 100 Sponsoren 226 Patenkinder.<\/p>\n\n\n\n<h2 class=\"wp-block-heading\">1995<\/h2>\n\n\n\n<p>In diesem Jahr erlebte der Verein eine bedeutende Wende, weil der Vereinsvorstand und die Gemeindeleitung der \u00abArche\u00bb \u00fcbereinkamen, dass Helping Hands zum Missionsverein f\u00fcr lokale Gemeinden erweitert wird.<br><br>So kamen <strong>Ueli und Maria Tobler <\/strong>zu Helping Hands mit ihrem Einsatz in Recife, Brasilien bis 2010, dann bis 2020 in Asien. \u00dcber 27 Jahre lang verbreiteten sie das Evangelium mit konkreten Hilfeleistungen und totalem Einsatz, in den ersten 17 Jahren in Recife f\u00fcr die Strassenkinder und danach 10 Jahre in Asien f\u00fcr besondere Eins\u00e4tze. 2020 kehrten sie in die Schweiz zur\u00fcck und werden sich hier neu orientieren.<\/p>\n\n\n\n<figure class=\"wp-block-image size-large\"><img loading=\"lazy\" decoding=\"async\" width=\"704\" height=\"696\" src=\"https:\/\/www.helpinghands.ch\/wp-content\/uploads\/2021\/06\/30_jahre_04.png\" alt=\"\" class=\"wp-image-33\" srcset=\"https:\/\/www.helpinghands.ch\/wp-content\/uploads\/2021\/06\/30_jahre_04.png 704w, https:\/\/www.helpinghands.ch\/wp-content\/uploads\/2021\/06\/30_jahre_04-300x297.png 300w\" sizes=\"(max-width: 704px) 100vw, 704px\" \/><\/figure>\n\n\n\n<p><br><strong>Urs und Veronika Leuzinger <\/strong>wurden von 1995 bis 2003 von Helping Hands hilfreich unterst\u00fctzt, indem wir wie f\u00fcr alle Projekte die Spenden f\u00fcr sie sammelten und verwalteten. Sie arbeiteten bei Jacky Pullinger in Hong Kong unter Drogens\u00fcchtigen.<\/p>\n\n\n\n<figure class=\"wp-block-image size-large\"><img loading=\"lazy\" decoding=\"async\" width=\"993\" height=\"581\" src=\"https:\/\/www.helpinghands.ch\/wp-content\/uploads\/2021\/06\/30_jahre_05.png\" alt=\"\" class=\"wp-image-34\" srcset=\"https:\/\/www.helpinghands.ch\/wp-content\/uploads\/2021\/06\/30_jahre_05.png 993w, https:\/\/www.helpinghands.ch\/wp-content\/uploads\/2021\/06\/30_jahre_05-300x176.png 300w, https:\/\/www.helpinghands.ch\/wp-content\/uploads\/2021\/06\/30_jahre_05-768x449.png 768w, https:\/\/www.helpinghands.ch\/wp-content\/uploads\/2021\/06\/30_jahre_05-800x468.png 800w\" sizes=\"(max-width: 993px) 100vw, 993px\" \/><\/figure>\n\n\n\n<h2 class=\"wp-block-heading\">1997<\/h2>\n\n\n\n<p><strong>Hanni Baumgartner<\/strong>, Vorstandsmitglied war in jungen Jahren l\u00e4ngere Zeit in Sri Lanka im Einsatz. 1997 erfuhr sie von Pastoren der apostolischen Bewegung von Sri Lanka, dass diese wegen ihres geringen Einkommens M\u00fche hatten, ihre Kinder in die Schulen schicken zu k\u00f6nnen. So startete Helping Hands in Sri Lanka das Projekt \u00abKinderhilfswerk mit Patenschaften\u00bb. Hanni Baumgartner hat seit damals bis heute die Projektleitung im Vorstand. Heute werden 152 Kinder von Sponsoren mit 25 Franken pro Monat unterst\u00fctzt! Daneben haben sie ein Projekt mit Mikrokrediten f\u00fcr Menschen geschaffen, welche damit die Basis f\u00fcr selbst\u00e4ndige Einkommensm\u00f6glichkeiten erhalten.<\/p>\n\n\n\n<figure class=\"wp-block-image size-large\"><img loading=\"lazy\" decoding=\"async\" width=\"501\" height=\"573\" src=\"https:\/\/www.helpinghands.ch\/wp-content\/uploads\/2021\/06\/30_jahre_06.png\" alt=\"\" class=\"wp-image-35\" srcset=\"https:\/\/www.helpinghands.ch\/wp-content\/uploads\/2021\/06\/30_jahre_06.png 501w, https:\/\/www.helpinghands.ch\/wp-content\/uploads\/2021\/06\/30_jahre_06-262x300.png 262w\" sizes=\"(max-width: 501px) 100vw, 501px\" \/><figcaption class=\"wp-element-caption\">Hanni und Martin Baumgartner<\/figcaption><\/figure>\n\n\n\n<p><\/p>\n\n\n\n<figure class=\"wp-block-image size-large\"><img loading=\"lazy\" decoding=\"async\" width=\"769\" height=\"440\" src=\"https:\/\/www.helpinghands.ch\/wp-content\/uploads\/2021\/06\/30_jahre_07.png\" alt=\"\" class=\"wp-image-36\" srcset=\"https:\/\/www.helpinghands.ch\/wp-content\/uploads\/2021\/06\/30_jahre_07.png 769w, https:\/\/www.helpinghands.ch\/wp-content\/uploads\/2021\/06\/30_jahre_07-300x172.png 300w\" sizes=\"(max-width: 769px) 100vw, 769px\" \/><figcaption class=\"wp-element-caption\">Helping Hands Sri Lanka-Teamsitzung<\/figcaption><\/figure>\n\n\n\n<h2 class=\"wp-block-heading\">1998-2000<\/h2>\n\n\n\n<p>In diesen Jahren hatte Helping Hands weitere Missionarinnen und Missionare aufgenommen, n\u00e4mlich <strong>Hans R\u00fcegg<\/strong> (1998-2009) in Cusco, Peru; <strong>Mirjam Fischer<\/strong> (1998-2002) in Miami, USA.<br><\/p>\n\n\n\n<figure class=\"wp-block-image size-large\"><img loading=\"lazy\" decoding=\"async\" width=\"652\" height=\"521\" src=\"https:\/\/www.helpinghands.ch\/wp-content\/uploads\/2021\/06\/30_jahre_09.png\" alt=\"\" class=\"wp-image-38\" srcset=\"https:\/\/www.helpinghands.ch\/wp-content\/uploads\/2021\/06\/30_jahre_09.png 652w, https:\/\/www.helpinghands.ch\/wp-content\/uploads\/2021\/06\/30_jahre_09-300x240.png 300w\" sizes=\"(max-width: 652px) 100vw, 652px\" \/><figcaption class=\"wp-element-caption\"><strong>Fiona und Tomas Barek<\/strong>, Slowakei (bis heute)<\/figcaption><\/figure>\n\n\n\n<p><br><\/p>\n\n\n\n<figure class=\"wp-block-image size-large\"><img loading=\"lazy\" decoding=\"async\" width=\"625\" height=\"417\" src=\"https:\/\/www.helpinghands.ch\/wp-content\/uploads\/2021\/06\/30_jahre_10.png\" alt=\"\" class=\"wp-image-39\" srcset=\"https:\/\/www.helpinghands.ch\/wp-content\/uploads\/2021\/06\/30_jahre_10.png 625w, https:\/\/www.helpinghands.ch\/wp-content\/uploads\/2021\/06\/30_jahre_10-300x200.png 300w\" sizes=\"(max-width: 625px) 100vw, 625px\" \/><figcaption class=\"wp-element-caption\"><strong>Daniel Weber und Ahn<\/strong> (Hong Kong, bis 2017)<\/figcaption><\/figure>\n\n\n\n<h2 class=\"wp-block-heading\">2002<\/h2>\n\n\n\n<p>Damals reisten <strong>Joel und Madeleine Sch\u00fcmperli<\/strong> als Missionare nach Neuseeland und einige Jahre sp\u00e4ter nach Sevilla, Spanien.<\/p>\n\n\n\n<figure class=\"wp-block-image size-large\"><img loading=\"lazy\" decoding=\"async\" width=\"508\" height=\"501\" src=\"https:\/\/www.helpinghands.ch\/wp-content\/uploads\/2021\/06\/30_jahre_11.png\" alt=\"\" class=\"wp-image-40\" srcset=\"https:\/\/www.helpinghands.ch\/wp-content\/uploads\/2021\/06\/30_jahre_11.png 508w, https:\/\/www.helpinghands.ch\/wp-content\/uploads\/2021\/06\/30_jahre_11-300x296.png 300w\" sizes=\"(max-width: 508px) 100vw, 508px\" \/><\/figure>\n\n\n\n<p><strong>Ernst und Christine Trachsel<\/strong> haben in Manila, Philippinen das Waisenhaus \u00abNoah\u2019s Arche\u00bb f\u00fcr Kleinkinder und Babies aufgebaut. Wir haben sie in den zw\u00f6lf Jahren ihres Wirkens (bis 2014) drei Mal besucht und erlebt, wie liebe- und hingebungsvoll sie und ihre Mitarbeiterinnen die zumeist kranken und verstossenen Babies gehegt und gepflegt haben.<\/p>\n\n\n\n<figure class=\"wp-block-image size-large\"><img loading=\"lazy\" decoding=\"async\" width=\"532\" height=\"738\" src=\"https:\/\/www.helpinghands.ch\/wp-content\/uploads\/2021\/06\/30_jahre_12.png\" alt=\"\" class=\"wp-image-41\" srcset=\"https:\/\/www.helpinghands.ch\/wp-content\/uploads\/2021\/06\/30_jahre_12.png 532w, https:\/\/www.helpinghands.ch\/wp-content\/uploads\/2021\/06\/30_jahre_12-216x300.png 216w\" sizes=\"(max-width: 532px) 100vw, 532px\" \/><\/figure>\n\n\n\n<p><\/p>\n\n\n\n<figure class=\"wp-block-image size-large\"><img loading=\"lazy\" decoding=\"async\" width=\"989\" height=\"665\" src=\"https:\/\/www.helpinghands.ch\/wp-content\/uploads\/2021\/06\/30_jahre_13.png\" alt=\"\" class=\"wp-image-42\" srcset=\"https:\/\/www.helpinghands.ch\/wp-content\/uploads\/2021\/06\/30_jahre_13.png 989w, https:\/\/www.helpinghands.ch\/wp-content\/uploads\/2021\/06\/30_jahre_13-300x202.png 300w, https:\/\/www.helpinghands.ch\/wp-content\/uploads\/2021\/06\/30_jahre_13-768x516.png 768w, https:\/\/www.helpinghands.ch\/wp-content\/uploads\/2021\/06\/30_jahre_13-800x538.png 800w\" sizes=\"(max-width: 989px) 100vw, 989px\" \/><\/figure>\n\n\n\n<h2 class=\"wp-block-heading\">2006<\/h2>\n\n\n\n<p>In diesem Jahr starteten wir mit der Stiftung \u00abStar of Hope\u00bb in Bulgarien eine Art Spitexdienst mit der gl\u00e4ubigen Sozialarbeiterin Penka in der sehr armen gebirgigen Gegend von Strumjani (2006-2016). Helping Hands bezahlte aus Spenden ihre Lohn- und Sozialkosten und einen bergg\u00e4ngigen Toyota-Transporter.<\/p>\n\n\n\n<figure class=\"wp-block-image size-large\"><img loading=\"lazy\" decoding=\"async\" width=\"675\" height=\"550\" src=\"https:\/\/www.helpinghands.ch\/wp-content\/uploads\/2021\/06\/30_jahre_14.png\" alt=\"\" class=\"wp-image-43\" srcset=\"https:\/\/www.helpinghands.ch\/wp-content\/uploads\/2021\/06\/30_jahre_14.png 675w, https:\/\/www.helpinghands.ch\/wp-content\/uploads\/2021\/06\/30_jahre_14-300x244.png 300w\" sizes=\"(max-width: 675px) 100vw, 675px\" \/><\/figure>\n\n\n\n<p><br><strong>Hanni und Martin Baumgartner<\/strong> haben auch 2006 in Indien begonnen, eine Primarschule und deren Leiter und Lehrer zu unterst\u00fctzen. Auch in diesem Projekt hat Helping Hands seinen Grunds\u00e4tzen auf besondere Weise nachgelebt und ganz neue Erfahrungen gemacht.<br>2015 haben <strong>Ynze Boomsma <\/strong>(Vorstandsmitglied) <strong>und Anneke<\/strong> die Projektleitung \u00fcbernommen und reisen jetzt regelm\u00e4ssig nach Indien, um mit den Schulverantwortlichen<br>alles N\u00f6tige zu besprechen.<\/p>\n\n\n\n<figure class=\"wp-block-image size-large\"><img loading=\"lazy\" decoding=\"async\" width=\"994\" height=\"748\" src=\"https:\/\/www.helpinghands.ch\/wp-content\/uploads\/2021\/06\/30_jahre_15.png\" alt=\"\" class=\"wp-image-44\" srcset=\"https:\/\/www.helpinghands.ch\/wp-content\/uploads\/2021\/06\/30_jahre_15.png 994w, https:\/\/www.helpinghands.ch\/wp-content\/uploads\/2021\/06\/30_jahre_15-300x226.png 300w, https:\/\/www.helpinghands.ch\/wp-content\/uploads\/2021\/06\/30_jahre_15-768x578.png 768w, https:\/\/www.helpinghands.ch\/wp-content\/uploads\/2021\/06\/30_jahre_15-800x602.png 800w, https:\/\/www.helpinghands.ch\/wp-content\/uploads\/2021\/06\/30_jahre_15-400x300.png 400w\" sizes=\"(max-width: 994px) 100vw, 994px\" \/><\/figure>\n\n\n\n<p><br>2006-2008 hat Helping Hands in Accra, Ghana das <strong>Waisenhaus von Joy Amoah<\/strong> unterst\u00fctzt. Auch da durften wir erleben, wie liebe- und hingebungsvoll die junge Frau die 16 Waisenkinder hegte und pflegte. Heute sind es \u00fcber 20 Kinder. 2007 hat Erich Weber von der \u00abArche Winti\u00bb auf dem Grundst\u00fcck des Waisenhauses erfolgreich nach Wasser gebohrt. So kann Joy Amoah soviel gutes Trinkwasser mit einer Pumpe f\u00f6rdern wie sie ben\u00f6tigt und sogar an Nachbarn verkaufen.<\/p>\n\n\n\n<figure class=\"wp-block-image size-large\"><img loading=\"lazy\" decoding=\"async\" width=\"679\" height=\"473\" src=\"https:\/\/www.helpinghands.ch\/wp-content\/uploads\/2021\/06\/30_jahre_16.png\" alt=\"\" class=\"wp-image-45\" srcset=\"https:\/\/www.helpinghands.ch\/wp-content\/uploads\/2021\/06\/30_jahre_16.png 679w, https:\/\/www.helpinghands.ch\/wp-content\/uploads\/2021\/06\/30_jahre_16-300x209.png 300w\" sizes=\"(max-width: 679px) 100vw, 679px\" \/><\/figure>\n\n\n\n<h2 class=\"wp-block-heading\">2009 bis heute<\/h2>\n\n\n\n<p><strong>Michael und Gabriela Seelig<\/strong> reisten damals mit ihren vier Kindern nach Recife Brasilien, um in der Base von JMEM mit Hingabe im Strassenkinder-Projekt mitzuarbeiten. Nach sechs Jahren gr\u00fcndeten sie die neue Organisation \u00abWith Open Arms\u00bb in Camaragibe und konnten ein grosses Gel\u00e4nde f\u00fcr eine neue Base kaufen. Bis heute sind darauf zahlreiche Geb\u00e4ude wie Wohnh\u00e4user, Knaben- und M\u00e4dchenh\u00e4user und ein Mehrzweckgeb\u00e4ude errichtet worden und neuestens ist ein Schulhaus im Bau. Und das Projekt w\u00e4chst gewaltig und wird von Gott gesegnet.<\/p>\n\n\n\n<figure class=\"wp-block-image size-large\"><img loading=\"lazy\" decoding=\"async\" width=\"1002\" height=\"588\" src=\"https:\/\/www.helpinghands.ch\/wp-content\/uploads\/2021\/06\/30_jahre_17-1.png\" alt=\"\" class=\"wp-image-47\" srcset=\"https:\/\/www.helpinghands.ch\/wp-content\/uploads\/2021\/06\/30_jahre_17-1.png 1002w, https:\/\/www.helpinghands.ch\/wp-content\/uploads\/2021\/06\/30_jahre_17-1-300x176.png 300w, https:\/\/www.helpinghands.ch\/wp-content\/uploads\/2021\/06\/30_jahre_17-1-768x451.png 768w, https:\/\/www.helpinghands.ch\/wp-content\/uploads\/2021\/06\/30_jahre_17-1-800x469.png 800w\" sizes=\"(max-width: 1002px) 100vw, 1002px\" \/><\/figure>\n\n\n\n<p><\/p>\n\n\n\n<figure class=\"wp-block-image size-large\"><img loading=\"lazy\" decoding=\"async\" width=\"565\" height=\"485\" src=\"https:\/\/www.helpinghands.ch\/wp-content\/uploads\/2021\/06\/30_jahre_18.png\" alt=\"\" class=\"wp-image-48\" srcset=\"https:\/\/www.helpinghands.ch\/wp-content\/uploads\/2021\/06\/30_jahre_18.png 565w, https:\/\/www.helpinghands.ch\/wp-content\/uploads\/2021\/06\/30_jahre_18-300x258.png 300w\" sizes=\"(max-width: 565px) 100vw, 565px\" \/><\/figure>\n\n\n\n<h2 class=\"wp-block-heading\">2015<\/h2>\n\n\n\n<p><strong>Tobias und Damaris Sch\u00e4r<\/strong> reisten mitte 2015 nach Recife und wirkten auf der Base von JMEM in der Strassenkinder-Arbeit mit. Nach zwei Jahren schlossen sie sich der Familie Seelig im Projekt \u00abWith Open Arms\u00bb in Camaragibe an. Seither bis heute sind sie sehr aktiv im Aufbau, in der Betreuung der Heim- und der Strassenkinder t\u00e4tig und erleben Wunder, hin und wieder auch schwierige Zeiten, wie alle Missionare an den Fronten.<\/p>\n\n\n\n<figure class=\"wp-block-image size-large\"><img loading=\"lazy\" decoding=\"async\" width=\"533\" height=\"719\" src=\"https:\/\/www.helpinghands.ch\/wp-content\/uploads\/2021\/06\/30_jahre_19.png\" alt=\"\" class=\"wp-image-49\" srcset=\"https:\/\/www.helpinghands.ch\/wp-content\/uploads\/2021\/06\/30_jahre_19.png 533w, https:\/\/www.helpinghands.ch\/wp-content\/uploads\/2021\/06\/30_jahre_19-222x300.png 222w\" sizes=\"(max-width: 533px) 100vw, 533px\" \/><\/figure>\n\n\n\n<p><\/p>\n\n\n\n<figure class=\"wp-block-image size-large\"><img loading=\"lazy\" decoding=\"async\" width=\"644\" height=\"480\" src=\"https:\/\/www.helpinghands.ch\/wp-content\/uploads\/2021\/06\/30_jahre_20.png\" alt=\"\" class=\"wp-image-50\" srcset=\"https:\/\/www.helpinghands.ch\/wp-content\/uploads\/2021\/06\/30_jahre_20.png 644w, https:\/\/www.helpinghands.ch\/wp-content\/uploads\/2021\/06\/30_jahre_20-300x224.png 300w\" sizes=\"(max-width: 644px) 100vw, 644px\" \/><\/figure>\n\n\n\n<h2 class=\"wp-block-heading\">2018<\/h2>\n\n\n\n<p>2018 hat Helping Hands das Projekt von<strong> Bernd und Fr\u00e4nzi Roller<\/strong> in Targu Mures, Rum\u00e4nien, einem sehr armen Landesteil \u00fcbernommen. Ziel ihres Projekts \u00abBozed\u00bb ist, randst\u00e4ndige Menschen in ihrem Landwirtschaftsbetrieb zu betreuen und in strukturelle und geordnete Lebensverh\u00e4ltnisse zu f\u00fchren.<\/p>\n\n\n\n<figure class=\"wp-block-image size-large\"><img loading=\"lazy\" decoding=\"async\" width=\"669\" height=\"636\" src=\"https:\/\/www.helpinghands.ch\/wp-content\/uploads\/2021\/06\/30_jahre_21.png\" alt=\"\" class=\"wp-image-51\" srcset=\"https:\/\/www.helpinghands.ch\/wp-content\/uploads\/2021\/06\/30_jahre_21.png 669w, https:\/\/www.helpinghands.ch\/wp-content\/uploads\/2021\/06\/30_jahre_21-300x285.png 300w\" sizes=\"(max-width: 669px) 100vw, 669px\" \/><\/figure>\n\n\n\n<p><\/p>\n\n\n\n<figure class=\"wp-block-image size-large\"><img loading=\"lazy\" decoding=\"async\" width=\"634\" height=\"506\" src=\"https:\/\/www.helpinghands.ch\/wp-content\/uploads\/2021\/06\/30_jahre_22.png\" alt=\"\" class=\"wp-image-52\" srcset=\"https:\/\/www.helpinghands.ch\/wp-content\/uploads\/2021\/06\/30_jahre_22.png 634w, https:\/\/www.helpinghands.ch\/wp-content\/uploads\/2021\/06\/30_jahre_22-300x239.png 300w\" sizes=\"(max-width: 634px) 100vw, 634px\" \/><\/figure>\n\n\n\n<p><br><strong>Heidi und Brent Scantlebury<\/strong> sind auch 2018 nach Neuseeland ausgereist und arbeiten bei Eins\u00e4tzen und im Betrieb in der JMEM Base mit.<\/p>\n\n\n\n<figure class=\"wp-block-image size-large\"><img loading=\"lazy\" decoding=\"async\" width=\"582\" height=\"623\" src=\"https:\/\/www.helpinghands.ch\/wp-content\/uploads\/2021\/06\/30_jahre_23.png\" alt=\"\" class=\"wp-image-53\" srcset=\"https:\/\/www.helpinghands.ch\/wp-content\/uploads\/2021\/06\/30_jahre_23.png 582w, https:\/\/www.helpinghands.ch\/wp-content\/uploads\/2021\/06\/30_jahre_23-280x300.png 280w\" sizes=\"(max-width: 582px) 100vw, 582px\" \/><\/figure>\n\n\n\n<h2 class=\"wp-block-heading\">2020<\/h2>\n\n\n\n<p><strong>Emerson und Esther Veloso-Z\u00fcrcher<\/strong> reisten als frisch Verheiratete nach S\u00e3o Paulo, Brasilien und arbeiten dort mit beim Drogen Therapie-Projekt \u00abMiss\u00e3oResgate\u00bb f\u00fcr junge Leute, die drogenabh\u00e4ngig sind.<\/p>\n\n\n\n<figure class=\"wp-block-image size-large\"><img loading=\"lazy\" decoding=\"async\" width=\"561\" height=\"851\" src=\"https:\/\/www.helpinghands.ch\/wp-content\/uploads\/2021\/06\/30_jahre_24.png\" alt=\"\" class=\"wp-image-54\" srcset=\"https:\/\/www.helpinghands.ch\/wp-content\/uploads\/2021\/06\/30_jahre_24.png 561w, https:\/\/www.helpinghands.ch\/wp-content\/uploads\/2021\/06\/30_jahre_24-198x300.png 198w\" sizes=\"(max-width: 561px) 100vw, 561px\" \/><\/figure>\n\n\n\n<p><strong>J\u00fcrg Vivian<\/strong>, ehemaliger Jugendpastor bildet bei einigen apostolischen Gemeinden in Burkina Faso die Leiter und Mitarbeiter f\u00fcr eine aktive und nachhaltige Kinder- und Jugendarbeit aus. Dabei werden an verschiedenen Orten Camps f\u00fcr Kinder- und Jugendliche durchgef\u00fchrt.<\/p>\n\n\n\n<figure class=\"wp-block-image size-large\"><img loading=\"lazy\" decoding=\"async\" width=\"1000\" height=\"586\" src=\"https:\/\/www.helpinghands.ch\/wp-content\/uploads\/2021\/06\/30_jahre_25.png\" alt=\"\" class=\"wp-image-55\" srcset=\"https:\/\/www.helpinghands.ch\/wp-content\/uploads\/2021\/06\/30_jahre_25.png 1000w, https:\/\/www.helpinghands.ch\/wp-content\/uploads\/2021\/06\/30_jahre_25-300x176.png 300w, https:\/\/www.helpinghands.ch\/wp-content\/uploads\/2021\/06\/30_jahre_25-768x450.png 768w, https:\/\/www.helpinghands.ch\/wp-content\/uploads\/2021\/06\/30_jahre_25-800x469.png 800w\" sizes=\"(max-width: 1000px) 100vw, 1000px\" \/><\/figure>\n\n\n\n<p><br><strong>Thomas B\u00fchler<\/strong>, Pr\u00e4sident von Helping Hands, ist pensionierter B\u00e4ckermeister. Er hat in Tansania B\u00e4ckereien in zwei Gemeinden aufgebaut. Mit gebrauchten Maschinen aus der Schweiz erm\u00f6glicht er, dass die von ihm ausgebildeten Einheimischen t\u00e4glich Hunderte von Kilo gutes Brot f\u00fcr die Bewohner backen k\u00f6nnen. Bereits ist ein weiteres Projekt in der gleichen Art in der Entstehung.<br><br><\/p>\n\n\n\n<figure class=\"wp-block-image size-large\"><img loading=\"lazy\" decoding=\"async\" width=\"727\" height=\"572\" src=\"https:\/\/www.helpinghands.ch\/wp-content\/uploads\/2021\/06\/30_jahre_26.png\" alt=\"\" class=\"wp-image-56\" srcset=\"https:\/\/www.helpinghands.ch\/wp-content\/uploads\/2021\/06\/30_jahre_26.png 727w, https:\/\/www.helpinghands.ch\/wp-content\/uploads\/2021\/06\/30_jahre_26-300x236.png 300w\" sizes=\"(max-width: 727px) 100vw, 727px\" \/><\/figure>\n\n\n\n<p><\/p>\n\n\n\n<figure class=\"wp-block-image size-large\"><img loading=\"lazy\" decoding=\"async\" width=\"702\" height=\"549\" src=\"https:\/\/www.helpinghands.ch\/wp-content\/uploads\/2021\/06\/30_jahre_27.png\" alt=\"\" class=\"wp-image-57\" srcset=\"https:\/\/www.helpinghands.ch\/wp-content\/uploads\/2021\/06\/30_jahre_27.png 702w, https:\/\/www.helpinghands.ch\/wp-content\/uploads\/2021\/06\/30_jahre_27-300x235.png 300w\" sizes=\"(max-width: 702px) 100vw, 702px\" \/><\/figure>\n\n\n\n<p>Ist es nicht \u00fcberw\u00e4ltigend zu sehen, was in diesen 30 Jahren Dank Gott und den Mitarbeitenden weltweit geschehen durfte! Und auch ganz besonders herzlich danken wir den \u00fcber 700 Spenderinnen und Spendern.<\/p>\n","protected":false},"excerpt":{"rendered":"<p>1991 Begonnen hat die erfolgreiche Geschichte des gemeinn\u00fctzigen Vereins 1991, als an einem Gottesdienst in der Freikirche \u00abArche\u00bb in Winterthur Meike Lehmann auf die B\u00fchne trat und voll Emotionen ihre &#8230;<\/p>\n","protected":false},"author":1,"featured_media":0,"parent":0,"menu_order":0,"comment_status":"closed","ping_status":"closed","template":"","meta":{"footnotes":""},"class_list":["post-29","page","type-page","status-publish","hentry"],"_links":{"self":[{"href":"https:\/\/www.helpinghands.ch\/index.php?rest_route=\/wp\/v2\/pages\/29","targetHints":{"allow":["GET"]}}],"collection":[{"href":"https:\/\/www.helpinghands.ch\/index.php?rest_route=\/wp\/v2\/pages"}],"about":[{"href":"https:\/\/www.helpinghands.ch\/index.php?rest_route=\/wp\/v2\/types\/page"}],"author":[{"embeddable":true,"href":"https:\/\/www.helpinghands.ch\/index.php?rest_route=\/wp\/v2\/users\/1"}],"replies":[{"embeddable":true,"href":"https:\/\/www.helpinghands.ch\/index.php?rest_route=%2Fwp%2Fv2%2Fcomments&post=29"}],"version-history":[{"count":11,"href":"https:\/\/www.helpinghands.ch\/index.php?rest_route=\/wp\/v2\/pages\/29\/revisions"}],"predecessor-version":[{"id":915,"href":"https:\/\/www.helpinghands.ch\/index.php?rest_route=\/wp\/v2\/pages\/29\/revisions\/915"}],"wp:attachment":[{"href":"https:\/\/www.helpinghands.ch\/index.php?rest_route=%2Fwp%2Fv2%2Fmedia&parent=29"}],"curies":[{"name":"wp","href":"https:\/\/api.w.org\/{rel}","templated":true}]}}