{"id":349,"date":"2022-05-12T21:02:44","date_gmt":"2022-05-12T21:02:44","guid":{"rendered":"https:\/\/www.helpinghands.ch\/?page_id=349"},"modified":"2023-08-04T21:01:04","modified_gmt":"2023-08-04T21:01:04","slug":"vorstand","status":"publish","type":"page","link":"https:\/\/www.helpinghands.ch\/?page_id=349","title":{"rendered":"Vorstand"},"content":{"rendered":"\n<p>Der Vorstand des Vereins Helping Hands setzt sich wie folgt zusammen:<\/p>\n\n\n\n<figure class=\"wp-block-image size-large\"><img fetchpriority=\"high\" decoding=\"async\" width=\"1024\" height=\"683\" src=\"https:\/\/www.helpinghands.ch\/wp-content\/uploads\/2022\/05\/Vorstand_GV_2022-04-23-1024x683.jpg\" alt=\"\" class=\"wp-image-351\" srcset=\"https:\/\/www.helpinghands.ch\/wp-content\/uploads\/2022\/05\/Vorstand_GV_2022-04-23-1024x683.jpg 1024w, https:\/\/www.helpinghands.ch\/wp-content\/uploads\/2022\/05\/Vorstand_GV_2022-04-23-300x200.jpg 300w, https:\/\/www.helpinghands.ch\/wp-content\/uploads\/2022\/05\/Vorstand_GV_2022-04-23-768x512.jpg 768w, https:\/\/www.helpinghands.ch\/wp-content\/uploads\/2022\/05\/Vorstand_GV_2022-04-23-800x533.jpg 800w, https:\/\/www.helpinghands.ch\/wp-content\/uploads\/2022\/05\/Vorstand_GV_2022-04-23.jpg 1500w\" sizes=\"(max-width: 1024px) 100vw, 1024px\" \/><\/figure>\n\n\n\n<p><\/p>\n\n\n\n<p>Thomas B\u00fchler (Pr\u00e4sident)<\/p>\n\n\n\n<p>Mich\u00e8le Frei (Aktuarin, Sekret\u00e4rin)<\/p>\n\n\n\n<p>Christian Obrist (Finanzen)<\/p>\n\n\n\n<p>Hanni Baumgartner (Projekte)<\/p>\n\n\n\n<p>Ynze Boomsma (Projekte)<\/p>\n\n\n\n<p>Roger Cadonau (Projekte)&nbsp;&nbsp;&nbsp;&nbsp;&nbsp;&nbsp;&nbsp;&nbsp;<\/p>\n\n\n\n<p>Adrian Eichenberger (Projekte)<\/p>\n\n\n\n<p><\/p>\n\n\n\n<p><\/p>\n\n\n\n<h2 class=\"wp-block-heading\">Verdankung<\/h2>\n\n\n\n<p>An der Generalversammlung vom 23. April 2022 wurden die langj\u00e4hrigen Vorstandsmitglieder Manfred (Pr\u00e4sident) und Marianne Stahel (Buchhaltung) nach langem und treuem Dienst f\u00fcr Helping Hands in den wohlverdienten Ruhestand verabschiedet. Gleichzeitig wurden Stahels als neue Ehrenmitglieder in den Verein Helping Hands aufgenommen.<\/p>\n\n\n\n<p>An dieser Stelle ein herzliches Dankesch\u00f6n und vergelt&#8217;s Gott.<\/p>\n\n\n\n<figure class=\"wp-block-image size-large\"><img decoding=\"async\" width=\"1024\" height=\"683\" src=\"https:\/\/www.helpinghands.ch\/wp-content\/uploads\/2022\/05\/Ehrenmitglieder_GV_2022-04-23-1024x683.jpg\" alt=\"\" class=\"wp-image-352\" srcset=\"https:\/\/www.helpinghands.ch\/wp-content\/uploads\/2022\/05\/Ehrenmitglieder_GV_2022-04-23-1024x683.jpg 1024w, https:\/\/www.helpinghands.ch\/wp-content\/uploads\/2022\/05\/Ehrenmitglieder_GV_2022-04-23-300x200.jpg 300w, https:\/\/www.helpinghands.ch\/wp-content\/uploads\/2022\/05\/Ehrenmitglieder_GV_2022-04-23-768x512.jpg 768w, https:\/\/www.helpinghands.ch\/wp-content\/uploads\/2022\/05\/Ehrenmitglieder_GV_2022-04-23-800x533.jpg 800w, https:\/\/www.helpinghands.ch\/wp-content\/uploads\/2022\/05\/Ehrenmitglieder_GV_2022-04-23.jpg 1500w\" sizes=\"(max-width: 1024px) 100vw, 1024px\" \/><\/figure>\n","protected":false},"excerpt":{"rendered":"<p>Der Vorstand des Vereins Helping Hands setzt sich wie folgt zusammen: Thomas B\u00fchler (Pr\u00e4sident) Mich\u00e8le Frei (Aktuarin, Sekret\u00e4rin) Christian Obrist (Finanzen) Hanni Baumgartner (Projekte) Ynze Boomsma (Projekte) Roger Cadonau (Projekte)&nbsp;&nbsp;&nbsp;&nbsp;&nbsp;&nbsp;&nbsp;&nbsp; &#8230;<\/p>\n","protected":false},"author":1,"featured_media":0,"parent":0,"menu_order":0,"comment_status":"closed","ping_status":"closed","template":"","meta":{"footnotes":""},"class_list":["post-349","page","type-page","status-publish","hentry"],"_links":{"self":[{"href":"https:\/\/www.helpinghands.ch\/index.php?rest_route=\/wp\/v2\/pages\/349","targetHints":{"allow":["GET"]}}],"collection":[{"href":"https:\/\/www.helpinghands.ch\/index.php?rest_route=\/wp\/v2\/pages"}],"about":[{"href":"https:\/\/www.helpinghands.ch\/index.php?rest_route=\/wp\/v2\/types\/page"}],"author":[{"embeddable":true,"href":"https:\/\/www.helpinghands.ch\/index.php?rest_route=\/wp\/v2\/users\/1"}],"replies":[{"embeddable":true,"href":"https:\/\/www.helpinghands.ch\/index.php?rest_route=%2Fwp%2Fv2%2Fcomments&post=349"}],"version-history":[{"count":11,"href":"https:\/\/www.helpinghands.ch\/index.php?rest_route=\/wp\/v2\/pages\/349\/revisions"}],"predecessor-version":[{"id":510,"href":"https:\/\/www.helpinghands.ch\/index.php?rest_route=\/wp\/v2\/pages\/349\/revisions\/510"}],"wp:attachment":[{"href":"https:\/\/www.helpinghands.ch\/index.php?rest_route=%2Fwp%2Fv2%2Fmedia&parent=349"}],"curies":[{"name":"wp","href":"https:\/\/api.w.org\/{rel}","templated":true}]}}