{"id":551,"date":"2023-08-05T12:19:47","date_gmt":"2023-08-05T12:19:47","guid":{"rendered":"https:\/\/www.helpinghands.ch\/?page_id=551"},"modified":"2023-11-23T20:33:31","modified_gmt":"2023-11-23T20:33:31","slug":"familie-peter-brasilien","status":"publish","type":"page","link":"https:\/\/www.helpinghands.ch\/?page_id=551","title":{"rendered":"Familie Peter &#8211; Brasilien bei De Bra\u00e7os Abertos"},"content":{"rendered":"\n<p>Viola und Daniel mit unseren Kindern, Elea und Luisa. Das sind wir, die Familie Peter. Seit Oktober 2021 leben wir in Brasilien in der Agglomeration der Stadt Recife.<\/p>\n\n\n\n<figure class=\"wp-block-image size-large is-resized\"><img fetchpriority=\"high\" decoding=\"async\" width=\"927\" height=\"1024\" src=\"https:\/\/www.helpinghands.ch\/wp-content\/uploads\/2023\/11\/WhatsApp-Bild-2023-08-19-um-17.02.08_0a63eb88-927x1024.jpg\" alt=\"\" class=\"wp-image-717\" style=\"width:528px;height:auto\" srcset=\"https:\/\/www.helpinghands.ch\/wp-content\/uploads\/2023\/11\/WhatsApp-Bild-2023-08-19-um-17.02.08_0a63eb88-927x1024.jpg 927w, https:\/\/www.helpinghands.ch\/wp-content\/uploads\/2023\/11\/WhatsApp-Bild-2023-08-19-um-17.02.08_0a63eb88-272x300.jpg 272w, https:\/\/www.helpinghands.ch\/wp-content\/uploads\/2023\/11\/WhatsApp-Bild-2023-08-19-um-17.02.08_0a63eb88-768x849.jpg 768w, https:\/\/www.helpinghands.ch\/wp-content\/uploads\/2023\/11\/WhatsApp-Bild-2023-08-19-um-17.02.08_0a63eb88-1390x1536.jpg 1390w, https:\/\/www.helpinghands.ch\/wp-content\/uploads\/2023\/11\/WhatsApp-Bild-2023-08-19-um-17.02.08_0a63eb88-800x884.jpg 800w, https:\/\/www.helpinghands.ch\/wp-content\/uploads\/2023\/11\/WhatsApp-Bild-2023-08-19-um-17.02.08_0a63eb88.jpg 1448w\" sizes=\"(max-width: 927px) 100vw, 927px\" \/><figcaption class=\"wp-element-caption\">Familie Peter<\/figcaption><\/figure>\n\n\n\n<p>Wir sind Teil der Organisation De Bra\u00e7os Abertos. Diese Organisation \u00fcberdacht ein Kinderheim, eine Schule und das Projeto Levanta, welches direkt in dem Armenviertel Santo Amaro in Recife wirkt.<\/p>\n\n\n\n<p>Unser Fokus liegt in der Mitarbeit beim Projeto Levanta. Daneben sind wir aber auch in den allgemeinen Betrieb von De Bra\u00e7os Abertos involviert.<\/p>\n\n\n\n<figure class=\"wp-block-image size-large is-resized\"><img decoding=\"async\" width=\"655\" height=\"1024\" src=\"https:\/\/www.helpinghands.ch\/wp-content\/uploads\/2023\/11\/WhatsApp-Bild-2023-08-19-um-17.05.52_3657ed58-655x1024.jpg\" alt=\"\" class=\"wp-image-718\" style=\"width:416px;height:auto\" srcset=\"https:\/\/www.helpinghands.ch\/wp-content\/uploads\/2023\/11\/WhatsApp-Bild-2023-08-19-um-17.05.52_3657ed58-655x1024.jpg 655w, https:\/\/www.helpinghands.ch\/wp-content\/uploads\/2023\/11\/WhatsApp-Bild-2023-08-19-um-17.05.52_3657ed58-192x300.jpg 192w, https:\/\/www.helpinghands.ch\/wp-content\/uploads\/2023\/11\/WhatsApp-Bild-2023-08-19-um-17.05.52_3657ed58-768x1200.jpg 768w, https:\/\/www.helpinghands.ch\/wp-content\/uploads\/2023\/11\/WhatsApp-Bild-2023-08-19-um-17.05.52_3657ed58-983x1536.jpg 983w, https:\/\/www.helpinghands.ch\/wp-content\/uploads\/2023\/11\/WhatsApp-Bild-2023-08-19-um-17.05.52_3657ed58-800x1250.jpg 800w, https:\/\/www.helpinghands.ch\/wp-content\/uploads\/2023\/11\/WhatsApp-Bild-2023-08-19-um-17.05.52_3657ed58.jpg 1024w\" sizes=\"(max-width: 655px) 100vw, 655px\" \/><figcaption class=\"wp-element-caption\">Spiel und Spass<\/figcaption><\/figure>\n\n\n\n<p>(Eine detaillierte Beschreibung des Projekts De Bra\u00e7os Abertos finden Sie bei der Familie Seelig.)<\/p>\n\n\n\n<p>Wir glauben, dass jeder Mensch Jesus als Basis f\u00fcr sein Leben braucht. Deshalb wollen wir Menschen in eine Beziehung mit ihm f\u00fchren. Speziell haben wir ein Herz f\u00fcr Kinder und Familien.<\/p>\n\n\n\n<p>Trotzdem wollen wir unsere Augen nicht vor ihren nat\u00fcrlichen und existenziellen N\u00f6ten verschliessen und helfen auch dort im Rahmen unserer M\u00f6glichkeiten.<\/p>\n\n\n\n<p>Dabei ist es uns ist ein grosses Anliegen, dass die Menschen nicht in eine Abh\u00e4ngigkeit fallen, sondern, dass wir sie bis an den Punkt begleiten, wo sie f\u00e4hig sind, selbst\u00e4ndig ein ganzheitlich gesundes Leben zu f\u00fchren.<\/p>\n\n\n\n<p>Als Projeto Levanta mieten wir aktuell zwei H\u00e4user. Im einen Haus bieten wir t\u00e4glich Beratungsgespr\u00e4che f\u00fcr Eltern an. Abh\u00e4ngig von der Lebenssituation sind diese Gespr\u00e4che mit einer Psychologin oder einer Sozialarbeiterin.<\/p>\n\n\n\n<p>W\u00e4hrend den Gespr\u00e4chen betreuen wir ihre Kinder mit einem Sonntagsschul \u00e4hnlichem Programm.<\/p>\n\n\n\n<figure class=\"wp-block-image size-large is-resized\"><img decoding=\"async\" width=\"1024\" height=\"768\" src=\"https:\/\/www.helpinghands.ch\/wp-content\/uploads\/2023\/11\/WhatsApp-Bild-2023-08-19-um-17.05.55_ee820c23-1024x768.jpg\" alt=\"\" class=\"wp-image-719\" style=\"width:487px;height:auto\" srcset=\"https:\/\/www.helpinghands.ch\/wp-content\/uploads\/2023\/11\/WhatsApp-Bild-2023-08-19-um-17.05.55_ee820c23-1024x768.jpg 1024w, https:\/\/www.helpinghands.ch\/wp-content\/uploads\/2023\/11\/WhatsApp-Bild-2023-08-19-um-17.05.55_ee820c23-300x225.jpg 300w, https:\/\/www.helpinghands.ch\/wp-content\/uploads\/2023\/11\/WhatsApp-Bild-2023-08-19-um-17.05.55_ee820c23-768x576.jpg 768w, https:\/\/www.helpinghands.ch\/wp-content\/uploads\/2023\/11\/WhatsApp-Bild-2023-08-19-um-17.05.55_ee820c23-1536x1152.jpg 1536w, https:\/\/www.helpinghands.ch\/wp-content\/uploads\/2023\/11\/WhatsApp-Bild-2023-08-19-um-17.05.55_ee820c23-800x600.jpg 800w, https:\/\/www.helpinghands.ch\/wp-content\/uploads\/2023\/11\/WhatsApp-Bild-2023-08-19-um-17.05.55_ee820c23-400x300.jpg 400w, https:\/\/www.helpinghands.ch\/wp-content\/uploads\/2023\/11\/WhatsApp-Bild-2023-08-19-um-17.05.55_ee820c23.jpg 1600w\" sizes=\"(max-width: 1024px) 100vw, 1024px\" \/><\/figure>\n\n\n\n<p>Im zweiten Haus stehen die Kinder im Fokus. Jeweils montags und dienstags organisieren wir ein Spannendes Programm mit Biblischen Geschichten, Lobpreis, Spiel und Spass. Am Montag f\u00fcr Kinder von 3-5 Jahre und am Dienstag Kinder von 6-8 Jahre. (Ziel f\u00fcr 2023 ist es den Donnerstag f\u00fcr 9\u201312 j\u00e4hrige zu er\u00f6ffnen).<\/p>\n\n\n\n<p>Parallel bieten wir den M\u00fcttern jeweils vor dem Haus, in einem extra daf\u00fcr eingerichteten \u201eCaf\u00e9\u201c Kaffee und Kuchen an und versuchen dort mit ihnen ins Gespr\u00e4ch zu kommen.<\/p>\n\n\n\n<p>Die Kinder leben leider oftmals in sehr schwierigen Umst\u00e4nden (Vernachl\u00e4ssigung, Missbrauch, Gewalt). Dies widerspiegelt sich auch in ihrem verhalten. Deshalb ist eine ausgebildete Kinderpsychologin fester Bestandteil unseres Teams. Sie nimmt sich jedes Mal spezifisch Zeit f\u00fcr einzelne Kinder.<\/p>\n\n\n\n<p>Das Team von Projeto Levanta ist ein Mix aus uns Missionaren und professionell ausgebildeten Brasilianer-\/innen im Bereich der Kinderbetreuung, Psychologie\/ Kinderpsychologie und Sozialarbeit.<\/p>\n\n\n\n<figure class=\"wp-block-image size-large is-resized\"><img loading=\"lazy\" decoding=\"async\" width=\"768\" height=\"1024\" src=\"https:\/\/www.helpinghands.ch\/wp-content\/uploads\/2023\/11\/WhatsApp-Bild-2023-08-19-um-17.05.52_28b4e77c-768x1024.jpg\" alt=\"\" class=\"wp-image-722\" style=\"width:376px;height:auto\" srcset=\"https:\/\/www.helpinghands.ch\/wp-content\/uploads\/2023\/11\/WhatsApp-Bild-2023-08-19-um-17.05.52_28b4e77c-768x1024.jpg 768w, https:\/\/www.helpinghands.ch\/wp-content\/uploads\/2023\/11\/WhatsApp-Bild-2023-08-19-um-17.05.52_28b4e77c-225x300.jpg 225w, https:\/\/www.helpinghands.ch\/wp-content\/uploads\/2023\/11\/WhatsApp-Bild-2023-08-19-um-17.05.52_28b4e77c-1152x1536.jpg 1152w, https:\/\/www.helpinghands.ch\/wp-content\/uploads\/2023\/11\/WhatsApp-Bild-2023-08-19-um-17.05.52_28b4e77c-800x1067.jpg 800w, https:\/\/www.helpinghands.ch\/wp-content\/uploads\/2023\/11\/WhatsApp-Bild-2023-08-19-um-17.05.52_28b4e77c.jpg 1200w\" sizes=\"(max-width: 768px) 100vw, 768px\" \/><\/figure>\n\n\n\n<p>Wir als Ehepaar tragen die Verantwortung f\u00fcr den Betrieb dieses zweiten Hauses. Des weiteren leiten wir den Arbeitszweig der Strassen Evangelisation, welcher ebenfalls Teil vom Projekt ist.<\/p>\n\n\n\n<p>Dazu gehen wir jeden Mittwochabend auf die Strassen von Recife und versuchen mit den Menschen \u00fcber den Glauben zu reden. Dort werden zus\u00e4tzlich zu unserem Team von Angestellten auch noch von Volont\u00e4ren begleitet.<\/p>\n\n\n\n<figure class=\"wp-block-image size-large is-resized\"><img loading=\"lazy\" decoding=\"async\" width=\"768\" height=\"1024\" src=\"https:\/\/www.helpinghands.ch\/wp-content\/uploads\/2023\/11\/WhatsApp-Bild-2023-08-19-um-17.05.53_3c0205fc-768x1024.jpg\" alt=\"\" class=\"wp-image-720\" style=\"width:362px;height:auto\" srcset=\"https:\/\/www.helpinghands.ch\/wp-content\/uploads\/2023\/11\/WhatsApp-Bild-2023-08-19-um-17.05.53_3c0205fc-768x1024.jpg 768w, https:\/\/www.helpinghands.ch\/wp-content\/uploads\/2023\/11\/WhatsApp-Bild-2023-08-19-um-17.05.53_3c0205fc-225x300.jpg 225w, https:\/\/www.helpinghands.ch\/wp-content\/uploads\/2023\/11\/WhatsApp-Bild-2023-08-19-um-17.05.53_3c0205fc-1152x1536.jpg 1152w, https:\/\/www.helpinghands.ch\/wp-content\/uploads\/2023\/11\/WhatsApp-Bild-2023-08-19-um-17.05.53_3c0205fc-800x1067.jpg 800w, https:\/\/www.helpinghands.ch\/wp-content\/uploads\/2023\/11\/WhatsApp-Bild-2023-08-19-um-17.05.53_3c0205fc.jpg 1200w\" sizes=\"(max-width: 768px) 100vw, 768px\" \/><figcaption class=\"wp-element-caption\">Strasseneinsatz<\/figcaption><\/figure>\n\n\n\n<p><\/p>\n\n\n\n<p><\/p>\n\n\n\n<figure class=\"wp-block-image size-large is-resized\"><img loading=\"lazy\" decoding=\"async\" width=\"1024\" height=\"461\" src=\"https:\/\/www.helpinghands.ch\/wp-content\/uploads\/2023\/11\/WhatsApp-Bild-2023-08-19-um-17.05.53_da60e698-1024x461.jpg\" alt=\"\" class=\"wp-image-721\" style=\"width:613px;height:auto\" srcset=\"https:\/\/www.helpinghands.ch\/wp-content\/uploads\/2023\/11\/WhatsApp-Bild-2023-08-19-um-17.05.53_da60e698-1024x461.jpg 1024w, https:\/\/www.helpinghands.ch\/wp-content\/uploads\/2023\/11\/WhatsApp-Bild-2023-08-19-um-17.05.53_da60e698-300x135.jpg 300w, https:\/\/www.helpinghands.ch\/wp-content\/uploads\/2023\/11\/WhatsApp-Bild-2023-08-19-um-17.05.53_da60e698-768x346.jpg 768w, https:\/\/www.helpinghands.ch\/wp-content\/uploads\/2023\/11\/WhatsApp-Bild-2023-08-19-um-17.05.53_da60e698-1536x692.jpg 1536w, https:\/\/www.helpinghands.ch\/wp-content\/uploads\/2023\/11\/WhatsApp-Bild-2023-08-19-um-17.05.53_da60e698-800x361.jpg 800w, https:\/\/www.helpinghands.ch\/wp-content\/uploads\/2023\/11\/WhatsApp-Bild-2023-08-19-um-17.05.53_da60e698.jpg 1600w\" sizes=\"(max-width: 1024px) 100vw, 1024px\" \/><figcaption class=\"wp-element-caption\">Lobpreiszeit unter freiem Himmel<\/figcaption><\/figure>\n\n\n\n<p><\/p>\n\n\n\n<p>Liebe Gr\u00fcsse aus dem fernen Brasilien<\/p>\n\n\n\n<p>Viola, Daniel, Elea und Luisa<\/p>\n\n\n\n<hr class=\"wp-block-separator has-alpha-channel-opacity is-style-dots\"\/>\n\n\n<div class=\"wp-block-image\">\n<figure class=\"aligncenter size-full is-resized\"><img loading=\"lazy\" decoding=\"async\" width=\"360\" height=\"360\" src=\"https:\/\/www.helpinghands.ch\/wp-content\/uploads\/2023\/08\/Spenden_Icon_blau2.png\" alt=\"\" class=\"wp-image-531\" style=\"width:130px;height:130px\" srcset=\"https:\/\/www.helpinghands.ch\/wp-content\/uploads\/2023\/08\/Spenden_Icon_blau2.png 360w, https:\/\/www.helpinghands.ch\/wp-content\/uploads\/2023\/08\/Spenden_Icon_blau2-300x300.png 300w, https:\/\/www.helpinghands.ch\/wp-content\/uploads\/2023\/08\/Spenden_Icon_blau2-150x150.png 150w\" sizes=\"(max-width: 360px) 100vw, 360px\" \/><\/figure>\n<\/div>\n\n\n<h2 class=\"wp-block-heading has-text-align-center\">Spenden<\/h2>\n\n\n\n<div class=\"wp-block-columns is-layout-flex wp-container-core-columns-is-layout-9d6595d7 wp-block-columns-is-layout-flex\">\n<div class=\"wp-block-column is-layout-flow wp-block-column-is-layout-flow\" style=\"flex-basis:100%\">\n<figure class=\"wp-block-table is-style-regular\"><table class=\"has-white-background-color has-background has-fixed-layout\"><thead><tr><th class=\"has-text-align-center\" data-align=\"center\">03 Spende Familie Peter<\/th><\/tr><\/thead><tbody><tr><td class=\"has-text-align-center\" data-align=\"center\"><img loading=\"lazy\" decoding=\"async\" width=\"178\" height=\"176\" src=\"https:\/\/www.helpinghands.ch\/wp-content\/uploads\/2023\/08\/SwissQR-QR-Code_03-Familie-Peter-Neuspender.jpg\" alt=\"\"><\/td><\/tr><\/tbody><\/table><figcaption class=\"wp-element-caption\">Schweizer QR-Code f\u00fcr E-Banking<\/figcaption><\/figure>\n<\/div>\n<\/div>\n","protected":false},"excerpt":{"rendered":"<p>Viola und Daniel mit unseren Kindern, Elea und Luisa. Das sind wir, die Familie Peter. Seit Oktober 2021 leben wir in Brasilien in der Agglomeration der Stadt Recife. Wir sind &#8230;<\/p>\n","protected":false},"author":1,"featured_media":0,"parent":0,"menu_order":0,"comment_status":"closed","ping_status":"closed","template":"","meta":{"footnotes":""},"class_list":["post-551","page","type-page","status-publish","hentry"],"_links":{"self":[{"href":"https:\/\/www.helpinghands.ch\/index.php?rest_route=\/wp\/v2\/pages\/551","targetHints":{"allow":["GET"]}}],"collection":[{"href":"https:\/\/www.helpinghands.ch\/index.php?rest_route=\/wp\/v2\/pages"}],"about":[{"href":"https:\/\/www.helpinghands.ch\/index.php?rest_route=\/wp\/v2\/types\/page"}],"author":[{"embeddable":true,"href":"https:\/\/www.helpinghands.ch\/index.php?rest_route=\/wp\/v2\/users\/1"}],"replies":[{"embeddable":true,"href":"https:\/\/www.helpinghands.ch\/index.php?rest_route=%2Fwp%2Fv2%2Fcomments&post=551"}],"version-history":[{"count":7,"href":"https:\/\/www.helpinghands.ch\/index.php?rest_route=\/wp\/v2\/pages\/551\/revisions"}],"predecessor-version":[{"id":724,"href":"https:\/\/www.helpinghands.ch\/index.php?rest_route=\/wp\/v2\/pages\/551\/revisions\/724"}],"wp:attachment":[{"href":"https:\/\/www.helpinghands.ch\/index.php?rest_route=%2Fwp%2Fv2%2Fmedia&parent=551"}],"curies":[{"name":"wp","href":"https:\/\/api.w.org\/{rel}","templated":true}]}}