{"id":60,"date":"2021-08-06T20:15:10","date_gmt":"2021-08-06T20:15:10","guid":{"rendered":"https:\/\/www.helpinghands.ch\/?page_id=60"},"modified":"2023-11-16T12:59:52","modified_gmt":"2023-11-16T12:59:52","slug":"familie-schaer-projeto-levantade-bracos-abertos-brasilien","status":"publish","type":"page","link":"https:\/\/www.helpinghands.ch\/?page_id=60","title":{"rendered":"Familie Sch\u00e4r &#8211; Projeto Levanta (De Bra\u00e7os Abertos), Brasilien"},"content":{"rendered":"\n<p>Die Aussagen von <strong>Martin Luther King<\/strong> in der bekannten Rede \u00abI have a dream\u00bb (1963) hat uns sehr inspiriert. Genau wie er haben auch wir einen Traum.<\/p>\n\n\n\n<figure class=\"wp-block-image size-full\"><img fetchpriority=\"high\" decoding=\"async\" width=\"888\" height=\"300\" src=\"https:\/\/www.helpinghands.ch\/wp-content\/uploads\/2023\/08\/Familie_Schaer.jpg\" alt=\"\" class=\"wp-image-557\" srcset=\"https:\/\/www.helpinghands.ch\/wp-content\/uploads\/2023\/08\/Familie_Schaer.jpg 888w, https:\/\/www.helpinghands.ch\/wp-content\/uploads\/2023\/08\/Familie_Schaer-300x101.jpg 300w, https:\/\/www.helpinghands.ch\/wp-content\/uploads\/2023\/08\/Familie_Schaer-768x259.jpg 768w, https:\/\/www.helpinghands.ch\/wp-content\/uploads\/2023\/08\/Familie_Schaer-800x270.jpg 800w\" sizes=\"(max-width: 888px) 100vw, 888px\" \/><\/figure>\n\n\n\n<p>Wir tr\u00e4umen von einem Recife, in dem keine Kinder und Jugendlichen mehr auf der Stra\u00dfe leben m\u00fcssen. Wir tr\u00e4umen von einem Recife, in dem Kinder und Jugendliche in gesunden und starken Familien leben d\u00fcrfen. Wir haben einen Traum.<\/p>\n\n\n\n<h2 class=\"wp-block-heading\">Projeto Levanta<\/h2>\n\n\n\n<p>Unser Herz schl\u00e4gt f\u00fcr die Strassenkinder von Brasilien. Dies ist unsere Berufung und der Grund, weshalb wir im Jahr 2015 nach Brasilien ausgewandert sind.&nbsp;<\/p>\n\n\n\n<p>Am 31. Mai 2017 gr\u00fcndeten wir die Strassenkinderarbeit als Zweig der internationalen Organisation De Bra\u00e7os Abertos. In den ersten zwei Jahren 2017\/2018 besuchten wir w\u00f6chentlich am Dienstagabend verschiedene Pl\u00e4tze in der Grossstadt&nbsp;Recife und brachten so das Licht Gottes zu den verlassenen und vergessenen Menschen auf der Strasse. Mittwochmorgens trafen wir uns zu einer Gebets- und Besprechungszeit.&nbsp;<\/p>\n\n\n\n<p>Ende 2018 legte Gott uns aufs Herz, einen weiteren Schritt aufs Wasser zu gehen (wie Petrus Jesus aufs Wasser folgte). So erweiterten wir unsere Arbeit im Jahr 2019 Dienstag und Mittwoch durch den Tag. Zuerst besuchten wir einen jungen Mann regelm\u00e4ssig auf der Strasse und erm\u00f6glichten ihm, in eine Drogen Reha&nbsp;einzutreten. Ab August 2019 hatten wir dann auf dem Herzen, Familien in den Armenviertel zu besuchen, welche abends regelm\u00e4ssig die Strasse aufsuchen, um dort von Sozialprojekten Mahlzeiten zu erhalten. Wir erlebten Gottes F\u00fchrung. Da jede Familie, die wir am Abend auf der Strasse kennen lernten im Armenviertel Santo Amaro lebt, starteten wir mit w\u00f6chentlichen Hausbesuchen im Armenviertel Santo Amaro.<\/p>\n\n\n\n<figure class=\"wp-block-image size-full is-resized\"><img decoding=\"async\" width=\"707\" height=\"471\" src=\"https:\/\/www.helpinghands.ch\/wp-content\/uploads\/2023\/08\/Team_Levanta.jpg\" alt=\"\" class=\"wp-image-558\" style=\"width:707px;height:471px\" srcset=\"https:\/\/www.helpinghands.ch\/wp-content\/uploads\/2023\/08\/Team_Levanta.jpg 707w, https:\/\/www.helpinghands.ch\/wp-content\/uploads\/2023\/08\/Team_Levanta-300x200.jpg 300w\" sizes=\"(max-width: 707px) 100vw, 707px\" \/><figcaption class=\"wp-element-caption\">Team Projeto Levanta<\/figcaption><\/figure>\n\n\n\n<p>Mitten in der Pandemie 2020 gab Gott uns einen weiteren Traum auf unser Herz; ein eigenes Geb\u00e4ude im Armenviertel Santo Amaro. Nach einer l\u00e4ngeren Zeit des Gebets und des Visionierens, starteten wir mit der Suche nach einem geeigneten Geb\u00e4ude. Wir tr\u00e4umten von einem Geb\u00e4ude in der Mitte des Armenviertels. Nach vielen Absagen sank langsam unsere Hoffnung. Doch nach einem Gebetsmarsch durch das Armenviertel, wurden wir auf wunderbare Weise auf eine freistehende Wohnung Mitten im Armenviertel aufmerksam. Seit November 2020 haben wir diese Wohnung nun gemietet.&nbsp;<\/p>\n\n\n\n<p>Seit Januar 2021 bieten wir in&nbsp;dieser Wohnung jeweils montags, dienstags, donnerstags, und freitags Beratungsgespr\u00e4che an, um der Bev\u00f6lkerung noch besser zu helfen. Mittwochs besuchen wir weiterhin die Familien in ihrem Zuhause.&nbsp;Weiterhin besuchen wir jeweils Mittwochabends die Menschen auf der Strasse.<\/p>\n\n\n\n<p>Im Jahr 2022 durften wir eine weitere Wohnung am anderen Ende von Santo Amaro mieten. In diesem Haus bieten wir Kinderprogramme an.&nbsp;<\/p>\n\n\n\n<p>Auch du kannst uns helfen: Hilf mitbeten, dass Gottes Herrlichkeit im Armenviertel Santo Amaro und auf den Strassen von Recife sichtbar wird und wir mit Gottes Hilfe diesen Menschen helfen d\u00fcrfen.&nbsp;<\/p>\n\n\n\n<hr class=\"wp-block-separator has-alpha-channel-opacity\"\/>\n\n\n\n<h2 class=\"wp-block-heading\">Impressionen und Geschichte<\/h2>\n\n\n\n<figure class=\"wp-block-image size-full\"><img decoding=\"async\" width=\"859\" height=\"475\" src=\"https:\/\/www.helpinghands.ch\/wp-content\/uploads\/2021\/08\/Levanta_2021_02.png\" alt=\"\" class=\"wp-image-90\" srcset=\"https:\/\/www.helpinghands.ch\/wp-content\/uploads\/2021\/08\/Levanta_2021_02.png 859w, https:\/\/www.helpinghands.ch\/wp-content\/uploads\/2021\/08\/Levanta_2021_02-300x166.png 300w, https:\/\/www.helpinghands.ch\/wp-content\/uploads\/2021\/08\/Levanta_2021_02-768x425.png 768w, https:\/\/www.helpinghands.ch\/wp-content\/uploads\/2021\/08\/Levanta_2021_02-800x442.png 800w\" sizes=\"(max-width: 859px) 100vw, 859px\" \/><\/figure>\n\n\n\n<p>In den ersten zwei Jahren 2017+ 2018 besuchten wir w\u00f6chentlich am Dienstagabend verschiedene Pl\u00e4tze in der Grossstadt Recife und brachten so das Licht Gottes zu den verlassenen und vergessenen Menschen auf der Strasse. Mittwochmorgens trafen wir uns zu einer Gebetszeit.<\/p>\n\n\n\n<figure class=\"wp-block-image size-full\"><img loading=\"lazy\" decoding=\"async\" width=\"622\" height=\"435\" src=\"https:\/\/www.helpinghands.ch\/wp-content\/uploads\/2021\/08\/Levanta_2021_03.png\" alt=\"\" class=\"wp-image-92\" srcset=\"https:\/\/www.helpinghands.ch\/wp-content\/uploads\/2021\/08\/Levanta_2021_03.png 622w, https:\/\/www.helpinghands.ch\/wp-content\/uploads\/2021\/08\/Levanta_2021_03-300x210.png 300w\" sizes=\"(max-width: 622px) 100vw, 622px\" \/><figcaption class=\"wp-element-caption\">Das Drogenreha Team<\/figcaption><\/figure>\n\n\n\n<p>Ende 2018 legte Gott uns aufs Herz, einen weiteren Schritt aufs Wasser zu gehen (wie Petrus das sichere Boot verliess und auf das Wasser trat). Wir erweiterten unsere Arbeit im Februar 2019 auf Dienstag und Mittwoch tags\u00fcber. Zuerst besuchten wir einen jungen Mann regelm\u00e4ssig auf der Strasse und erm\u00f6glichten ihm in eine Drogen Reha einzutreten.<\/p>\n\n\n\n<figure class=\"wp-block-image size-full\"><img loading=\"lazy\" decoding=\"async\" width=\"628\" height=\"497\" src=\"https:\/\/www.helpinghands.ch\/wp-content\/uploads\/2021\/08\/Levanta_2021_04.png\" alt=\"\" class=\"wp-image-91\" srcset=\"https:\/\/www.helpinghands.ch\/wp-content\/uploads\/2021\/08\/Levanta_2021_04.png 628w, https:\/\/www.helpinghands.ch\/wp-content\/uploads\/2021\/08\/Levanta_2021_04-300x237.png 300w\" sizes=\"(max-width: 628px) 100vw, 628px\" \/><figcaption class=\"wp-element-caption\">Hausbesuch in Santo Amoro<\/figcaption><\/figure>\n\n\n\n<p><\/p>\n\n\n\n<p>Ab August 2019 hatten wir dann auf dem Herzen Familien in Armenvierteln zu besuchen, welche abends regelm\u00e4ssig die Strasse aufsuchen, um dort von Sozialprojekten Mahlzeiten zu erhalten. Wir erlebten Gottes F\u00fchrung, da jede Familie, die wir am Abend auf der Strasse kennen lernten, im Armenviertel Santo Amaro lebt. So starteten wir mit w\u00f6chentlichen Hausbesuchen in diesem Armenviertel.<\/p>\n\n\n\n<figure class=\"wp-block-image size-full\"><img loading=\"lazy\" decoding=\"async\" width=\"495\" height=\"432\" src=\"https:\/\/www.helpinghands.ch\/wp-content\/uploads\/2021\/08\/Levanta_2021_05.png\" alt=\"\" class=\"wp-image-94\" srcset=\"https:\/\/www.helpinghands.ch\/wp-content\/uploads\/2021\/08\/Levanta_2021_05.png 495w, https:\/\/www.helpinghands.ch\/wp-content\/uploads\/2021\/08\/Levanta_2021_05-300x262.png 300w\" sizes=\"(max-width: 495px) 100vw, 495px\" \/><\/figure>\n\n\n\n<p>Mitten in der Pandemie 2020 gab Gott uns einen weiteren Traum auf unser Herz; ein Geb\u00e4ude im Armenviertel Santo Amaro zu mieten. Nach einer l\u00e4ngeren Zeit des Gebets und des Visionierens starteten wir mit der Suche nach einem geeigneten Geb\u00e4ude.<\/p>\n\n\n\n<figure class=\"wp-block-image size-full\"><img loading=\"lazy\" decoding=\"async\" width=\"593\" height=\"501\" src=\"https:\/\/www.helpinghands.ch\/wp-content\/uploads\/2021\/08\/Levanta_2021_06.png\" alt=\"\" class=\"wp-image-95\" srcset=\"https:\/\/www.helpinghands.ch\/wp-content\/uploads\/2021\/08\/Levanta_2021_06.png 593w, https:\/\/www.helpinghands.ch\/wp-content\/uploads\/2021\/08\/Levanta_2021_06-300x253.png 300w\" sizes=\"(max-width: 593px) 100vw, 593px\" \/><figcaption class=\"wp-element-caption\">Prjeto Levanta Team<\/figcaption><\/figure>\n\n\n\n<p>Wir tr\u00e4umten von einem Geb\u00e4ude in der Mitte des Armenviertels. Nach vielen Absagen sank langsam unsere Hoffnung. Doch nach einem Gebetsmarsch durch das Armenviertel wurden wir auf wunderbare Weise auf eine freistehende Wohnung Mitten im Armenviertel aufmerksam. Seit November 2020 haben wir diese Wohnung nun gemietet.<\/p>\n\n\n\n<figure class=\"wp-block-image size-full\"><img loading=\"lazy\" decoding=\"async\" width=\"407\" height=\"666\" src=\"https:\/\/www.helpinghands.ch\/wp-content\/uploads\/2021\/08\/Levanta_2021_07.png\" alt=\"\" class=\"wp-image-97\" srcset=\"https:\/\/www.helpinghands.ch\/wp-content\/uploads\/2021\/08\/Levanta_2021_07.png 407w, https:\/\/www.helpinghands.ch\/wp-content\/uploads\/2021\/08\/Levanta_2021_07-183x300.png 183w\" sizes=\"(max-width: 407px) 100vw, 407px\" \/><\/figure>\n\n\n\n<figure class=\"wp-block-image size-full\"><img loading=\"lazy\" decoding=\"async\" width=\"563\" height=\"414\" src=\"https:\/\/www.helpinghands.ch\/wp-content\/uploads\/2021\/08\/Levanta_2021_08.png\" alt=\"\" class=\"wp-image-96\" srcset=\"https:\/\/www.helpinghands.ch\/wp-content\/uploads\/2021\/08\/Levanta_2021_08.png 563w, https:\/\/www.helpinghands.ch\/wp-content\/uploads\/2021\/08\/Levanta_2021_08-300x221.png 300w\" sizes=\"(max-width: 563px) 100vw, 563px\" \/><\/figure>\n\n\n\n<p>Wir tr\u00e4umen davon, dass diese Wohnung ein Leuchtturm im Armenviertel Santo Amaro sein darf; dass durch dieses Geb\u00e4ude das Licht und die Liebe Gottes in die Gassen und Pl\u00e4tze von Santo Amaro scheinen darf. Seit Herbst 2019 haben wir eine christliche Sozialarbeiterin eingestellt. Ab Januar 2021 stiess auch noch eine christliche Psychologin 2021 stiess auch noch eine christliche Psychologin zu unserem Team hinzu.<\/p>\n\n\n\n<figure class=\"wp-block-image size-full\"><img loading=\"lazy\" decoding=\"async\" width=\"842\" height=\"481\" src=\"https:\/\/www.helpinghands.ch\/wp-content\/uploads\/2021\/08\/Levanta_2021_09.png\" alt=\"\" class=\"wp-image-98\" srcset=\"https:\/\/www.helpinghands.ch\/wp-content\/uploads\/2021\/08\/Levanta_2021_09.png 842w, https:\/\/www.helpinghands.ch\/wp-content\/uploads\/2021\/08\/Levanta_2021_09-300x171.png 300w, https:\/\/www.helpinghands.ch\/wp-content\/uploads\/2021\/08\/Levanta_2021_09-768x439.png 768w, https:\/\/www.helpinghands.ch\/wp-content\/uploads\/2021\/08\/Levanta_2021_09-800x457.png 800w\" sizes=\"(max-width: 842px) 100vw, 842px\" \/><figcaption class=\"wp-element-caption\">Helfer in Projeto Levanta<\/figcaption><\/figure>\n\n\n\n<figure class=\"wp-block-image size-full\"><img loading=\"lazy\" decoding=\"async\" width=\"418\" height=\"406\" src=\"https:\/\/www.helpinghands.ch\/wp-content\/uploads\/2021\/08\/Levanta_2021_10.png\" alt=\"\" class=\"wp-image-99\" srcset=\"https:\/\/www.helpinghands.ch\/wp-content\/uploads\/2021\/08\/Levanta_2021_10.png 418w, https:\/\/www.helpinghands.ch\/wp-content\/uploads\/2021\/08\/Levanta_2021_10-300x291.png 300w\" sizes=\"(max-width: 418px) 100vw, 418px\" \/><\/figure>\n\n\n\n<p>\u00abSteh auf und gehe mit Jesus vorw\u00e4rts\u00bb<br>Dieser Text steht auf der R\u00fcckseite unseres T-Shirts, welches wir vor kurzem angefertigt haben. Dieser Satz beschreibt jedoch auch sehr gut unser Programm; wir m\u00f6chten den Familien im Armenviertel Santo Amaro helfen, aufzustehen und mit Jesus vorw\u00e4rtszugehen.<\/p>\n\n\n\n<figure class=\"wp-block-image size-full\"><img loading=\"lazy\" decoding=\"async\" width=\"845\" height=\"596\" src=\"https:\/\/www.helpinghands.ch\/wp-content\/uploads\/2021\/08\/Levanta_2021_11.png\" alt=\"\" class=\"wp-image-100\" srcset=\"https:\/\/www.helpinghands.ch\/wp-content\/uploads\/2021\/08\/Levanta_2021_11.png 845w, https:\/\/www.helpinghands.ch\/wp-content\/uploads\/2021\/08\/Levanta_2021_11-300x212.png 300w, https:\/\/www.helpinghands.ch\/wp-content\/uploads\/2021\/08\/Levanta_2021_11-768x542.png 768w, https:\/\/www.helpinghands.ch\/wp-content\/uploads\/2021\/08\/Levanta_2021_11-800x564.png 800w\" sizes=\"(max-width: 845px) 100vw, 845px\" \/><figcaption class=\"wp-element-caption\">Beratungsgespr\u00e4ch<\/figcaption><\/figure>\n\n\n\n<p>Jeden Dienstag bieten wir Beratungsgespr\u00e4che mit unserer Sozialarbeiterin, am Donnerstag jeweils mit unserer Psychologin an. Dazu laden wir die ganze Familie ein. W\u00e4hrend die M\u00fctter (oftmals fehlen die V\u00e4ter in den Familien) ein Beratungsgespr\u00e4ch im Beratungszimmer erhalten, verbringen wir Missionare und Volont\u00e4re in der Wohnstube Zeit mit den Kindern.<\/p>\n\n\n\n<figure class=\"wp-block-image size-full\"><img loading=\"lazy\" decoding=\"async\" width=\"854\" height=\"557\" src=\"https:\/\/www.helpinghands.ch\/wp-content\/uploads\/2021\/08\/Levanta_2021_12.png\" alt=\"\" class=\"wp-image-101\" srcset=\"https:\/\/www.helpinghands.ch\/wp-content\/uploads\/2021\/08\/Levanta_2021_12.png 854w, https:\/\/www.helpinghands.ch\/wp-content\/uploads\/2021\/08\/Levanta_2021_12-300x196.png 300w, https:\/\/www.helpinghands.ch\/wp-content\/uploads\/2021\/08\/Levanta_2021_12-768x501.png 768w, https:\/\/www.helpinghands.ch\/wp-content\/uploads\/2021\/08\/Levanta_2021_12-800x522.png 800w\" sizes=\"(max-width: 854px) 100vw, 854px\" \/><\/figure>\n\n\n\n<p>Es ist uns ein Herzensanliegen, dass wir den Kindern Gottes Liebe weitergeben d\u00fcrfen und ihnen zeigen, dass sie wertvoll und geliebt sind. Mit den Beratungsgespr\u00e4chen wollen wir erreichen, dass die M\u00fctter (und V\u00e4ter) wieder Hoffnung erhalten. Hoffnung, dass es m\u00f6glich ist sein Leben zu \u00e4ndern. Hoffnung, dass sie nicht ihr ganzes Leben in diesem Elend verbringen m\u00fcssen. Hoffnung, dass Ver\u00e4nderung mit Gottes Hilfe wirklich m\u00f6glich ist.<\/p>\n\n\n\n<figure class=\"wp-block-image size-full\"><img loading=\"lazy\" decoding=\"async\" width=\"544\" height=\"701\" src=\"https:\/\/www.helpinghands.ch\/wp-content\/uploads\/2021\/08\/Levanta_2021_13.png\" alt=\"\" class=\"wp-image-102\" srcset=\"https:\/\/www.helpinghands.ch\/wp-content\/uploads\/2021\/08\/Levanta_2021_13.png 544w, https:\/\/www.helpinghands.ch\/wp-content\/uploads\/2021\/08\/Levanta_2021_13-233x300.png 233w\" sizes=\"(max-width: 544px) 100vw, 544px\" \/><\/figure>\n\n\n\n<p>Sara ist eine Mutter von vier Kindern und lebt mit der Grossmutter zusammen. Wir kennen und besuchen die Familie bereits seit mehr als einem Jahr. Sara ist eine der Frauen, welche aus unserer Sicht bereits \u00abaufgestanden\u00bb ist und nun unsere Hilfe ben\u00f6tigt vorw\u00e4rts zu gehen. Wir sp\u00fcren ein grosses Vertrauen ihrerseits und sehen auch, dass sie sehr zuverl\u00e4ssig ihre Schritte tut.<\/p>\n\n\n\n<figure class=\"wp-block-image size-full\"><img loading=\"lazy\" decoding=\"async\" width=\"866\" height=\"894\" src=\"https:\/\/www.helpinghands.ch\/wp-content\/uploads\/2021\/08\/Levanta_2021_14.png\" alt=\"\" class=\"wp-image-103\" srcset=\"https:\/\/www.helpinghands.ch\/wp-content\/uploads\/2021\/08\/Levanta_2021_14.png 866w, https:\/\/www.helpinghands.ch\/wp-content\/uploads\/2021\/08\/Levanta_2021_14-291x300.png 291w, https:\/\/www.helpinghands.ch\/wp-content\/uploads\/2021\/08\/Levanta_2021_14-768x793.png 768w, https:\/\/www.helpinghands.ch\/wp-content\/uploads\/2021\/08\/Levanta_2021_14-800x826.png 800w\" sizes=\"(max-width: 866px) 100vw, 866px\" \/><\/figure>\n\n\n\n<p>Seit Anfang dieses Jahres ist sie die Putzfrau in unserem Haus und putzt jeweils unsere Wohnung, damit diese f\u00fcr die n\u00e4chste Familie bereit ist. Dank dieser Arbeit k\u00f6nnen wir ihr einen Lohn bezahlen. Wie in den meisten Familien sind Saras Kinder von unterschiedlichen M\u00e4nnern, welche sich nicht weiter um Frau und Kinder k\u00fcmmern. Als alleinstehende Mutter ist Sara \u00fcberfordert. Sie hat eine sehr schwere Beziehung zu ihren Teenagert\u00f6chtern. Auch in dieser Beziehung versuchen wir sie so gut wie m\u00f6glich zu unterst\u00fctzen.<\/p>\n\n\n\n<figure class=\"wp-block-image size-full\"><img loading=\"lazy\" decoding=\"async\" width=\"862\" height=\"730\" src=\"https:\/\/www.helpinghands.ch\/wp-content\/uploads\/2021\/08\/Levanta_2021_15.png\" alt=\"\" class=\"wp-image-104\" srcset=\"https:\/\/www.helpinghands.ch\/wp-content\/uploads\/2021\/08\/Levanta_2021_15.png 862w, https:\/\/www.helpinghands.ch\/wp-content\/uploads\/2021\/08\/Levanta_2021_15-300x254.png 300w, https:\/\/www.helpinghands.ch\/wp-content\/uploads\/2021\/08\/Levanta_2021_15-768x650.png 768w, https:\/\/www.helpinghands.ch\/wp-content\/uploads\/2021\/08\/Levanta_2021_15-800x677.png 800w\" sizes=\"(max-width: 862px) 100vw, 862px\" \/><\/figure>\n\n\n\n<p>Seit l\u00e4ngerer Zeit wissen wir, dass die 18-j\u00e4hrige Mutter Elayne sehr unter ihrer \u00abEhe\u00bb mit Ivalo leidet (sobald hier ein Paar zusammenlebt, sprechen sie von ihrem Ehepartner). Elayne, welche unser Projekt mit ihren zwei kleinen Kindern besucht, hat sich w\u00e4hrend den Gespr\u00e4chen mit unserer Psychologin Morgana sehr ge\u00f6ffnet. Ihr Ehemann Ivalo ist zu faul, um zu arbeiten und stark drogenabh\u00e4ngig. Die Mutter, zu der sie bereits mehrfach zur\u00fcckgekehrt ist, will sie nicht aufnehmen, weil sie selbst genug Probleme hat. Elayne ist sehr froh \u00fcber unsere Hilfe und besucht unser Projekt sehr gerne. Auch bei den Kindern sp\u00fcren wir, dass sie die Spielstunde mit uns sehr geniessen.<\/p>\n\n\n\n<p>Nebst der psychologischen Hilfe bieten wir dieser Familie auch Hilfe durch unsere Sozialarbeiterin an. Wir hoffen und beten, dass nebst Elayne auch ihr Mann bald \u00abaufsteht\u00bb und sie herausfinden k\u00f6nnen, wie sie langfristig ihr Leben in den Griff bekommen k\u00f6nnen.<\/p>\n\n\n\n<figure class=\"wp-block-image size-full\"><img loading=\"lazy\" decoding=\"async\" width=\"862\" height=\"680\" src=\"https:\/\/www.helpinghands.ch\/wp-content\/uploads\/2021\/08\/Levanta_2021_16.png\" alt=\"\" class=\"wp-image-105\" srcset=\"https:\/\/www.helpinghands.ch\/wp-content\/uploads\/2021\/08\/Levanta_2021_16.png 862w, https:\/\/www.helpinghands.ch\/wp-content\/uploads\/2021\/08\/Levanta_2021_16-300x237.png 300w, https:\/\/www.helpinghands.ch\/wp-content\/uploads\/2021\/08\/Levanta_2021_16-768x606.png 768w, https:\/\/www.helpinghands.ch\/wp-content\/uploads\/2021\/08\/Levanta_2021_16-800x631.png 800w\" sizes=\"(max-width: 862px) 100vw, 862px\" \/><figcaption class=\"wp-element-caption\">Assistentin Larissa in der Administration<\/figcaption><\/figure>\n\n\n\n<p>Da unser Projekt Levanta stark gewachsen ist und uns mehr braucht, hat sich unsere T\u00e4tigkeit in den restlichen Bereichen von \u00abDe Bra\u00e7os Abertos\u00bb reduziert. Weiterhin ist Tobias hauptverantwortlich f\u00fcr die Gesamtfinanzen, wird jedoch seit Herbst 2020 von der angestellten Assistentin Larissa in der Administration sehr unterst\u00fctzt. Als Verantwortliche \u00fcber den medizinischen Bereich steht Damaris den Hauseltern der Kinderheime medizinisch zur Verf\u00fcgung. W\u00e4hrend unseren Wochenendverantwortungen lieben wir es mit und oder f\u00fcr die Kinder des Kinderheims zu kochen und, als w\u00e4hrend den strengsten Quarant\u00e4nezeiten die Kirchen geschlossen waren, veranstalteten wir regelm\u00e4ssig Sonntagsschule mit den Kindern aus dem Heim.<\/p>\n\n\n\n<figure class=\"wp-block-image size-full\"><img loading=\"lazy\" decoding=\"async\" width=\"852\" height=\"674\" src=\"https:\/\/www.helpinghands.ch\/wp-content\/uploads\/2021\/08\/Levanta_2021_17.png\" alt=\"\" class=\"wp-image-106\" srcset=\"https:\/\/www.helpinghands.ch\/wp-content\/uploads\/2021\/08\/Levanta_2021_17.png 852w, https:\/\/www.helpinghands.ch\/wp-content\/uploads\/2021\/08\/Levanta_2021_17-300x237.png 300w, https:\/\/www.helpinghands.ch\/wp-content\/uploads\/2021\/08\/Levanta_2021_17-768x608.png 768w, https:\/\/www.helpinghands.ch\/wp-content\/uploads\/2021\/08\/Levanta_2021_17-800x633.png 800w\" sizes=\"(max-width: 852px) 100vw, 852px\" \/><figcaption class=\"wp-element-caption\">Das Gel\u00e4nde von &#8222;With open Arms&#8220;<\/figcaption><\/figure>\n\n\n\n<hr class=\"wp-block-separator has-alpha-channel-opacity is-style-dots\"\/>\n\n\n<div class=\"wp-block-image is-resized\">\n<figure class=\"aligncenter size-full\"><img loading=\"lazy\" decoding=\"async\" width=\"360\" height=\"360\" src=\"https:\/\/www.helpinghands.ch\/wp-content\/uploads\/2023\/08\/Spenden_Icon_blau2.png\" alt=\"\" class=\"wp-image-531\" style=\"width:120px\" srcset=\"https:\/\/www.helpinghands.ch\/wp-content\/uploads\/2023\/08\/Spenden_Icon_blau2.png 360w, https:\/\/www.helpinghands.ch\/wp-content\/uploads\/2023\/08\/Spenden_Icon_blau2-300x300.png 300w, https:\/\/www.helpinghands.ch\/wp-content\/uploads\/2023\/08\/Spenden_Icon_blau2-150x150.png 150w\" sizes=\"(max-width: 360px) 100vw, 360px\" \/><\/figure>\n<\/div>\n\n\n<h2 class=\"wp-block-heading has-text-align-center\">Spenden<\/h2>\n\n\n\n<figure class=\"wp-block-table is-style-regular\"><table class=\"has-white-background-color has-background has-fixed-layout\"><thead><tr><th class=\"has-text-align-center\" data-align=\"center\">51 Projektbezogene Spende Familie Sch\u00e4r<\/th><th class=\"has-text-align-center\" data-align=\"center\">50 Spende Familie Sch\u00e4r     <\/th><\/tr><\/thead><tbody><tr><td class=\"has-text-align-center\" data-align=\"center\"><img loading=\"lazy\" decoding=\"async\" width=\"178\" height=\"182\" src=\"https:\/\/www.helpinghands.ch\/wp-content\/uploads\/2023\/08\/SwissQR-QR-Code_51-Familie-Schaer-Projekte-Neuspender.jpg\" alt=\"\"><\/td><td class=\"has-text-align-center\" data-align=\"center\"><img loading=\"lazy\" decoding=\"async\" width=\"179\" height=\"183\" src=\"https:\/\/www.helpinghands.ch\/wp-content\/uploads\/2023\/08\/SwissQR-QR-Code_50-Familie-Schaer-Neuspender.jpg\" alt=\"\"><\/td><\/tr><\/tbody><\/table><figcaption class=\"wp-element-caption\">Schweizer QR-Code f\u00fcr E-Banking<\/figcaption><\/figure>\n\n\n\n<hr class=\"wp-block-separator has-alpha-channel-opacity\"\/>\n\n\n\n<p>Webseite Familie Sch\u00e4r: <a href=\"https:\/\/www.schaer-familia.com\/\">https:\/\/www.schaer-familia.com\/<\/a><\/p>\n\n\n\n<p class=\"has-text-align-right\"><em>Tschau &amp; At\u00e9 logo, Tobias &amp; Damaris,<br>Jael, Simea, Luca &amp; Baby<\/em><\/p>\n","protected":false},"excerpt":{"rendered":"<p>Die Aussagen von Martin Luther King in der bekannten Rede \u00abI have a dream\u00bb (1963) hat uns sehr inspiriert. Genau wie er haben auch wir einen Traum. Wir tr\u00e4umen von &#8230;<\/p>\n","protected":false},"author":1,"featured_media":0,"parent":0,"menu_order":0,"comment_status":"closed","ping_status":"closed","template":"","meta":{"footnotes":""},"class_list":["post-60","page","type-page","status-publish","hentry"],"_links":{"self":[{"href":"https:\/\/www.helpinghands.ch\/index.php?rest_route=\/wp\/v2\/pages\/60","targetHints":{"allow":["GET"]}}],"collection":[{"href":"https:\/\/www.helpinghands.ch\/index.php?rest_route=\/wp\/v2\/pages"}],"about":[{"href":"https:\/\/www.helpinghands.ch\/index.php?rest_route=\/wp\/v2\/types\/page"}],"author":[{"embeddable":true,"href":"https:\/\/www.helpinghands.ch\/index.php?rest_route=\/wp\/v2\/users\/1"}],"replies":[{"embeddable":true,"href":"https:\/\/www.helpinghands.ch\/index.php?rest_route=%2Fwp%2Fv2%2Fcomments&post=60"}],"version-history":[{"count":20,"href":"https:\/\/www.helpinghands.ch\/index.php?rest_route=\/wp\/v2\/pages\/60\/revisions"}],"predecessor-version":[{"id":684,"href":"https:\/\/www.helpinghands.ch\/index.php?rest_route=\/wp\/v2\/pages\/60\/revisions\/684"}],"wp:attachment":[{"href":"https:\/\/www.helpinghands.ch\/index.php?rest_route=%2Fwp%2Fv2%2Fmedia&parent=60"}],"curies":[{"name":"wp","href":"https:\/\/api.w.org\/{rel}","templated":true}]}}