{"id":62,"date":"2021-08-06T19:42:43","date_gmt":"2021-08-06T19:42:43","guid":{"rendered":"https:\/\/www.helpinghands.ch\/?page_id=62"},"modified":"2023-11-17T14:48:26","modified_gmt":"2023-11-17T14:48:26","slug":"with-open-arms-michael-und-gabriela-seeligde-bracos-abertos-brasilien","status":"publish","type":"page","link":"https:\/\/www.helpinghands.ch\/?page_id=62","title":{"rendered":"\u00abWith open Arms\u00bb: Michael und Gabriela Seelig(De Bra\u00e7os Abertos), Brasilien"},"content":{"rendered":"\n<p><\/p>\n\n\n\n<p>Wenn man \u00fcber das vergangene Jahr zur\u00fcckblicken will, kommt man nicht an COVID-19 vorbei. Selbstverst\u00e4ndlich wurde auch unser Leben stark davon beeintr\u00e4chtigt. Doch das ist es nicht, wor\u00fcber wir hier berichten m\u00f6chten. Vielmehr wollen wir den Fokus darauf legen, wie Gott trotz COVID-19 unsere Arbeit wachsen liess und unsere Projekte vielen Menschen zum Segen werden durften.<\/p>\n\n\n\n<figure class=\"wp-block-image size-full\"><img fetchpriority=\"high\" decoding=\"async\" width=\"854\" height=\"586\" src=\"https:\/\/www.helpinghands.ch\/wp-content\/uploads\/2021\/08\/seelig_2021_01.png\" alt=\"\" class=\"wp-image-65\" srcset=\"https:\/\/www.helpinghands.ch\/wp-content\/uploads\/2021\/08\/seelig_2021_01.png 854w, https:\/\/www.helpinghands.ch\/wp-content\/uploads\/2021\/08\/seelig_2021_01-300x206.png 300w, https:\/\/www.helpinghands.ch\/wp-content\/uploads\/2021\/08\/seelig_2021_01-768x527.png 768w, https:\/\/www.helpinghands.ch\/wp-content\/uploads\/2021\/08\/seelig_2021_01-800x549.png 800w\" sizes=\"(max-width: 854px) 100vw, 854px\" \/><figcaption class=\"wp-element-caption\">Unsere 5 Kinder inklusive Ariane<\/figcaption><\/figure>\n\n\n\n<p> <\/p>\n\n\n\n<p><\/p>\n\n\n\n<h2 class=\"wp-block-heading\"><strong>Mehrzweckgeb\u00e4ude<\/strong> <\/h2>\n\n\n\n<figure class=\"wp-block-image size-full\"><img decoding=\"async\" width=\"858\" height=\"399\" src=\"https:\/\/www.helpinghands.ch\/wp-content\/uploads\/2021\/08\/seelig_2021_02.png\" alt=\"\" class=\"wp-image-66\" srcset=\"https:\/\/www.helpinghands.ch\/wp-content\/uploads\/2021\/08\/seelig_2021_02.png 858w, https:\/\/www.helpinghands.ch\/wp-content\/uploads\/2021\/08\/seelig_2021_02-300x140.png 300w, https:\/\/www.helpinghands.ch\/wp-content\/uploads\/2021\/08\/seelig_2021_02-768x357.png 768w, https:\/\/www.helpinghands.ch\/wp-content\/uploads\/2021\/08\/seelig_2021_02-800x372.png 800w\" sizes=\"(max-width: 858px) 100vw, 858px\" \/><\/figure>\n\n\n\n<p><br>Seit der Gr\u00fcndung von \u00abWith Open Arms\u00bb war der Bau eines Mehrzweckgeb\u00e4udes ein Thema und eine Notwendigkeit. Nach f\u00fcnf Jahren war es fertig erstellt und wir durften es an Weihnachten 2020 einweihen. Im Erdgeschoss befinden sich eine Halle und die Industriek\u00fcche, im oberen Stockwerk sind die B\u00fcror\u00e4ume f\u00fcr die Administration und die Sitzungen, sowie ein speziell eingerichteter Raum f\u00fcr die therapeutische Arbeit mit den Kindern und zwei weitere B\u00fcros.<\/p>\n\n\n\n<figure class=\"wp-block-image size-full\"><img decoding=\"async\" width=\"844\" height=\"345\" src=\"https:\/\/www.helpinghands.ch\/wp-content\/uploads\/2021\/08\/seelig_2021_04.png\" alt=\"\" class=\"wp-image-69\" srcset=\"https:\/\/www.helpinghands.ch\/wp-content\/uploads\/2021\/08\/seelig_2021_04.png 844w, https:\/\/www.helpinghands.ch\/wp-content\/uploads\/2021\/08\/seelig_2021_04-300x123.png 300w, https:\/\/www.helpinghands.ch\/wp-content\/uploads\/2021\/08\/seelig_2021_04-768x314.png 768w, https:\/\/www.helpinghands.ch\/wp-content\/uploads\/2021\/08\/seelig_2021_04-800x327.png 800w\" sizes=\"(max-width: 844px) 100vw, 844px\" \/><figcaption class=\"wp-element-caption\">Die B\u00fcror\u00e4ume<\/figcaption><\/figure>\n\n\n\n<p><\/p>\n\n\n\n<p><\/p>\n\n\n\n<h2 class=\"wp-block-heading\">Kinderheime<\/h2>\n\n\n\n<figure class=\"wp-block-image size-full\"><img loading=\"lazy\" decoding=\"async\" width=\"600\" height=\"374\" src=\"https:\/\/www.helpinghands.ch\/wp-content\/uploads\/2021\/08\/seelig_2021_05.png\" alt=\"\" class=\"wp-image-70\" srcset=\"https:\/\/www.helpinghands.ch\/wp-content\/uploads\/2021\/08\/seelig_2021_05.png 600w, https:\/\/www.helpinghands.ch\/wp-content\/uploads\/2021\/08\/seelig_2021_05-300x187.png 300w\" sizes=\"(max-width: 600px) 100vw, 600px\" \/><figcaption class=\"wp-element-caption\">Gabriela hilft bei Matheaufgaben<\/figcaption><\/figure>\n\n\n\n<p><br>Wenn man eine neue Mission beginnt, ist man stark von Gott abh\u00e4ngig und fragt sich immer wieder: \u00abHerr, wie sollen wir dies oder jenes handhaben?\u00bb Doch mit der Zeit kommt die Erfahrung und damit eben auch die Gefahr, dass man Gott nicht mehr fragt, weil man jetzt ja selber klug ist und weiss, wie die Dinge anzugehen sind. Anfangs 2020 schauten Gabriela und ich zur\u00fcck auf \u00fcber vier Jahre Kinderheime und fast 60 Kindern, die bereits bei uns \u00fcber l\u00e4ngere Zeit leben und betreut werden durften. Wir freuen uns  \u00fcber all die positiven und gut funktionierenden Strukturen, haben uns aber auch kritische Fragen gestellt und Gott gebeten uns zu zeigen, wo es Ver\u00e4nderung braucht. Nach und nach hat Er uns zu erkennen gegeben, dass die Kinder noch viel mehr Familie erleben d\u00fcrfen als bis anhin. So entstand \u00fcber die folgenden Monate ein neues Konzept. <\/p>\n\n\n\n<figure class=\"wp-block-image size-full\"><img loading=\"lazy\" decoding=\"async\" width=\"607\" height=\"378\" src=\"https:\/\/www.helpinghands.ch\/wp-content\/uploads\/2021\/08\/seelig_2021_06.png\" alt=\"\" class=\"wp-image-71\" srcset=\"https:\/\/www.helpinghands.ch\/wp-content\/uploads\/2021\/08\/seelig_2021_06.png 607w, https:\/\/www.helpinghands.ch\/wp-content\/uploads\/2021\/08\/seelig_2021_06-300x187.png 300w\" sizes=\"(max-width: 607px) 100vw, 607px\" \/><figcaption class=\"wp-element-caption\">Immer volles Haus<\/figcaption><\/figure>\n\n\n\n<figure class=\"wp-block-image size-full\"><img loading=\"lazy\" decoding=\"async\" width=\"851\" height=\"468\" src=\"https:\/\/www.helpinghands.ch\/wp-content\/uploads\/2021\/08\/seelig_2021_07.png\" alt=\"\" class=\"wp-image-72\" srcset=\"https:\/\/www.helpinghands.ch\/wp-content\/uploads\/2021\/08\/seelig_2021_07.png 851w, https:\/\/www.helpinghands.ch\/wp-content\/uploads\/2021\/08\/seelig_2021_07-300x165.png 300w, https:\/\/www.helpinghands.ch\/wp-content\/uploads\/2021\/08\/seelig_2021_07-768x422.png 768w, https:\/\/www.helpinghands.ch\/wp-content\/uploads\/2021\/08\/seelig_2021_07-800x440.png 800w\" sizes=\"(max-width: 851px) 100vw, 851px\" \/><figcaption class=\"wp-element-caption\">Schulgarten<\/figcaption><\/figure>\n\n\n\n<p>Anstelle rotierender Hausm\u00fctter, welche selber zus\u00e4tzlich ihre eigenen Familien und Sorgen zuhause haben, wollten wir brasilianische kinderlose Missionarsehepaare anstellen, die sich vollzeitlich in den Dienst dieser Kinder in den Heimen stellen. Zudem sollten die Kinder nicht mehr nach Geschlecht<br>und Alter in verschiedene H\u00e4user aufgeteilt werden, sondern es soll ein nat\u00fcrlicher Mix sein, wie eben in einer normalen Familie, von Gross bis Klein. Das hat auch den ganz grossen Vorteil, dass die Geschwister alle im selben Haus wohnen k\u00f6nnen. Im Februar 2021 durften wir in zwei H\u00e4usern mit zwei Ehepaaren starten. Unsere Erwartungen an das neue Modell waren gross. Was wir aber in weniger als zwei Monaten beobachten d\u00fcrfen, \u00fcbertrifft all unsere Erwartungen und wir staunen und danken Gott f\u00fcr die Heilung der seelischen Wunden dieser Kinder. <\/p>\n\n\n\n<figure class=\"wp-block-image size-full\"><img loading=\"lazy\" decoding=\"async\" width=\"633\" height=\"507\" src=\"https:\/\/www.helpinghands.ch\/wp-content\/uploads\/2021\/08\/seelig_2021_08.png\" alt=\"\" class=\"wp-image-73\" srcset=\"https:\/\/www.helpinghands.ch\/wp-content\/uploads\/2021\/08\/seelig_2021_08.png 633w, https:\/\/www.helpinghands.ch\/wp-content\/uploads\/2021\/08\/seelig_2021_08-300x240.png 300w\" sizes=\"(max-width: 633px) 100vw, 633px\" \/><figcaption class=\"wp-element-caption\">Hauseltern Marcelo &amp; Daniela<\/figcaption><\/figure>\n\n\n\n<figure class=\"wp-block-image size-full\"><img loading=\"lazy\" decoding=\"async\" width=\"850\" height=\"430\" src=\"https:\/\/www.helpinghands.ch\/wp-content\/uploads\/2021\/08\/seelig_2021_09.png\" alt=\"\" class=\"wp-image-74\" srcset=\"https:\/\/www.helpinghands.ch\/wp-content\/uploads\/2021\/08\/seelig_2021_09.png 850w, https:\/\/www.helpinghands.ch\/wp-content\/uploads\/2021\/08\/seelig_2021_09-300x152.png 300w, https:\/\/www.helpinghands.ch\/wp-content\/uploads\/2021\/08\/seelig_2021_09-768x389.png 768w, https:\/\/www.helpinghands.ch\/wp-content\/uploads\/2021\/08\/seelig_2021_09-800x405.png 800w\" sizes=\"(max-width: 850px) 100vw, 850px\" \/><figcaption class=\"wp-element-caption\">Ein Kinderzimmer<\/figcaption><\/figure>\n\n\n\n<p><\/p>\n\n\n\n<p><\/p>\n\n\n\n<h2 class=\"wp-block-heading\">Schulhaus<\/h2>\n\n\n\n<figure class=\"wp-block-image size-full\"><img loading=\"lazy\" decoding=\"async\" width=\"851\" height=\"476\" src=\"https:\/\/www.helpinghands.ch\/wp-content\/uploads\/2021\/08\/seelig_2021_10.png\" alt=\"\" class=\"wp-image-75\" srcset=\"https:\/\/www.helpinghands.ch\/wp-content\/uploads\/2021\/08\/seelig_2021_10.png 851w, https:\/\/www.helpinghands.ch\/wp-content\/uploads\/2021\/08\/seelig_2021_10-300x168.png 300w, https:\/\/www.helpinghands.ch\/wp-content\/uploads\/2021\/08\/seelig_2021_10-768x430.png 768w, https:\/\/www.helpinghands.ch\/wp-content\/uploads\/2021\/08\/seelig_2021_10-800x447.png 800w\" sizes=\"(max-width: 851px) 100vw, 851px\" \/><\/figure>\n\n\n\n<p>Trotz aller Corona bedingten Widerst\u00e4nde konnten wir unsere Schule fertig bauen und gleichzeitig auch die notwendigen baulichen Bewilligungen einholen. Seit Mitte M\u00e4rz liegt nun der Antrag f\u00fcr die Er\u00f6ffnung bei der staatlichen Schulbeh\u00f6rde. Diese haben zwar die Inspektion bereits vorgenommen und sich sehr \u00fcber die Strukturen und auch das Konzept gefreut. Seit der zweiten Aprilwoche haben wir Lehrer angestellt und den Unterricht mit den 15 schulpflichtigen Kindern aus den Heimen gestartet. Sobald wir die Bewilligung offiziell erhalten, werden wir die Tore f\u00fcr die Kinder aus der armen Nachbarschaft aufmachen. Es handelt sich um eine Schule mit biblischen Prinzipien. Das bedeutet, dass das ganze Schulmaterial auf der Grundlage von Gottes Wort baut. Egal welches Fach, in jeder Stunde gibt es eine Reflexion, was Gott zu dem Thema in seinem Wort sagt. Diese Verse befinden sich auch auf den ausgedruckten Arbeitsbl\u00e4ttern. Es ist eine grosse Freude zu sehen, wie unsere Lehrer, die einen speziellen Kurs f\u00fcr diese Art von Unterricht besucht haben, begeistert sind. Sie sehen es als ein Vorrecht und als grosse M\u00f6glichkeit, diesen Kindern nicht nur akademische Werte zu vermitteln, sondern auch Gottes geistliche Wahrheiten, womit sie ganze Generationen erreichen k\u00f6nnen. Sie erkennen, dass es eine grosse Herausforderung wird, aber sind mit totaler Begeisterung dabei.<br><\/p>\n\n\n\n<figure class=\"wp-block-image size-full\"><img loading=\"lazy\" decoding=\"async\" width=\"852\" height=\"482\" src=\"https:\/\/www.helpinghands.ch\/wp-content\/uploads\/2021\/08\/seelig_2021_11.png\" alt=\"\" class=\"wp-image-76\" srcset=\"https:\/\/www.helpinghands.ch\/wp-content\/uploads\/2021\/08\/seelig_2021_11.png 852w, https:\/\/www.helpinghands.ch\/wp-content\/uploads\/2021\/08\/seelig_2021_11-300x170.png 300w, https:\/\/www.helpinghands.ch\/wp-content\/uploads\/2021\/08\/seelig_2021_11-768x434.png 768w, https:\/\/www.helpinghands.ch\/wp-content\/uploads\/2021\/08\/seelig_2021_11-800x453.png 800w\" sizes=\"(max-width: 852px) 100vw, 852px\" \/><figcaption class=\"wp-element-caption\">Schulzimmer<\/figcaption><\/figure>\n\n\n\n<figure class=\"wp-block-image size-full\"><img loading=\"lazy\" decoding=\"async\" width=\"578\" height=\"360\" src=\"https:\/\/www.helpinghands.ch\/wp-content\/uploads\/2021\/08\/seelig_2021_12.png\" alt=\"\" class=\"wp-image-77\" srcset=\"https:\/\/www.helpinghands.ch\/wp-content\/uploads\/2021\/08\/seelig_2021_12.png 578w, https:\/\/www.helpinghands.ch\/wp-content\/uploads\/2021\/08\/seelig_2021_12-300x187.png 300w\" sizes=\"(max-width: 578px) 100vw, 578px\" \/><figcaption class=\"wp-element-caption\">Gott im Zentrum des Unterrichts<\/figcaption><\/figure>\n\n\n\n<figure class=\"wp-block-image size-full\"><img loading=\"lazy\" decoding=\"async\" width=\"845\" height=\"511\" src=\"https:\/\/www.helpinghands.ch\/wp-content\/uploads\/2021\/08\/seelig_2021_13.png\" alt=\"\" class=\"wp-image-78\" srcset=\"https:\/\/www.helpinghands.ch\/wp-content\/uploads\/2021\/08\/seelig_2021_13.png 845w, https:\/\/www.helpinghands.ch\/wp-content\/uploads\/2021\/08\/seelig_2021_13-300x181.png 300w, https:\/\/www.helpinghands.ch\/wp-content\/uploads\/2021\/08\/seelig_2021_13-768x464.png 768w, https:\/\/www.helpinghands.ch\/wp-content\/uploads\/2021\/08\/seelig_2021_13-800x484.png 800w\" sizes=\"(max-width: 845px) 100vw, 845px\" \/><figcaption class=\"wp-element-caption\">Schuldirektor Jesse<\/figcaption><\/figure>\n\n\n\n<figure class=\"wp-block-image size-full\"><img loading=\"lazy\" decoding=\"async\" width=\"852\" height=\"482\" src=\"https:\/\/www.helpinghands.ch\/wp-content\/uploads\/2021\/08\/seelig_2021_14.png\" alt=\"\" class=\"wp-image-79\" srcset=\"https:\/\/www.helpinghands.ch\/wp-content\/uploads\/2021\/08\/seelig_2021_14.png 852w, https:\/\/www.helpinghands.ch\/wp-content\/uploads\/2021\/08\/seelig_2021_14-300x170.png 300w, https:\/\/www.helpinghands.ch\/wp-content\/uploads\/2021\/08\/seelig_2021_14-768x434.png 768w, https:\/\/www.helpinghands.ch\/wp-content\/uploads\/2021\/08\/seelig_2021_14-800x453.png 800w\" sizes=\"(max-width: 852px) 100vw, 852px\" \/><figcaption class=\"wp-element-caption\">Der Umbau f\u00fcr das vierte Haus<\/figcaption><\/figure>\n\n\n\n<p><\/p>\n\n\n\n<p><\/p>\n\n\n\n<h2 class=\"wp-block-heading\">Familie<\/h2>\n\n\n\n<p>Nach einem f\u00fcrchterlichen Arbeitsunfall von Simeon, bei welchem er sich aufgrund eines Lichtbogens starke Verbrennungen zweiten Grades im Gesicht zugezogen hat, flogen Gabriela und ich im letzten November<br>f\u00fcr zwei Wochen in die Schweiz, um ihm in der schweren Zeit beizustehen und ihn zu pflegen. Wir sind Gott so dankbar, dass das Gesicht von Simeon wieder zugeheilt ist und es keine Narbenbildungen gab. Der Unfall h\u00e4tte t\u00f6dlich sein k\u00f6nnen. Die Umst\u00e4nde des Unfalles f\u00fchrten im M\u00e4rz zu einem Lehrstellenwechsel in eine andere Firma. <\/p>\n\n\n\n<figure class=\"wp-block-image size-full\"><img loading=\"lazy\" decoding=\"async\" width=\"856\" height=\"481\" src=\"https:\/\/www.helpinghands.ch\/wp-content\/uploads\/2021\/08\/seelig_2021_15.png\" alt=\"\" class=\"wp-image-80\" srcset=\"https:\/\/www.helpinghands.ch\/wp-content\/uploads\/2021\/08\/seelig_2021_15.png 856w, https:\/\/www.helpinghands.ch\/wp-content\/uploads\/2021\/08\/seelig_2021_15-300x169.png 300w, https:\/\/www.helpinghands.ch\/wp-content\/uploads\/2021\/08\/seelig_2021_15-768x432.png 768w, https:\/\/www.helpinghands.ch\/wp-content\/uploads\/2021\/08\/seelig_2021_15-800x450.png 800w\" sizes=\"(max-width: 856px) 100vw, 856px\" \/><figcaption class=\"wp-element-caption\">Unser Hausdienst jeden Dienstag<\/figcaption><\/figure>\n\n\n\n<p>In wenigen Wochen fliegt Tabea in die Schweiz, um im Sommer bei der Spitex D\u00fcrnten eine Lehre als Fachfrau Gesundheit zu starten. Wenn ich nur daran denke, wird es mir schwer ums Herz. Es ist nicht einfach, wenn man nicht weiss, wie lange es geht, bis man sich wieder sieht, vor allem jetzt, wo das Reisen noch viel schwieriger geworden ist. Doch wir sind \u00fcberzeugt, dass dies der richtige Schritt f\u00fcr Tabea ist, Gott hat hier wirklich eine T\u00fcre weit aufgestossen.<br>Salome f\u00e4ngt im Juli ein vierj\u00e4hriges Studium als Sozialarbeiterin hier in Brasilien an. Es ist wirklich ein Beruf, bei welchem Salome aufbl\u00fcht. Sie liebt es in M\u00fctter und Kinder zu investieren, sie zu unterst\u00fctzen, die Liebe Gottes weiterzugeben und ihnen zu helfen auf eigenen Beinen zu stehen.<br>Anna ist im dritten Jahr ihres Psychologiestudiums. Die Materie ist eine grosse Herausforderung f\u00fcr sie.<\/p>\n\n\n\n<figure class=\"wp-block-image size-full\"><img loading=\"lazy\" decoding=\"async\" width=\"578\" height=\"374\" src=\"https:\/\/www.helpinghands.ch\/wp-content\/uploads\/2021\/08\/seelig_2021_16.png\" alt=\"\" class=\"wp-image-81\" srcset=\"https:\/\/www.helpinghands.ch\/wp-content\/uploads\/2021\/08\/seelig_2021_16.png 578w, https:\/\/www.helpinghands.ch\/wp-content\/uploads\/2021\/08\/seelig_2021_16-300x194.png 300w\" sizes=\"(max-width: 578px) 100vw, 578px\" \/><figcaption class=\"wp-element-caption\">Andacht<\/figcaption><\/figure>\n\n\n\n<figure class=\"wp-block-image size-full\"><img loading=\"lazy\" decoding=\"async\" width=\"635\" height=\"356\" src=\"https:\/\/www.helpinghands.ch\/wp-content\/uploads\/2021\/08\/seelig_2021_17.png\" alt=\"\" class=\"wp-image-82\" srcset=\"https:\/\/www.helpinghands.ch\/wp-content\/uploads\/2021\/08\/seelig_2021_17.png 635w, https:\/\/www.helpinghands.ch\/wp-content\/uploads\/2021\/08\/seelig_2021_17-300x168.png 300w\" sizes=\"(max-width: 635px) 100vw, 635px\" \/><\/figure>\n\n\n\n<p> <\/p>\n\n\n\n<p><\/p>\n\n\n\n<h2 class=\"wp-block-heading\">Familienzuwachs<\/h2>\n\n\n\n<figure class=\"wp-block-image size-full\"><img loading=\"lazy\" decoding=\"async\" width=\"500\" height=\"678\" src=\"https:\/\/www.helpinghands.ch\/wp-content\/uploads\/2021\/08\/seelig_2021_18.png\" alt=\"\" class=\"wp-image-83\" srcset=\"https:\/\/www.helpinghands.ch\/wp-content\/uploads\/2021\/08\/seelig_2021_18.png 500w, https:\/\/www.helpinghands.ch\/wp-content\/uploads\/2021\/08\/seelig_2021_18-221x300.png 221w\" sizes=\"(max-width: 500px) 100vw, 500px\" \/><\/figure>\n\n\n\n<p>Nachdem Ariane bereits zwei Jahre bei uns in der Familie gewohnt hat und wir uns gegenseitig ins Herz geschlossen haben, entschieden wir uns, dass wir sie adoptieren m\u00f6chten. Wir h\u00e4tten nie gedacht, dass dieser Entscheid bei ihr nochmals so vieles ausl\u00f6st. Wir sind Gott einfach nur dankbar wie er uns braucht und uns gleichzeitig auch segnet. Nachdem der amtliche Prozess der Adoption abgeschlossen wurde, sind wir nun daran, alle Dokumente und Ausweise mit dem neuen Namen zu organisieren.<br>Wir danken Gott, dass Ihr uns nicht vergessen habt trotz der schwierigen Zeiten, die Ihr als Freunde und Familien aufgrund der Pandemie durchmacht! Manchmal sind wir m\u00fcde und wissen nicht mehr, wie wir alles packen sollen \u2013 aber wir wollen weitergehen! Wir wissen nicht, wie viele Tage uns auf dieser Erde bleiben. Wir m\u00f6chten sie aber nicht vers\u00e4umen, sondern uns weiter brauchen lassen und in die Leben investieren, die Gott uns hier anvertraut. Danke f\u00fcr Euer Vertrauen! Danke f\u00fcr Euer Mittragen, sei es in Gebet, Ermutigung oder Finanzen! Es ist SEIN Werk, wir sind zusammen mit Euch seine Werkzeuge. M\u00f6ge Gott uns allen die Gnade schenken, dass wir in dieser Zeit den Fokus nicht verlieren und unseren Blick auf IHN gerichtet halten!<\/p>\n\n\n\n<figure class=\"wp-block-image size-full\"><img loading=\"lazy\" decoding=\"async\" width=\"855\" height=\"547\" src=\"https:\/\/www.helpinghands.ch\/wp-content\/uploads\/2021\/08\/seelig_2021_19.png\" alt=\"\" class=\"wp-image-84\" srcset=\"https:\/\/www.helpinghands.ch\/wp-content\/uploads\/2021\/08\/seelig_2021_19.png 855w, https:\/\/www.helpinghands.ch\/wp-content\/uploads\/2021\/08\/seelig_2021_19-300x192.png 300w, https:\/\/www.helpinghands.ch\/wp-content\/uploads\/2021\/08\/seelig_2021_19-768x491.png 768w, https:\/\/www.helpinghands.ch\/wp-content\/uploads\/2021\/08\/seelig_2021_19-800x512.png 800w\" sizes=\"(max-width: 855px) 100vw, 855px\" \/><\/figure>\n\n\n\n<p><br>Mit ganz herzlichen Gr\u00fcssen!<\/p>\n\n\n\n<p class=\"has-text-align-right\"><em>Familie Seelig<\/em><\/p>\n\n\n\n<hr class=\"wp-block-separator has-alpha-channel-opacity is-style-dots\"\/>\n\n\n<div class=\"wp-block-image\">\n<figure class=\"aligncenter size-full is-resized\"><img loading=\"lazy\" decoding=\"async\" width=\"360\" height=\"360\" src=\"https:\/\/www.helpinghands.ch\/wp-content\/uploads\/2023\/11\/Spenden_Icon_blau2-4.png\" alt=\"\" class=\"wp-image-674\" style=\"width:120px\" srcset=\"https:\/\/www.helpinghands.ch\/wp-content\/uploads\/2023\/11\/Spenden_Icon_blau2-4.png 360w, https:\/\/www.helpinghands.ch\/wp-content\/uploads\/2023\/11\/Spenden_Icon_blau2-4-300x300.png 300w, https:\/\/www.helpinghands.ch\/wp-content\/uploads\/2023\/11\/Spenden_Icon_blau2-4-150x150.png 150w\" sizes=\"(max-width: 360px) 100vw, 360px\" \/><\/figure>\n<\/div>\n\n\n<h2 class=\"wp-block-heading has-text-align-center\">Spenden<\/h2>\n\n\n\n<figure class=\"wp-block-table is-style-regular\"><table class=\"has-white-background-color has-background has-fixed-layout\"><thead><tr><th class=\"has-text-align-center\" data-align=\"center\">68 Familie Seelig Projekt &#8222;with open arms&#8220;<\/th><th class=\"has-text-align-center\" data-align=\"center\">65 Spende Brasilien Familie Seelig    <\/th><\/tr><\/thead><tbody><tr><td class=\"has-text-align-center\" data-align=\"center\"><img decoding=\"async\" src=\"https:\/\/www.helpinghands.ch\/wp-content\/uploads\/2023\/11\/SwissQR-QR-Code_68-Familie-Seelig-Projekte-Neuspender.jpg\" alt=\"\" style=\"width: 200px;\"><\/td><td class=\"has-text-align-center\" data-align=\"center\"><img decoding=\"async\" src=\"https:\/\/www.helpinghands.ch\/wp-content\/uploads\/2023\/11\/SwissQR-QR-Code_65-Familie-Seelig-Neuspender.jpg\" alt=\"\" style=\"width: 200px;\"><\/td><\/tr><\/tbody><\/table><figcaption class=\"wp-element-caption\">Schweizer QR-Code f\u00fcr E-Banking<\/figcaption><\/figure>\n","protected":false},"excerpt":{"rendered":"<p>Wenn man \u00fcber das vergangene Jahr zur\u00fcckblicken will, kommt man nicht an COVID-19 vorbei. Selbstverst\u00e4ndlich wurde auch unser Leben stark davon beeintr\u00e4chtigt. Doch das ist es nicht, wor\u00fcber wir hier &#8230;<\/p>\n","protected":false},"author":1,"featured_media":0,"parent":0,"menu_order":0,"comment_status":"closed","ping_status":"closed","template":"","meta":{"footnotes":""},"class_list":["post-62","page","type-page","status-publish","hentry"],"_links":{"self":[{"href":"https:\/\/www.helpinghands.ch\/index.php?rest_route=\/wp\/v2\/pages\/62","targetHints":{"allow":["GET"]}}],"collection":[{"href":"https:\/\/www.helpinghands.ch\/index.php?rest_route=\/wp\/v2\/pages"}],"about":[{"href":"https:\/\/www.helpinghands.ch\/index.php?rest_route=\/wp\/v2\/types\/page"}],"author":[{"embeddable":true,"href":"https:\/\/www.helpinghands.ch\/index.php?rest_route=\/wp\/v2\/users\/1"}],"replies":[{"embeddable":true,"href":"https:\/\/www.helpinghands.ch\/index.php?rest_route=%2Fwp%2Fv2%2Fcomments&post=62"}],"version-history":[{"count":9,"href":"https:\/\/www.helpinghands.ch\/index.php?rest_route=\/wp\/v2\/pages\/62\/revisions"}],"predecessor-version":[{"id":714,"href":"https:\/\/www.helpinghands.ch\/index.php?rest_route=\/wp\/v2\/pages\/62\/revisions\/714"}],"wp:attachment":[{"href":"https:\/\/www.helpinghands.ch\/index.php?rest_route=%2Fwp%2Fv2%2Fmedia&parent=62"}],"curies":[{"name":"wp","href":"https:\/\/api.w.org\/{rel}","templated":true}]}}