{"id":628,"date":"2023-11-16T11:04:48","date_gmt":"2023-11-16T11:04:48","guid":{"rendered":"https:\/\/www.helpinghands.ch\/?page_id=628"},"modified":"2025-12-11T22:01:49","modified_gmt":"2025-12-11T22:01:49","slug":"sri-lanka","status":"publish","type":"page","link":"https:\/\/www.helpinghands.ch\/?page_id=628","title":{"rendered":"Sri Lanka Projekte"},"content":{"rendered":"\n<p>Zusammen mit lokalen Partnern sind Martin und Hanni Baumgartner seit 1997 in Sri Lanka unter Tamilen und Singalesen t\u00e4tig. <\/p>\n\n\n\n<hr class=\"wp-block-separator has-alpha-channel-opacity\" id=\"block-b2cd407e-9c5c-412d-923f-ddcfc4a9afdd\"\/>\n\n\n\n<h2 class=\"wp-block-heading\">Spendenaufruf &#8211; Naturkatastrophe Sri Lanka<\/h2>\n\n\n\n<p>Wie in den Medien zu lesen und h\u00f6ren war, hat der Zyklon Ditwah enorme Zerst\u00f6rungen auf Sri Lanka angerichtet.<\/p>\n\n\n\n<p>Leider sind auch viele unserer Freunde betroffen. Ziegel wurden von den D\u00e4chern weggefegt, wodurch das Wasser die Innenr\u00e4ume zerst\u00f6rt hat, Familien mussten evakuiert werden, ein vor kurzem einge-richtetes Gesch\u00e4ft wurde von den Fluten arg zuge-richtet, Kirchen standen so im Wasser, dass keine Gottesdienste mehr gefeiert werden konnten. In einer Gemeinde starben sechs Personen auf Grund der Fluten und Erdrutsche. Die Not ist \u00fcberall zu sehen.<\/p>\n\n\n\n<p>Gerne stehen wir unseren Freunden in dieser schwierigen Lage zur Seite. Doch allein k\u00f6nnen wir dies nicht bew\u00e4ltigen. Wir sind dankbar f\u00fcr jegliche Zuwendung zu Gunsten dieser Betroffenen.<\/p>\n\n\n\n<p>Sie k\u00f6nnen auf das Konto Helping Hands Sri Lanka einbezahlt mit dem Vermerk: Naturkatastrophe.<\/p>\n\n\n\n<p>Herzlichen Dank im Voraus! Martin und Hanni Baumgartner<\/p>\n\n\n\n<hr class=\"wp-block-separator has-alpha-channel-opacity\"\/>\n\n\n\n<h3 class=\"wp-block-heading\">Spenden sind m\u00f6glich mit folgendem QR-Code (Einzahlungsschein Schweiz)<\/h3>\n\n\n<div class=\"wp-block-image\">\n<figure class=\"aligncenter size-full is-resized\"><img fetchpriority=\"high\" decoding=\"async\" width=\"324\" height=\"319\" src=\"https:\/\/www.helpinghands.ch\/wp-content\/uploads\/2025\/12\/QR-Code_Spenden_Sri-Lanka.jpg\" alt=\"\" class=\"wp-image-1183\" style=\"width:184px;height:auto\" srcset=\"https:\/\/www.helpinghands.ch\/wp-content\/uploads\/2025\/12\/QR-Code_Spenden_Sri-Lanka.jpg 324w, https:\/\/www.helpinghands.ch\/wp-content\/uploads\/2025\/12\/QR-Code_Spenden_Sri-Lanka-300x295.jpg 300w\" sizes=\"(max-width: 324px) 100vw, 324px\" \/><\/figure>\n<\/div>\n\n\n<hr class=\"wp-block-separator has-alpha-channel-opacity\"\/>\n\n\n<div class=\"wp-block-image\">\n<figure class=\"aligncenter size-full is-resized\"><img decoding=\"async\" width=\"576\" height=\"767\" src=\"https:\/\/www.helpinghands.ch\/wp-content\/uploads\/2025\/12\/Unwetter_Sri_Lanka_2025-1.jpg\" alt=\"\" class=\"wp-image-1182\" style=\"aspect-ratio:0.7509807755786396;width:347px;height:auto\" srcset=\"https:\/\/www.helpinghands.ch\/wp-content\/uploads\/2025\/12\/Unwetter_Sri_Lanka_2025-1.jpg 576w, https:\/\/www.helpinghands.ch\/wp-content\/uploads\/2025\/12\/Unwetter_Sri_Lanka_2025-1-225x300.jpg 225w\" sizes=\"(max-width: 576px) 100vw, 576px\" \/><\/figure>\n<\/div>\n\n\n<h3 class=\"wp-block-heading\">Aktuelle News zu den Sri Lanka Projekten findest du hier als PDF-Download:<\/h3>\n\n\n\n<p><strong>Neue Sponsoren gesucht!<\/strong><\/p>\n\n\n\n<div class=\"wp-block-group\"><div class=\"wp-block-group__inner-container is-layout-constrained wp-block-group-is-layout-constrained\">\n<div class=\"wp-block-columns is-layout-flex wp-container-core-columns-is-layout-9d6595d7 wp-block-columns-is-layout-flex\">\n<div class=\"wp-block-column is-layout-flow wp-block-column-is-layout-flow\" style=\"flex-basis:100%\">\n<div data-wp-interactive=\"core\/file\" class=\"wp-block-file\"><object data-wp-bind--hidden=\"!state.hasPdfPreview\" hidden class=\"wp-block-file__embed\" data=\"https:\/\/www.helpinghands.ch\/wp-content\/uploads\/2025\/12\/34.-Rundbrief-2025.pdf\" type=\"application\/pdf\" style=\"width:100%;height:600px\" aria-label=\"Einbettung von 34. Rundbrief 2025.\"><\/object><a id=\"wp-block-file--media-23bd5c70-f267-4776-8620-3ce02295e226\" href=\"https:\/\/www.helpinghands.ch\/wp-content\/uploads\/2025\/12\/34.-Rundbrief-2025.pdf\" target=\"_blank\" rel=\"noreferrer noopener\">34. Rundbrief 2025<\/a><a href=\"https:\/\/www.helpinghands.ch\/wp-content\/uploads\/2025\/12\/34.-Rundbrief-2025.pdf\" class=\"wp-block-file__button wp-element-button\" download aria-describedby=\"wp-block-file--media-23bd5c70-f267-4776-8620-3ce02295e226\">Herunterladen<\/a><\/div>\n<\/div>\n<\/div>\n<\/div><\/div>\n\n\n\n<hr class=\"wp-block-separator has-alpha-channel-opacity\"\/>\n\n\n\n<h2 class=\"wp-block-heading\">Kinderhilfswerk Sri Lanka seit 1997<\/h2>\n\n\n\n<p>Wir unterst\u00fctzen bed\u00fcrftige Kinder, um Ihnen eine gute Ausbildung und damit eine selbst\u00e4nige Zukunft zu erm\u00f6glichen.<\/p>\n\n\n\n<figure class=\"wp-block-image size-large is-resized\"><img decoding=\"async\" width=\"1024\" height=\"683\" src=\"https:\/\/www.helpinghands.ch\/wp-content\/uploads\/2023\/11\/Besprechung-mit-Sponsor-Kind-1-1024x683.jpg\" alt=\"\" class=\"wp-image-635\" style=\"width:577px;height:auto\" srcset=\"https:\/\/www.helpinghands.ch\/wp-content\/uploads\/2023\/11\/Besprechung-mit-Sponsor-Kind-1-1024x683.jpg 1024w, https:\/\/www.helpinghands.ch\/wp-content\/uploads\/2023\/11\/Besprechung-mit-Sponsor-Kind-1-300x200.jpg 300w, https:\/\/www.helpinghands.ch\/wp-content\/uploads\/2023\/11\/Besprechung-mit-Sponsor-Kind-1-768x512.jpg 768w, https:\/\/www.helpinghands.ch\/wp-content\/uploads\/2023\/11\/Besprechung-mit-Sponsor-Kind-1-1536x1024.jpg 1536w, https:\/\/www.helpinghands.ch\/wp-content\/uploads\/2023\/11\/Besprechung-mit-Sponsor-Kind-1-2048x1365.jpg 2048w, https:\/\/www.helpinghands.ch\/wp-content\/uploads\/2023\/11\/Besprechung-mit-Sponsor-Kind-1-800x533.jpg 800w\" sizes=\"(max-width: 1024px) 100vw, 1024px\" \/><\/figure>\n\n\n\n<p>Bildung ist ein wichtiger Schritt hin zur Selbst\u00e4ndigkeit.<\/p>\n\n\n\n<figure class=\"wp-block-image size-large is-resized\"><img loading=\"lazy\" decoding=\"async\" width=\"1024\" height=\"576\" src=\"https:\/\/www.helpinghands.ch\/wp-content\/uploads\/2023\/11\/Teenager-Treffen-1024x576.jpg\" alt=\"\" class=\"wp-image-637\" style=\"width:569px;height:auto\" srcset=\"https:\/\/www.helpinghands.ch\/wp-content\/uploads\/2023\/11\/Teenager-Treffen-1024x576.jpg 1024w, https:\/\/www.helpinghands.ch\/wp-content\/uploads\/2023\/11\/Teenager-Treffen-300x169.jpg 300w, https:\/\/www.helpinghands.ch\/wp-content\/uploads\/2023\/11\/Teenager-Treffen-768x432.jpg 768w, https:\/\/www.helpinghands.ch\/wp-content\/uploads\/2023\/11\/Teenager-Treffen-1536x864.jpg 1536w, https:\/\/www.helpinghands.ch\/wp-content\/uploads\/2023\/11\/Teenager-Treffen-2048x1152.jpg 2048w, https:\/\/www.helpinghands.ch\/wp-content\/uploads\/2023\/11\/Teenager-Treffen-800x450.jpg 800w\" sizes=\"(max-width: 1024px) 100vw, 1024px\" \/><\/figure>\n\n\n\n<p><\/p>\n\n\n\n<p>Familien bekommen Hilfe durch Kinderpatenschaften zwecks Schul- und Berufsbildung,&nbsp; medizinischer Betreuung und gesunder Ern\u00e4hrung.<\/p>\n\n\n\n<h2 class=\"wp-block-heading\">Mikrokredite<\/h2>\n\n\n\n<p>Mikrokredite verbessern das Familien-Einkommen. Wie hier mit dem Anbau vor Erdn\u00fcssen und anderen Kulturen.<\/p>\n\n\n\n<figure class=\"wp-block-image size-large is-resized\"><img loading=\"lazy\" decoding=\"async\" width=\"819\" height=\"1024\" src=\"https:\/\/www.helpinghands.ch\/wp-content\/uploads\/2024\/08\/Feld-819x1024.jpg\" alt=\"\" class=\"wp-image-897\" style=\"width:511px;height:auto\" srcset=\"https:\/\/www.helpinghands.ch\/wp-content\/uploads\/2024\/08\/Feld-819x1024.jpg 819w, https:\/\/www.helpinghands.ch\/wp-content\/uploads\/2024\/08\/Feld-240x300.jpg 240w, https:\/\/www.helpinghands.ch\/wp-content\/uploads\/2024\/08\/Feld-768x960.jpg 768w, https:\/\/www.helpinghands.ch\/wp-content\/uploads\/2024\/08\/Feld-1229x1536.jpg 1229w, https:\/\/www.helpinghands.ch\/wp-content\/uploads\/2024\/08\/Feld-1638x2048.jpg 1638w, https:\/\/www.helpinghands.ch\/wp-content\/uploads\/2024\/08\/Feld-scaled.jpg 2048w\" sizes=\"(max-width: 819px) 100vw, 819px\" \/><\/figure>\n\n\n\n<p><\/p>\n\n\n\n<p><\/p>\n\n\n\n<figure class=\"wp-block-image size-large is-resized\"><img loading=\"lazy\" decoding=\"async\" width=\"768\" height=\"1024\" src=\"https:\/\/www.helpinghands.ch\/wp-content\/uploads\/2023\/11\/Erdnussernte-768x1024.jpg\" alt=\"\" class=\"wp-image-638\" style=\"width:509px;height:auto\" srcset=\"https:\/\/www.helpinghands.ch\/wp-content\/uploads\/2023\/11\/Erdnussernte-768x1024.jpg 768w, https:\/\/www.helpinghands.ch\/wp-content\/uploads\/2023\/11\/Erdnussernte-225x300.jpg 225w, https:\/\/www.helpinghands.ch\/wp-content\/uploads\/2023\/11\/Erdnussernte-800x1067.jpg 800w, https:\/\/www.helpinghands.ch\/wp-content\/uploads\/2023\/11\/Erdnussernte.jpg 960w\" sizes=\"(max-width: 768px) 100vw, 768px\" \/><\/figure>\n\n\n\n<p>Bei Katastrophen sind unsere lokalen Partner sofort vor Ort.<\/p>\n\n\n\n<p><\/p>\n\n\n\n<figure class=\"wp-block-image size-large is-resized\"><img loading=\"lazy\" decoding=\"async\" width=\"1024\" height=\"971\" src=\"https:\/\/www.helpinghands.ch\/wp-content\/uploads\/2023\/11\/05-1024x971.jpg\" alt=\"\" class=\"wp-image-636\" style=\"width:513px;height:auto\" srcset=\"https:\/\/www.helpinghands.ch\/wp-content\/uploads\/2023\/11\/05-1024x971.jpg 1024w, https:\/\/www.helpinghands.ch\/wp-content\/uploads\/2023\/11\/05-300x284.jpg 300w, https:\/\/www.helpinghands.ch\/wp-content\/uploads\/2023\/11\/05-768x728.jpg 768w, https:\/\/www.helpinghands.ch\/wp-content\/uploads\/2023\/11\/05-800x759.jpg 800w, https:\/\/www.helpinghands.ch\/wp-content\/uploads\/2023\/11\/05.jpg 1488w\" sizes=\"(max-width: 1024px) 100vw, 1024px\" \/><\/figure>\n\n\n\n<p>Unser Ziel ist, die Menschen in ein eigenst\u00e4ndiges und finanziell unabh\u00e4ngiges Leben zu f\u00fchren.<\/p>\n\n\n\n<hr class=\"wp-block-separator has-alpha-channel-opacity is-style-dots\"\/>\n\n\n<div class=\"wp-block-image\">\n<figure class=\"aligncenter size-full is-resized\"><img loading=\"lazy\" decoding=\"async\" width=\"360\" height=\"360\" src=\"https:\/\/www.helpinghands.ch\/wp-content\/uploads\/2023\/11\/Spenden_Icon_blau2.png\" alt=\"\" class=\"wp-image-643\" style=\"width:134px;height:auto\" srcset=\"https:\/\/www.helpinghands.ch\/wp-content\/uploads\/2023\/11\/Spenden_Icon_blau2.png 360w, https:\/\/www.helpinghands.ch\/wp-content\/uploads\/2023\/11\/Spenden_Icon_blau2-300x300.png 300w, https:\/\/www.helpinghands.ch\/wp-content\/uploads\/2023\/11\/Spenden_Icon_blau2-150x150.png 150w\" sizes=\"(max-width: 360px) 100vw, 360px\" \/><\/figure>\n<\/div>\n\n\n<h2 class=\"wp-block-heading has-text-align-center\">Spenden<\/h2>\n\n\n\n<figure class=\"wp-block-table is-style-regular\"><table class=\"has-white-background-color has-background has-fixed-layout\"><thead><tr><th class=\"has-text-align-center\" data-align=\"center\">40 Spenden f\u00fcr Projekte Sri Lanka<\/th><\/tr><\/thead><tbody><tr><td class=\"has-text-align-center\" data-align=\"center\"><img decoding=\"async\" src=\"https:\/\/www.helpinghands.ch\/wp-content\/uploads\/2023\/11\/SwissQR-QR-Code_40-Sri-Lanka-Kinder-Neuspender.jpg\" alt=\"\" style=\"width: 200px;\"><\/td><\/tr><\/tbody><\/table><figcaption class=\"wp-element-caption\">Schweizer QR-Code f\u00fcr E-Banking<\/figcaption><\/figure>\n","protected":false},"excerpt":{"rendered":"<p>Zusammen mit lokalen Partnern sind Martin und Hanni Baumgartner seit 1997 in Sri Lanka unter Tamilen und Singalesen t\u00e4tig. Spendenaufruf &#8211; Naturkatastrophe Sri Lanka Wie in den Medien zu lesen &#8230;<\/p>\n","protected":false},"author":1,"featured_media":0,"parent":0,"menu_order":0,"comment_status":"closed","ping_status":"closed","template":"","meta":{"footnotes":""},"class_list":["post-628","page","type-page","status-publish","hentry"],"_links":{"self":[{"href":"https:\/\/www.helpinghands.ch\/index.php?rest_route=\/wp\/v2\/pages\/628","targetHints":{"allow":["GET"]}}],"collection":[{"href":"https:\/\/www.helpinghands.ch\/index.php?rest_route=\/wp\/v2\/pages"}],"about":[{"href":"https:\/\/www.helpinghands.ch\/index.php?rest_route=\/wp\/v2\/types\/page"}],"author":[{"embeddable":true,"href":"https:\/\/www.helpinghands.ch\/index.php?rest_route=\/wp\/v2\/users\/1"}],"replies":[{"embeddable":true,"href":"https:\/\/www.helpinghands.ch\/index.php?rest_route=%2Fwp%2Fv2%2Fcomments&post=628"}],"version-history":[{"count":32,"href":"https:\/\/www.helpinghands.ch\/index.php?rest_route=\/wp\/v2\/pages\/628\/revisions"}],"predecessor-version":[{"id":1186,"href":"https:\/\/www.helpinghands.ch\/index.php?rest_route=\/wp\/v2\/pages\/628\/revisions\/1186"}],"wp:attachment":[{"href":"https:\/\/www.helpinghands.ch\/index.php?rest_route=%2Fwp%2Fv2%2Fmedia&parent=628"}],"curies":[{"name":"wp","href":"https:\/\/api.w.org\/{rel}","templated":true}]}}